{"id":161930,"date":"2025-12-19T11:56:11","date_gmt":"2025-12-19T08:56:11","guid":{"rendered":"https:\/\/baldumarket.lt\/product\/amarillo-amak01-komoda-4s-orzech-zulawski-moonlight-classic\/"},"modified":"2026-04-06T18:41:49","modified_gmt":"2026-04-06T15:41:49","slug":"amarillo-amak01-komoda-4s-orzech-zulawski-moonlight-classic","status":"publish","type":"product","link":"https:\/\/baldumarket.lt\/lt\/product\/amarillo-amak01-komoda-4s-orzech-zulawski-moonlight-classic\/","title":{"rendered":"Amarillo AMAK01 &#8211; 4 stal\u010di\u0173 komoda \u017bu\u0142awski rie\u0161uto\/m\u0117nesienos klasika"},"content":{"rendered":"<p>Stilinga komoda \u201eAmarillo AMAK01\u201c \u2013 tikras perlas bet kuriame miegamajame. Eleganti\u0161kas, ta\u010diau modernus dizainas i\u0161 karto patraukia ak\u012f, tod\u0117l ji yra ne tik funkcionalus, bet ir dekoratyvus elementas. \u201e\u017bu\u0142awski Walnut\u201c spalv\u0173 gama kartu su pastelin\u0117mis \u201eMoonlight Classic\u201c spalvomis sukuria harmoning\u0105 kompozicij\u0105, suteikian\u010di\u0105 bet kokiam kambariui \u0161ilumos ir jaukumo.<\/p>\n<p>Projektuojant erdv\u0119, verta rinktis baldus, kurie pasi\u017eymi elegancija ir funkcionalumu. Komoda \u201eAmarillo\u201c su keturiais erdviais stal\u010diais suteikia daug vietos daiktams susid\u0117ti, tod\u0117l lengva palaikyti tvark\u0105. Asimetri\u0161kos aplikacijos ir ranken\u0117li\u0173 nebuvimas suteikia modernumo, pabr\u0117\u017eia minimalistin\u012f \u0161io baldo stili\u0173 ir elegancij\u0105.<\/p>\n<p>Pagaminta i\u0161 tvirt\u0173 med\u017eiag\u0173, toki\u0173 kaip laminuota plok\u0161t\u0117 ir MDF, komoda \u201eAmarillo\u201c garantuoja ilgaam\u017ei\u0161kum\u0105. Auk\u0161ta meistri\u0161kumo kokyb\u0117 akivaizdi ne tik kruop\u0161\u010diai pagamintose detal\u0117se, bet ir \u0161velnaus u\u017edarymo sistemoje, u\u017etikrinan\u010dioje patog\u0173 naudojim\u0105. Medin\u0117s buko kojel\u0117s suteikia jai lengvumo ir stabilumo poj\u016bt\u012f, tod\u0117l ji idealiai tinka ma\u017eesn\u0117ms erdv\u0117ms.<\/p>\n<p>\u201eAmarillo\u201c komoda \u201e\u017bu\u0142awski Walnut\u201c ir \u201eMoonlight Classic\u201c spalv\u0173 puikiai tiks \u012fvairiuose interjeruose \u2013 nuo eklekti\u0161ko iki vinta\u017einio, nuo bohemi\u0161ko ir skandinavi\u0161ko. Universalus dizainas leid\u017eia jai puikiai der\u0117ti beveik bet kokiam interjerui ir suteikti jai unikalaus charakterio. Ji pavers j\u016bs\u0173 miegam\u0105j\u012f tikra ramyb\u0117s ir stiliaus oaze.<\/p>","protected":false},"excerpt":{"rendered":"<p>Plotis (cm): 96<br \/>\n\u016agis (cm): 98,2<br \/>\nGylis (cm): 50<\/p>","protected":false},"featured_media":161931,"comment_status":"open","ping_status":"open","template":"","meta":[],"product_brand":[],"product_cat":[9469,1173,4107],"product_tag":[],"class_list":{"0":"post-161930","1":"product","2":"type-product","3":"status-publish","4":"has-post-thumbnail","6":"product_cat-furniture-system-amarillo-wojcik-meble","7":"product_cat-chests-of-drawers","8":"product_cat-meble-wojcik","10":"first","11":"instock","12":"purchasable","13":"product-type-simple"},"_links":{"self":[{"href":"https:\/\/baldumarket.lt\/lt\/wp-json\/wp\/v2\/product\/161930","targetHints":{"allow":["GET"]}}],"collection":[{"href":"https:\/\/baldumarket.lt\/lt\/wp-json\/wp\/v2\/product"}],"about":[{"href":"https:\/\/baldumarket.lt\/lt\/wp-json\/wp\/v2\/types\/product"}],"replies":[{"embeddable":true,"href":"https:\/\/baldumarket.lt\/lt\/wp-json\/wp\/v2\/comments?post=161930"}],"wp:featuredmedia":[{"embeddable":true,"href":"https:\/\/baldumarket.lt\/lt\/wp-json\/wp\/v2\/media\/161931"}],"wp:attachment":[{"href":"https:\/\/baldumarket.lt\/lt\/wp-json\/wp\/v2\/media?parent=161930"}],"wp:term":[{"taxonomy":"product_brand","embeddable":true,"href":"https:\/\/baldumarket.lt\/lt\/wp-json\/wp\/v2\/product_brand?post=161930"},{"taxonomy":"product_cat","embeddable":true,"href":"https:\/\/baldumarket.lt\/lt\/wp-json\/wp\/v2\/product_cat?post=161930"},{"taxonomy":"product_tag","embeddable":true,"href":"https:\/\/baldumarket.lt\/lt\/wp-json\/wp\/v2\/product_tag?post=161930"}],"curies":[{"name":"wp","href":"https:\/\/api.w.org\/{rel}","templated":true}]}}