{"id":161926,"date":"2025-12-19T11:56:03","date_gmt":"2025-12-19T08:56:03","guid":{"rendered":"https:\/\/baldumarket.lt\/product\/amarillo-amak02-szafka-nocna-2s-orzech-zulawski-moonlight-classic\/"},"modified":"2026-04-06T18:41:49","modified_gmt":"2026-04-06T15:41:49","slug":"amarillo-amak02-szafka-nocna-2s-orzech-zulawski-moonlight-classic","status":"publish","type":"product","link":"https:\/\/baldumarket.lt\/lt\/product\/amarillo-amak02-szafka-nocna-2s-orzech-zulawski-moonlight-classic\/","title":{"rendered":"Amarillo AMAK02 &#8211; Dvipusis naktinis staliukas, Zu\u0142awski rie\u0161utmedis\/Moonlight Classic"},"content":{"rendered":"<p>Projektuojant miegam\u0105j\u012f, detal\u0117s yra labai svarbios, jos papildo bendr\u0105 vaizd\u0105 ir kartu pagerina kasdien\u012f funkcionalum\u0105. \u201eAmarillo AMAK02\u201c naktinis staliukas \u201e\u017bu\u0142awski Walnut\/Moonlight Classic\u201c spalvos i\u0161 \u201eMeble W\u00f3jcik\u201c yra eleganti\u0161kas papildymas, kuris pabr\u0117\u0161 j\u016bs\u0173 miegamojo charakter\u012f. Unikalus dizainas traukia ak\u012f ir kartu si\u016blo prakti\u0161kus sprendimus.<\/p>\n<p>Be ranken\u0117li\u0173 \u012frengtas dizainas su dviem erdviais stal\u010diais, pritvirtintais prie rutulini\u0173 guoli\u0173 b\u0117geli\u0173, leid\u017eia visi\u0161kai i\u0161traukti stal\u010dius ir suteikti papildomos vietos daiktams susid\u0117ti. Nesenstanti spalv\u0173 gama, kurioje derinami \u201e\u017bu\u0142awski Walnut\u201c ir \u201eMoonlight Classic\u201c atspalviai, puikiai dera su \u012fvairiais interjero stiliais. Auk\u0161tos buko medienos kojel\u0117s yra papildomas elementas, i\u0161skiriantis \u0161\u012f bald\u0105, suteikiantis jam lengvumo ir rafinuotumo.<\/p>\n<p>\u201eAmarillo AMAK02\u201c naktinis staliukas idealiai tinka tiek vinta\u017einio stiliaus miegamiesiems, tiek moderniam eklektikos stiliui. Tai leid\u017eia efektyviai derinti tradicijas su moderniais akcentais, sukuriant harmoning\u0105 erdv\u0119. \u0160is baldas taip pat puikiai der\u0117s prie skandinavi\u0161ko ar bohemi\u0161ko stiliaus interjero, kuriame vyrauja nat\u016bralios med\u017eiagos ir prislopintos spalvos.<\/p>\n<p>Subtil\u016bs spalv\u0173 tonai ir paprasta, ta\u010diau eleganti\u0161ka spintel\u0117s forma garantuoja pla\u010dias dizaino galimybes. \u201eMeble W\u00f3jcik\u201c naktinis staliukas \u201eAmarillo AMAK02\u201c \u2013 puikus sprendimas tiems, kurie vertina estetik\u0105 ir funkcionalum\u0105. Tai ne tik baldas, bet ir dekoratyvinis elementas, praturtinsiantis j\u016bs\u0173 interjer\u0105 ir suteiksiantis jaukumo.<\/p>","protected":false},"excerpt":{"rendered":"<p>Plotis (cm): 60<br \/>\n\u016agis (cm): 57,6<br \/>\nGylis (cm): 40<\/p>","protected":false},"featured_media":161927,"comment_status":"open","ping_status":"open","template":"","meta":[],"product_brand":[],"product_cat":[9469,1176,4107],"product_tag":[],"class_list":{"0":"post-161926","1":"product","2":"type-product","3":"status-publish","4":"has-post-thumbnail","6":"product_cat-furniture-system-amarillo-wojcik-meble","7":"product_cat-bedside-tables","8":"product_cat-meble-wojcik","10":"first","11":"instock","12":"purchasable","13":"product-type-simple"},"_links":{"self":[{"href":"https:\/\/baldumarket.lt\/lt\/wp-json\/wp\/v2\/product\/161926","targetHints":{"allow":["GET"]}}],"collection":[{"href":"https:\/\/baldumarket.lt\/lt\/wp-json\/wp\/v2\/product"}],"about":[{"href":"https:\/\/baldumarket.lt\/lt\/wp-json\/wp\/v2\/types\/product"}],"replies":[{"embeddable":true,"href":"https:\/\/baldumarket.lt\/lt\/wp-json\/wp\/v2\/comments?post=161926"}],"wp:featuredmedia":[{"embeddable":true,"href":"https:\/\/baldumarket.lt\/lt\/wp-json\/wp\/v2\/media\/161927"}],"wp:attachment":[{"href":"https:\/\/baldumarket.lt\/lt\/wp-json\/wp\/v2\/media?parent=161926"}],"wp:term":[{"taxonomy":"product_brand","embeddable":true,"href":"https:\/\/baldumarket.lt\/lt\/wp-json\/wp\/v2\/product_brand?post=161926"},{"taxonomy":"product_cat","embeddable":true,"href":"https:\/\/baldumarket.lt\/lt\/wp-json\/wp\/v2\/product_cat?post=161926"},{"taxonomy":"product_tag","embeddable":true,"href":"https:\/\/baldumarket.lt\/lt\/wp-json\/wp\/v2\/product_tag?post=161926"}],"curies":[{"name":"wp","href":"https:\/\/api.w.org\/{rel}","templated":true}]}}