{"id":161920,"date":"2025-12-19T11:55:50","date_gmt":"2025-12-19T08:55:50","guid":{"rendered":"https:\/\/baldumarket.lt\/product\/amarillo-zenna-z6150-lozko-tapicerowane-160-cm-ze-stelazem-jedwabisty-bez\/"},"modified":"2026-04-06T18:41:49","modified_gmt":"2026-04-06T15:41:49","slug":"amarillo-zenna-z6150-lozko-tapicerowane-160-cm-ze-stelazem-jedwabisty-bez","status":"publish","type":"product","link":"https:\/\/baldumarket.lt\/lt\/product\/amarillo-zenna-z6150-lozko-tapicerowane-160-cm-ze-stelazem-jedwabisty-bez\/","title":{"rendered":"Amarillo Zenna Z6150 &#8211; Mink\u0161ta lova 160 cm su \u0161ilkin\u0117s sm\u0117lio spalvos r\u0117mu"},"content":{"rendered":"<p>Lova \u201eAmarillo Zenna Z6150\u201c \u2013 tai elegancijos ir komforto \u012fsik\u016bnijimas, puikiai papildantis bet kur\u012f miegam\u0105j\u012f. Subtilios, \u0161ilkin\u0117s sm\u0117lio spalvos apdaila dera su \u012fvairiais interjero dizainais, suteikdama klas\u0117s ir raminan\u010dio \u017eavesio. Rie\u0161utmed\u017eio spalvos buko kojel\u0117s suteikia nat\u016bralaus \u017eavesio, tod\u0117l ji tampa unikaliu bet kurio kambario akcentu. Stilingas galv\u016bgalis, aptrauktas mink\u0161tu aksominiu audiniu, suteikia kambariui \u0161ilt\u0105 ir jauk\u0173 poj\u016bt\u012f. Paprastumas ir nesenstantis dizainas leid\u017eia lengvai integruoti \u012fvairius dekoratyvinius akcentus, tod\u0117l tai puikus pasirinkimas tiems, kurie vertina universalum\u0105 ir estetik\u0105. Galite sukurti harmoning\u0105 erdv\u0119, kuri skatins atsipalaidavim\u0105 ir atsipalaidavim\u0105 po ilgos dienos. Lova \u201eZenna\u201c ne tik atrodo stulbinamai, bet ir yra ne\u012ftik\u0117tinai funkcionali. \u012erengta su pakeliamu r\u0117mu, ji suteikia papildomos vietos daiktams susid\u0117ti po \u010diu\u017einiu, o tai yra ne\u012ftik\u0117tinai prakti\u0161ka ir leid\u017eia efektyviai i\u0161naudoti erdv\u0119. Tai puikus sprendimas tiems, kurie vertina tvark\u0105 ir tvark\u0105.<\/p>","protected":false},"excerpt":{"rendered":"<p>Plotis (cm): 185<br \/>\n\u016agis (cm): 116<br \/>\nGylis (cm): 216<\/p>","protected":false},"featured_media":161921,"comment_status":"open","ping_status":"open","template":"","meta":[],"product_brand":[],"product_cat":[9469,505,4107],"product_tag":[],"class_list":{"0":"post-161920","1":"product","2":"type-product","3":"status-publish","4":"has-post-thumbnail","6":"product_cat-furniture-system-amarillo-wojcik-meble","7":"product_cat-bedroom-beds","8":"product_cat-meble-wojcik","10":"first","11":"instock","12":"purchasable","13":"product-type-simple"},"_links":{"self":[{"href":"https:\/\/baldumarket.lt\/lt\/wp-json\/wp\/v2\/product\/161920","targetHints":{"allow":["GET"]}}],"collection":[{"href":"https:\/\/baldumarket.lt\/lt\/wp-json\/wp\/v2\/product"}],"about":[{"href":"https:\/\/baldumarket.lt\/lt\/wp-json\/wp\/v2\/types\/product"}],"replies":[{"embeddable":true,"href":"https:\/\/baldumarket.lt\/lt\/wp-json\/wp\/v2\/comments?post=161920"}],"wp:featuredmedia":[{"embeddable":true,"href":"https:\/\/baldumarket.lt\/lt\/wp-json\/wp\/v2\/media\/161921"}],"wp:attachment":[{"href":"https:\/\/baldumarket.lt\/lt\/wp-json\/wp\/v2\/media?parent=161920"}],"wp:term":[{"taxonomy":"product_brand","embeddable":true,"href":"https:\/\/baldumarket.lt\/lt\/wp-json\/wp\/v2\/product_brand?post=161920"},{"taxonomy":"product_cat","embeddable":true,"href":"https:\/\/baldumarket.lt\/lt\/wp-json\/wp\/v2\/product_cat?post=161920"},{"taxonomy":"product_tag","embeddable":true,"href":"https:\/\/baldumarket.lt\/lt\/wp-json\/wp\/v2\/product_tag?post=161920"}],"curies":[{"name":"wp","href":"https:\/\/api.w.org\/{rel}","templated":true}]}}