{"id":161914,"date":"2025-12-19T11:55:37","date_gmt":"2025-12-19T08:55:37","guid":{"rendered":"https:\/\/baldumarket.lt\/product\/amarillo-zenna-z4150-lozko-tapicerowane-140-cm-ze-stelazem-jedwabisty-bez\/"},"modified":"2026-04-06T18:41:49","modified_gmt":"2026-04-06T15:41:49","slug":"amarillo-zenna-z4150-lozko-tapicerowane-140-cm-ze-stelazem-jedwabisty-bez","status":"publish","type":"product","link":"https:\/\/baldumarket.lt\/lt\/product\/amarillo-zenna-z4150-lozko-tapicerowane-140-cm-ze-stelazem-jedwabisty-bez\/","title":{"rendered":"Amarillo Zenna Z4150 \u2013 Mink\u0161ta lova 140 cm su \u0161ilkin\u0117s sm\u0117lio spalvos r\u0117mu"},"content":{"rendered":"<p>\u201eZenna\u201c apmu\u0161ta lova \u2013 tai komforto ir elegancijos kvintesencija, paver\u010dianti j\u016bs\u0173 miegam\u0105j\u012f i\u0161ties unikalia erdve. U\u017etenka vieno \u017evilgsnio, kad \u012fsimyl\u0117tum\u0117te subtil\u0173, \u0161ilkin\u012f sm\u0117lio spalvos atspalv\u012f, kuris harmoningai dera prie bet kokio interjero stiliaus. Su \u0161iuo unikaliu \u201eMeble W\u00f3jcik\u201c baldu \u012f savo miegam\u0105j\u012f atne\u0161kite ramyb\u0117s ir prabangos atmosfer\u0105. \u201eZenna\u201c lova pasi\u017eymi paprastu, ta\u010diau nesenstan\u010diu dizainu, kuris puikiai dera prie modernaus, klasikinio ir eklekti\u0161ko interjero. Sm\u0117lio ir rudos spalvos atspalviai sukuria universal\u0173 pagrind\u0105, leid\u017eiant\u012f lengvai integruoti madingus aksesuarus, suteikiant kambariui \u0161ilt\u0105 ir jauk\u0173 poj\u016bt\u012f. Paverskite savo miegam\u0105j\u012f oaze, kurioje gal\u0117site atsipalaiduoti ir pasikrauti j\u0117g\u0173 ateinan\u010diai dienai. Vis\u0105 lovos r\u0117m\u0105 dengiantis \u0161ilkinis aksominis audinys yra ne tik malonus liesti, bet ir ne\u012ftik\u0117tinai patvarus. Nat\u016brali buko mediena, da\u017eyta rie\u0161utmed\u017eio atspalviu, i\u0161 kurios pagamintos esteti\u0161kos kojel\u0117s, suteikia lovai tvirtumo ir klas\u0117s. D\u0117l pakeliamo r\u0117mo \u201eZenna\u201c suteikia papildomos vietos daiktams susid\u0117ti, o tai idealus sprendimas \u017emon\u0117ms, vertinantiems funkcionalum\u0105 ir tvark\u0105.<\/p>","protected":false},"excerpt":{"rendered":"<p>Plotis (cm): 165<br \/>\n\u016agis (cm): 116<br \/>\nGylis (cm): 216<\/p>","protected":false},"featured_media":161915,"comment_status":"open","ping_status":"open","template":"","meta":[],"product_brand":[],"product_cat":[9469,505,4107],"product_tag":[],"class_list":{"0":"post-161914","1":"product","2":"type-product","3":"status-publish","4":"has-post-thumbnail","6":"product_cat-furniture-system-amarillo-wojcik-meble","7":"product_cat-bedroom-beds","8":"product_cat-meble-wojcik","10":"first","11":"instock","12":"purchasable","13":"product-type-simple"},"_links":{"self":[{"href":"https:\/\/baldumarket.lt\/lt\/wp-json\/wp\/v2\/product\/161914","targetHints":{"allow":["GET"]}}],"collection":[{"href":"https:\/\/baldumarket.lt\/lt\/wp-json\/wp\/v2\/product"}],"about":[{"href":"https:\/\/baldumarket.lt\/lt\/wp-json\/wp\/v2\/types\/product"}],"replies":[{"embeddable":true,"href":"https:\/\/baldumarket.lt\/lt\/wp-json\/wp\/v2\/comments?post=161914"}],"wp:featuredmedia":[{"embeddable":true,"href":"https:\/\/baldumarket.lt\/lt\/wp-json\/wp\/v2\/media\/161915"}],"wp:attachment":[{"href":"https:\/\/baldumarket.lt\/lt\/wp-json\/wp\/v2\/media?parent=161914"}],"wp:term":[{"taxonomy":"product_brand","embeddable":true,"href":"https:\/\/baldumarket.lt\/lt\/wp-json\/wp\/v2\/product_brand?post=161914"},{"taxonomy":"product_cat","embeddable":true,"href":"https:\/\/baldumarket.lt\/lt\/wp-json\/wp\/v2\/product_cat?post=161914"},{"taxonomy":"product_tag","embeddable":true,"href":"https:\/\/baldumarket.lt\/lt\/wp-json\/wp\/v2\/product_tag?post=161914"}],"curies":[{"name":"wp","href":"https:\/\/api.w.org\/{rel}","templated":true}]}}