{"id":161908,"date":"2025-12-19T01:58:03","date_gmt":"2025-12-18T22:58:03","guid":{"rendered":"https:\/\/baldumarket.lt\/product\/brillo-b2s-biurko-2-szuflady-szare\/"},"modified":"2026-04-12T12:57:53","modified_gmt":"2026-04-12T09:57:53","slug":"brillo-b2s-biurko-2-szuflady-szare","status":"publish","type":"product","link":"https:\/\/baldumarket.lt\/lt\/product\/brillo-b2s-biurko-2-szuflady-szare\/","title":{"rendered":"Brillo B2S \u2013 Ra\u0161omasis stalas su 2 stal\u010diais, pilkas"},"content":{"rendered":"","protected":false},"excerpt":{"rendered":"<p>\u016agis (cm): 76<br \/>\nPlotis (cm): 120<br \/>\nGylis (cm): 52<\/p>","protected":false},"featured_media":161909,"comment_status":"open","ping_status":"open","template":"","meta":[],"product_brand":[],"product_cat":[9435,1237,4106],"product_tag":[],"class_list":{"0":"post-161908","1":"product","2":"type-product","3":"status-publish","4":"has-post-thumbnail","6":"product_cat-furniture-system-brillo","7":"product_cat-dressing-tables","8":"product_cat-gala-meble","10":"first","11":"instock","12":"purchasable","13":"product-type-simple"},"_links":{"self":[{"href":"https:\/\/baldumarket.lt\/lt\/wp-json\/wp\/v2\/product\/161908","targetHints":{"allow":["GET"]}}],"collection":[{"href":"https:\/\/baldumarket.lt\/lt\/wp-json\/wp\/v2\/product"}],"about":[{"href":"https:\/\/baldumarket.lt\/lt\/wp-json\/wp\/v2\/types\/product"}],"replies":[{"embeddable":true,"href":"https:\/\/baldumarket.lt\/lt\/wp-json\/wp\/v2\/comments?post=161908"}],"wp:featuredmedia":[{"embeddable":true,"href":"https:\/\/baldumarket.lt\/lt\/wp-json\/wp\/v2\/media\/161909"}],"wp:attachment":[{"href":"https:\/\/baldumarket.lt\/lt\/wp-json\/wp\/v2\/media?parent=161908"}],"wp:term":[{"taxonomy":"product_brand","embeddable":true,"href":"https:\/\/baldumarket.lt\/lt\/wp-json\/wp\/v2\/product_brand?post=161908"},{"taxonomy":"product_cat","embeddable":true,"href":"https:\/\/baldumarket.lt\/lt\/wp-json\/wp\/v2\/product_cat?post=161908"},{"taxonomy":"product_tag","embeddable":true,"href":"https:\/\/baldumarket.lt\/lt\/wp-json\/wp\/v2\/product_tag?post=161908"}],"curies":[{"name":"wp","href":"https:\/\/api.w.org\/{rel}","templated":true}]}}