{"id":161901,"date":"2025-12-19T01:57:51","date_gmt":"2025-12-18T22:57:51","guid":{"rendered":"https:\/\/baldumarket.lt\/product\/brillo-k2s2s-komoda-4-szuflady-szara\/"},"modified":"2026-04-12T12:57:45","modified_gmt":"2026-04-12T09:57:45","slug":"brillo-k2s2s-komoda-4-szuflady-szara","status":"publish","type":"product","link":"https:\/\/baldumarket.lt\/lt\/product\/brillo-k2s2s-komoda-4-szuflady-szara\/","title":{"rendered":"Brillo K2S2S \u2013 4 stal\u010di\u0173 komoda, pilka"},"content":{"rendered":"","protected":false},"excerpt":{"rendered":"<p>\u016agis (cm): 92<br \/>\nPlotis (cm): 140<br \/>\nGylis (cm): 42<\/p>","protected":false},"featured_media":161902,"comment_status":"open","ping_status":"open","template":"","meta":[],"product_brand":[],"product_cat":[9435,1173,4106],"product_tag":[],"class_list":{"0":"post-161901","1":"product","2":"type-product","3":"status-publish","4":"has-post-thumbnail","6":"product_cat-furniture-system-brillo","7":"product_cat-chests-of-drawers","8":"product_cat-gala-meble","10":"first","11":"instock","12":"purchasable","13":"product-type-simple"},"_links":{"self":[{"href":"https:\/\/baldumarket.lt\/lt\/wp-json\/wp\/v2\/product\/161901","targetHints":{"allow":["GET"]}}],"collection":[{"href":"https:\/\/baldumarket.lt\/lt\/wp-json\/wp\/v2\/product"}],"about":[{"href":"https:\/\/baldumarket.lt\/lt\/wp-json\/wp\/v2\/types\/product"}],"replies":[{"embeddable":true,"href":"https:\/\/baldumarket.lt\/lt\/wp-json\/wp\/v2\/comments?post=161901"}],"wp:featuredmedia":[{"embeddable":true,"href":"https:\/\/baldumarket.lt\/lt\/wp-json\/wp\/v2\/media\/161902"}],"wp:attachment":[{"href":"https:\/\/baldumarket.lt\/lt\/wp-json\/wp\/v2\/media?parent=161901"}],"wp:term":[{"taxonomy":"product_brand","embeddable":true,"href":"https:\/\/baldumarket.lt\/lt\/wp-json\/wp\/v2\/product_brand?post=161901"},{"taxonomy":"product_cat","embeddable":true,"href":"https:\/\/baldumarket.lt\/lt\/wp-json\/wp\/v2\/product_cat?post=161901"},{"taxonomy":"product_tag","embeddable":true,"href":"https:\/\/baldumarket.lt\/lt\/wp-json\/wp\/v2\/product_tag?post=161901"}],"curies":[{"name":"wp","href":"https:\/\/api.w.org\/{rel}","templated":true}]}}