{"id":161882,"date":"2025-12-19T01:57:19","date_gmt":"2025-12-18T22:57:19","guid":{"rendered":"https:\/\/baldumarket.lt\/product\/brillo-w1d2s-witryna-1-drzwiowa-3-szuflady-szara\/"},"modified":"2026-04-12T12:57:45","modified_gmt":"2026-04-12T09:57:45","slug":"brillo-w1d2s-witryna-1-drzwiowa-3-szuflady-szara","status":"publish","type":"product","link":"https:\/\/baldumarket.lt\/lt\/product\/brillo-w1d2s-witryna-1-drzwiowa-3-szuflady-szara\/","title":{"rendered":"\u201eBrillo W1D2S\u201c \u2013 1 dur\u0173 vitrina su 3 stal\u010diais, pilka"},"content":{"rendered":"","protected":false},"excerpt":{"rendered":"<p>\u016agis (cm): 209<br \/>\nPlotis (cm): 50<br \/>\nGylis (cm): 42<\/p>","protected":false},"featured_media":161883,"comment_status":"open","ping_status":"open","template":"","meta":[],"product_brand":[],"product_cat":[9435,4106,2006],"product_tag":[],"class_list":{"0":"post-161882","1":"product","2":"type-product","3":"status-publish","4":"has-post-thumbnail","6":"product_cat-furniture-system-brillo","7":"product_cat-gala-meble","8":"product_cat-vitrines","10":"first","11":"instock","12":"purchasable","13":"product-type-simple"},"_links":{"self":[{"href":"https:\/\/baldumarket.lt\/lt\/wp-json\/wp\/v2\/product\/161882","targetHints":{"allow":["GET"]}}],"collection":[{"href":"https:\/\/baldumarket.lt\/lt\/wp-json\/wp\/v2\/product"}],"about":[{"href":"https:\/\/baldumarket.lt\/lt\/wp-json\/wp\/v2\/types\/product"}],"replies":[{"embeddable":true,"href":"https:\/\/baldumarket.lt\/lt\/wp-json\/wp\/v2\/comments?post=161882"}],"wp:featuredmedia":[{"embeddable":true,"href":"https:\/\/baldumarket.lt\/lt\/wp-json\/wp\/v2\/media\/161883"}],"wp:attachment":[{"href":"https:\/\/baldumarket.lt\/lt\/wp-json\/wp\/v2\/media?parent=161882"}],"wp:term":[{"taxonomy":"product_brand","embeddable":true,"href":"https:\/\/baldumarket.lt\/lt\/wp-json\/wp\/v2\/product_brand?post=161882"},{"taxonomy":"product_cat","embeddable":true,"href":"https:\/\/baldumarket.lt\/lt\/wp-json\/wp\/v2\/product_cat?post=161882"},{"taxonomy":"product_tag","embeddable":true,"href":"https:\/\/baldumarket.lt\/lt\/wp-json\/wp\/v2\/product_tag?post=161882"}],"curies":[{"name":"wp","href":"https:\/\/api.w.org\/{rel}","templated":true}]}}