{"id":161848,"date":"2025-12-19T01:56:27","date_gmt":"2025-12-18T22:56:27","guid":{"rendered":"https:\/\/baldumarket.lt\/product\/frida-k3d3s-komoda-3d3s-shirin-walnut\/"},"modified":"2026-04-12T12:57:36","modified_gmt":"2026-04-12T09:57:36","slug":"frida-k3d3s-komoda-3d3s-shirin-walnut","status":"publish","type":"product","link":"https:\/\/baldumarket.lt\/lt\/product\/frida-k3d3s-komoda-3d3s-shirin-walnut\/","title":{"rendered":"Frida K3D3S \u2013 3D3S Shirin Walnut komoda"},"content":{"rendered":"<p>\u201eFrida K3D3S\u201c indauja \u201eShirin Walnut\u201c spalvos \u2013 tai tobulas elegancijos ir funkcionalumo derinys, puikiai tinkantis bet kokiam interjerui. Minimalistinis dizainas ir \u0161iltas rie\u0161uto atspalvis suteiks kambariui modernumo ir jaukumo. \u201eGa\u0142a Meble\u201c baldai garantuoja kokyb\u0119 ir d\u0117mes\u012f kiekvienai detalei.<\/p>\n<p>Akcentuotos juodos rankenos ir kojel\u0117s suteikia \u201eFrida K3D3S\u201c indaujai subtilaus rafinuotumo ir kartu harmoningai kontrastuoja su nat\u016bralia mediena. \u0160is spalv\u0173 derinys leid\u017eia indaujai lengvai \u012fsilieti \u012f \u012fvairius interjerus \u2013 nuo industrinio stiliaus loft\u0173 iki klasikinio, eleganti\u0161ko interjero.<\/p>\n<p>\u0160ios indaujas funkcionalum\u0105 \u012fvertins visi, vertinantys prakti\u0161kus sprendimus. Trys erdv\u016bs stal\u010diai ir trys spintel\u0117s su durel\u0117mis leid\u017eia patogiai laikyti \u012fvairius daiktus \u2013 nuo drabu\u017ei\u0173 iki nam\u0173 aksesuar\u0173. D\u0117l to \u201eFrida K3D3S\u201c yra ne tik stilingas dekoratyvinis elementas, bet ir prakti\u0161kas baldas, pad\u0117siantis palaikyti tvark\u0105 namuose.<\/p>\n<p>Komoda pagaminta i\u0161 patvarios laminuotos plok\u0161t\u0117s, pasi\u017eymin\u010dios dideliu atsparumu pa\u017eeidimams. D\u0117l to baldas yra ne tik esteti\u0161kai patrauklus, bet ir patvarus bei ilgaam\u017eis. Surinkimas paprastas, tod\u0117l j\u012f gali lengvai atlikti kiekvienas, net ir tas, kuris neturi pakankamai patirties surinkdamas baldus.<\/p>\n<p>Komoda \u201eFrida K3D3S Shirin Walnut\u201c \u2013 tai pasirinkimas tiems, kurie vertina funkcionalumo ir elegancijos derin\u012f. Tai idealus pasirinkimas tiek svetainei, tiek miegamajam, tiek biurui, suteikiantis prakti\u0161kos vietos daiktams susid\u0117ti ir pabr\u0117\u017eiantis unikal\u0173 interjero charakter\u012f.<\/p>","protected":false},"excerpt":{"rendered":"<p>Plotis (cm): 135<br \/>\n\u016agis (cm): 86<br \/>\nGylis (cm): 40<\/p>","protected":false},"featured_media":161849,"comment_status":"open","ping_status":"open","template":"","meta":[],"product_brand":[],"product_cat":[9452,1173,4106],"product_tag":[],"class_list":{"0":"post-161848","1":"product","2":"type-product","3":"status-publish","4":"has-post-thumbnail","6":"product_cat-furniture-system-frida-gala-meble","7":"product_cat-chests-of-drawers","8":"product_cat-gala-meble","10":"first","11":"instock","12":"purchasable","13":"product-type-simple"},"_links":{"self":[{"href":"https:\/\/baldumarket.lt\/lt\/wp-json\/wp\/v2\/product\/161848","targetHints":{"allow":["GET"]}}],"collection":[{"href":"https:\/\/baldumarket.lt\/lt\/wp-json\/wp\/v2\/product"}],"about":[{"href":"https:\/\/baldumarket.lt\/lt\/wp-json\/wp\/v2\/types\/product"}],"replies":[{"embeddable":true,"href":"https:\/\/baldumarket.lt\/lt\/wp-json\/wp\/v2\/comments?post=161848"}],"wp:featuredmedia":[{"embeddable":true,"href":"https:\/\/baldumarket.lt\/lt\/wp-json\/wp\/v2\/media\/161849"}],"wp:attachment":[{"href":"https:\/\/baldumarket.lt\/lt\/wp-json\/wp\/v2\/media?parent=161848"}],"wp:term":[{"taxonomy":"product_brand","embeddable":true,"href":"https:\/\/baldumarket.lt\/lt\/wp-json\/wp\/v2\/product_brand?post=161848"},{"taxonomy":"product_cat","embeddable":true,"href":"https:\/\/baldumarket.lt\/lt\/wp-json\/wp\/v2\/product_cat?post=161848"},{"taxonomy":"product_tag","embeddable":true,"href":"https:\/\/baldumarket.lt\/lt\/wp-json\/wp\/v2\/product_tag?post=161848"}],"curies":[{"name":"wp","href":"https:\/\/api.w.org\/{rel}","templated":true}]}}