{"id":161840,"date":"2025-12-19T01:56:12","date_gmt":"2025-12-18T22:56:12","guid":{"rendered":"https:\/\/baldumarket.lt\/product\/frida-k3sw-komoda-3-szuflady-shirin-walnut\/"},"modified":"2026-04-12T12:57:36","modified_gmt":"2026-04-12T09:57:36","slug":"frida-k3sw-komoda-3-szuflady-shirin-walnut","status":"publish","type":"product","link":"https:\/\/baldumarket.lt\/lt\/product\/frida-k3sw-komoda-3-szuflady-shirin-walnut\/","title":{"rendered":"Frida K3SW \u2013 komoda su 3 stal\u010diais, Shirin Walnut"},"content":{"rendered":"<p>\u201eFrida K3SW\u201c \u2013 tai komoda, kuri bet kokiam interjerui suteikia elegancijos ir funkcionalumo. Unikalus dizainas su \u201eShirin Walnut\u201c apdaila puikiai dera prie \u012fvairi\u0173 interjero stili\u0173 \u2013 nuo modernaus iki klasikinio. Juodos kojel\u0117s ir ranken\u0117l\u0117s suteikia elegancijos, tod\u0117l ji i\u0161siskiria bet kuriame kambaryje.<\/p>\n<p>\u0160i trij\u0173 stal\u010di\u0173 komoda yra ne tik esteti\u0161kai patraukli, bet ir prakti\u0161ka. D\u0117l subalansuoto auk\u0161\u010dio ir kompakti\u0161k\u0173 matmen\u0173 \u201eFrida K3SW\u201c puikiai tinka tiek svetain\u0117ms, tiek miegamiesiems, tiek koridoriams. Stal\u010diai suteikia daug vietos daiktams susid\u0117ti, pad\u0117dami palaikyti tvark\u0105 ir organizuotum\u0105 namuose.<\/p>\n<p>Pagaminta i\u0161 patvarios laminuotos plok\u0161t\u0117s, komoda \u201eFrida K3SW\u201c yra atspari pa\u017eeidimams ir lengvai valoma. Laminuota apdaila i\u0161ry\u0161kina nat\u016bral\u0173 \u201eShirin Walnut\u201c medienos gro\u017e\u012f, suteikdama \u0161ilumos ir jaukumo bet kokiam interjerui. Be to, juodi kra\u0161tai suteikia modernumo, tod\u0117l tai puikus sprendimas tiems, kurie vertina stili\u0173 ir funkcionalum\u0105.<\/p>\n<p>Surink\u0119 \u201eFrida K3SW\u201c komod\u0105, pajusite rank\u0173 darbo pasitenkinim\u0105 ir kartu papuo\u0161ite savo interjer\u0105 prakti\u0161ku bei ne\u012ftik\u0117tinai stilingu baldu. Surinkimas paprastas ir intuityvus, tod\u0117l netrukus gal\u0117site m\u0117gautis nauju savo nam\u0173 papildymu. Nelaukite \u2013 u\u017esisakykite savo \u201eFrida\u201c jau \u0161iandien ir suteikite savo gyvenimui elegancijos!<\/p>","protected":false},"excerpt":{"rendered":"<p>Plotis (cm): 47,5<br \/>\n\u016agis (cm): 95<br \/>\nGylis (cm): 40<\/p>","protected":false},"featured_media":161841,"comment_status":"open","ping_status":"open","template":"","meta":[],"product_brand":[],"product_cat":[9452,1173,4106],"product_tag":[],"class_list":{"0":"post-161840","1":"product","2":"type-product","3":"status-publish","4":"has-post-thumbnail","6":"product_cat-furniture-system-frida-gala-meble","7":"product_cat-chests-of-drawers","8":"product_cat-gala-meble","10":"first","11":"instock","12":"purchasable","13":"product-type-simple"},"_links":{"self":[{"href":"https:\/\/baldumarket.lt\/lt\/wp-json\/wp\/v2\/product\/161840","targetHints":{"allow":["GET"]}}],"collection":[{"href":"https:\/\/baldumarket.lt\/lt\/wp-json\/wp\/v2\/product"}],"about":[{"href":"https:\/\/baldumarket.lt\/lt\/wp-json\/wp\/v2\/types\/product"}],"replies":[{"embeddable":true,"href":"https:\/\/baldumarket.lt\/lt\/wp-json\/wp\/v2\/comments?post=161840"}],"wp:featuredmedia":[{"embeddable":true,"href":"https:\/\/baldumarket.lt\/lt\/wp-json\/wp\/v2\/media\/161841"}],"wp:attachment":[{"href":"https:\/\/baldumarket.lt\/lt\/wp-json\/wp\/v2\/media?parent=161840"}],"wp:term":[{"taxonomy":"product_brand","embeddable":true,"href":"https:\/\/baldumarket.lt\/lt\/wp-json\/wp\/v2\/product_brand?post=161840"},{"taxonomy":"product_cat","embeddable":true,"href":"https:\/\/baldumarket.lt\/lt\/wp-json\/wp\/v2\/product_cat?post=161840"},{"taxonomy":"product_tag","embeddable":true,"href":"https:\/\/baldumarket.lt\/lt\/wp-json\/wp\/v2\/product_tag?post=161840"}],"curies":[{"name":"wp","href":"https:\/\/api.w.org\/{rel}","templated":true}]}}