{"id":161837,"date":"2025-12-19T01:56:07","date_gmt":"2025-12-18T22:56:07","guid":{"rendered":"https:\/\/baldumarket.lt\/product\/frida-l160-lozko-ze-stelazem-160x200-cm-shirin-walnut\/"},"modified":"2026-04-12T12:57:36","modified_gmt":"2026-04-12T09:57:36","slug":"frida-l160-lozko-ze-stelazem-160x200-cm-shirin-walnut","status":"publish","type":"product","link":"https:\/\/baldumarket.lt\/lt\/product\/frida-l160-lozko-ze-stelazem-160x200-cm-shirin-walnut\/","title":{"rendered":"Frida L160 &#8211; Lova su r\u0117mu 160&#215;200 cm, Shirin rie\u0161uto spalvos"},"content":{"rendered":"<p>\u201eGa\u0142a Meble\u201c \u201eFrida L160\u201c lova \u2013 tai tobulas elegancijos ir funkcionalumo derinys, suteikiantis bet kuriam miegamajam modernumo ir stiliaus. \u0160i lova, apdailinta \u201eShirin Walnut\u201c mediena, pasi\u017eymi nat\u016braliu, \u0161iltu atspalviu, kuris puikiai dera su \u012fvairiais interjero dizaino elementais. Stilinga laminuotos plok\u0161t\u0117s apdaila pabr\u0117\u017eia jos unikal\u0173 charakter\u012f, suteikdama bet kuriam miegamajam jaukumo ir esteti\u0161kumo.<\/p>\n<p>Lova \u201eFrida L160\u201c yra ne tik gra\u017eus baldas, bet ir tikrai prakti\u0161kas sprendimas bet kuriai \u0161eimai. Miegamojo pavir\u0161iaus matmenys \u2013 160 \u00d7 200 cm, tod\u0117l ji suteikia pakankamai vietos patogiam ir atpalaiduojan\u010diam nakties miegui. Pridedamas medinis r\u0117mas garantuoja tvirtum\u0105 ir ilgaam\u017ei\u0161kum\u0105, tod\u0117l \u0161i lova yra ilgalaik\u0117 investicija.<\/p>\n<p>Lovos \u201eFrida L160\u201c gamybai naudojamos auk\u0161\u010diausios kokyb\u0117s med\u017eiagos, u\u017etikrinan\u010dios atsparum\u0105 pa\u017eeidimams ir ilgaam\u017ei\u0161kum\u0105. Laminuota plok\u0161t\u0117, naudojama tiek r\u0117mui, tiek lovos priekiui, pasi\u017eymi ne tik patrauklia i\u0161vaizda, bet ir i\u0161skirtiniu patvarumu. Auk\u0161tos kokyb\u0117s meistri\u0161kumas u\u017etikrina, kad \u0161is baldas d\u017eiugins ak\u012f ir tarnaus daugel\u012f met\u0173, i\u0161laikydamas eleganti\u0161k\u0105 i\u0161vaizd\u0105.<\/p>\n<p>Lova sukurta savaranki\u0161kam surinkimui, tod\u0117l j\u0105 galima greitai ir lengvai surinkti namuose. Tai idealus sprendimas tiems, kurie vertina nepriklausomyb\u0119 ir pasitenkinim\u0105 kurdami savo erdv\u0119. Galimyb\u0117 \u012fsigyti patog\u0173 \u010diu\u017ein\u012f suteikia papildomo lankstumo, pritaikant lov\u0105 individualiems naudotojo poreikiams.<\/p>\n<p>I\u0161sirinkite \u201eGa\u0142a Meble\u201c \u201eFrida L160\u201c lov\u0105 ir m\u0117gaukit\u0117s i\u0161skirtiniu komfortu bei estetika, kuri sukurs unikali\u0105 atmosfer\u0105 j\u016bs\u0173 miegamajame. Investuokite \u012f bald\u0105, kuris apjungia eleganti\u0161k\u0105 dizain\u0105, funkcionalum\u0105 ir patvarum\u0105, sukurdamas tobul\u0105 viet\u0105 poilsiui ir atsipalaidavimui.<\/p>","protected":false},"excerpt":{"rendered":"<p>Plotis (cm): 170,5<br \/>\n\u016agis (cm): 100<br \/>\nGylis (cm): 208<\/p>","protected":false},"featured_media":161838,"comment_status":"open","ping_status":"open","template":"","meta":[],"product_brand":[],"product_cat":[9452,505,4106],"product_tag":[],"class_list":{"0":"post-161837","1":"product","2":"type-product","3":"status-publish","4":"has-post-thumbnail","6":"product_cat-furniture-system-frida-gala-meble","7":"product_cat-bedroom-beds","8":"product_cat-gala-meble","10":"first","11":"instock","12":"purchasable","13":"product-type-simple"},"_links":{"self":[{"href":"https:\/\/baldumarket.lt\/lt\/wp-json\/wp\/v2\/product\/161837","targetHints":{"allow":["GET"]}}],"collection":[{"href":"https:\/\/baldumarket.lt\/lt\/wp-json\/wp\/v2\/product"}],"about":[{"href":"https:\/\/baldumarket.lt\/lt\/wp-json\/wp\/v2\/types\/product"}],"replies":[{"embeddable":true,"href":"https:\/\/baldumarket.lt\/lt\/wp-json\/wp\/v2\/comments?post=161837"}],"wp:featuredmedia":[{"embeddable":true,"href":"https:\/\/baldumarket.lt\/lt\/wp-json\/wp\/v2\/media\/161838"}],"wp:attachment":[{"href":"https:\/\/baldumarket.lt\/lt\/wp-json\/wp\/v2\/media?parent=161837"}],"wp:term":[{"taxonomy":"product_brand","embeddable":true,"href":"https:\/\/baldumarket.lt\/lt\/wp-json\/wp\/v2\/product_brand?post=161837"},{"taxonomy":"product_cat","embeddable":true,"href":"https:\/\/baldumarket.lt\/lt\/wp-json\/wp\/v2\/product_cat?post=161837"},{"taxonomy":"product_tag","embeddable":true,"href":"https:\/\/baldumarket.lt\/lt\/wp-json\/wp\/v2\/product_tag?post=161837"}],"curies":[{"name":"wp","href":"https:\/\/api.w.org\/{rel}","templated":true}]}}