{"id":161833,"date":"2025-12-19T01:55:58","date_gmt":"2025-12-18T22:55:58","guid":{"rendered":"https:\/\/baldumarket.lt\/product\/frida-rtv2d1s-komoda-rtv-2d1s-shirin-walnut\/"},"modified":"2026-04-12T12:57:36","modified_gmt":"2026-04-12T09:57:36","slug":"frida-rtv2d1s-komoda-rtv-2d1s-shirin-walnut","status":"publish","type":"product","link":"https:\/\/baldumarket.lt\/lt\/product\/frida-rtv2d1s-komoda-rtv-2d1s-shirin-walnut\/","title":{"rendered":"Frida RTV2D1S &#8211; RTV 2D1S Shirin Walnut komoda"},"content":{"rendered":"<p>\u201eFrida RTV2D1S\u201c \u2013 eleganti\u0161ka televizoriaus spintel\u0117, kuri puikiai tiks bet kokiam moderniam interjerui. Jos korpusas ir fasadai, pagaminti i\u0161 laminuotos \u201eShirin Walnut\u201c spalvos plok\u0161t\u0117s, yra ir funkcional\u016bs, ir stilingi. \u0160i spalva suteikia interjerui \u0161ilumos ir nat\u016bralaus \u017eavesio, harmoningai dera su \u012fvairiais interjero stiliais.<\/p>\n<p>\u201eRTV2D1S Shirin Walnut\u201c spintel\u0117s funkcionalumas neprilygstamas. D\u0117l vieno erdvaus stal\u010diaus, atviros ni\u0161os ir dviej\u0173 pasl\u0117pt\u0173 lentyn\u0173 u\u017e dureli\u0173 galite lengvai laikyti visus svarbiausius televizoriaus priedus. Juodos plastikin\u0117s kojel\u0117s ir rankenos suteikia modernumo, tuo pa\u010diu kontrastuodamos su \u0161ilta spintel\u0117s spalva.<\/p>\n<p>\u0160io baldo prakti\u0161kumas taip pat akivaizdus d\u0117l lengvo surinkimo \u2013 spintel\u0117 sukurta taip, kad j\u0105 b\u016bt\u0173 galima surinkti savaranki\u0161kai, tod\u0117l j\u0105 galite greitai ir lengvai surinkti. 12 cm auk\u0161\u010dio kojel\u0117s leid\u017eia lengvai valyti po spintele, o tai neabejotinas privalumas kasdien naudojant.<\/p>\n<p>D\u0117l laminuotos plok\u0161t\u0117s naudojimo \u201eFrida\u201c televizoriaus staliukas yra atsparus pa\u017eeidimams ir lengvai pri\u017ei\u016brimas. Juodi kra\u0161tai suteikia papildomo rafinuotumo, subtiliai i\u0161ry\u0161kindami unikal\u0173 dizain\u0105. \u0160is staliukas puikiai tinka visiems, kurie vertina estetikos ir funkcionalumo derin\u012f.<\/p>\n<p>Pasirinkdami \u201eFrida RTV2D1S\u201c stov\u0105, investuojate \u012f auk\u0161tos kokyb\u0117s bald\u0105, kuris tarnaus ilgus metus ir suteiks j\u016bs\u0173 interjerui elegancijos bei modernumo. Tai puikus sprendimas tiems, kurie vertina stili\u0173 ir prakti\u0161kus interjero dizaino sprendimus.<\/p>","protected":false},"excerpt":{"rendered":"<p>Plotis (cm): 179<br \/>\n\u016agis (cm): 68<br \/>\nGylis (cm): 40<\/p>","protected":false},"featured_media":161834,"comment_status":"open","ping_status":"open","template":"","meta":[],"product_brand":[],"product_cat":[9452,1173,4106],"product_tag":[],"class_list":{"0":"post-161833","1":"product","2":"type-product","3":"status-publish","4":"has-post-thumbnail","6":"product_cat-furniture-system-frida-gala-meble","7":"product_cat-chests-of-drawers","8":"product_cat-gala-meble","10":"first","11":"instock","12":"purchasable","13":"product-type-simple"},"_links":{"self":[{"href":"https:\/\/baldumarket.lt\/lt\/wp-json\/wp\/v2\/product\/161833","targetHints":{"allow":["GET"]}}],"collection":[{"href":"https:\/\/baldumarket.lt\/lt\/wp-json\/wp\/v2\/product"}],"about":[{"href":"https:\/\/baldumarket.lt\/lt\/wp-json\/wp\/v2\/types\/product"}],"replies":[{"embeddable":true,"href":"https:\/\/baldumarket.lt\/lt\/wp-json\/wp\/v2\/comments?post=161833"}],"wp:featuredmedia":[{"embeddable":true,"href":"https:\/\/baldumarket.lt\/lt\/wp-json\/wp\/v2\/media\/161834"}],"wp:attachment":[{"href":"https:\/\/baldumarket.lt\/lt\/wp-json\/wp\/v2\/media?parent=161833"}],"wp:term":[{"taxonomy":"product_brand","embeddable":true,"href":"https:\/\/baldumarket.lt\/lt\/wp-json\/wp\/v2\/product_brand?post=161833"},{"taxonomy":"product_cat","embeddable":true,"href":"https:\/\/baldumarket.lt\/lt\/wp-json\/wp\/v2\/product_cat?post=161833"},{"taxonomy":"product_tag","embeddable":true,"href":"https:\/\/baldumarket.lt\/lt\/wp-json\/wp\/v2\/product_tag?post=161833"}],"curies":[{"name":"wp","href":"https:\/\/api.w.org\/{rel}","templated":true}]}}