{"id":161828,"date":"2025-12-19T01:55:48","date_gmt":"2025-12-18T22:55:48","guid":{"rendered":"https:\/\/baldumarket.lt\/product\/frida-rtv2d2s-komoda-rtv-2d2s-shirin-walnut\/"},"modified":"2026-04-12T12:57:36","modified_gmt":"2026-04-12T09:57:36","slug":"frida-rtv2d2s-komoda-rtv-2d2s-shirin-walnut","status":"publish","type":"product","link":"https:\/\/baldumarket.lt\/lt\/product\/frida-rtv2d2s-komoda-rtv-2d2s-shirin-walnut\/","title":{"rendered":"Frida RTV2D2S &#8211; RTV 2D2S Shirin Walnut komoda"},"content":{"rendered":"<p>\u201eFrida RTV2D2S\u201c televizoriaus staliukas su \u201eShirin Walnut\u201c spalva \u2013 puikus pasirinkimas tiems, kurie vertina elegancij\u0105 ir funkcionalum\u0105. Modernus dizainas, padengtas tamsia rie\u0161utmed\u017eio spalva, sukuria \u0161ilt\u0105 ir jauki\u0105 atmosfer\u0105. Neutralios, ta\u010diau eleganti\u0161kos spalvos puikiai tinka \u012fvairiems interjero dizainams ir suteikia subtil\u0173 fon\u0105 kitiems dekoratyviniams elementams. Gerai apgalvotas dizainas si\u016blo prakti\u0161kus sprendimus bet kuriai svetainei. Staliukas turi du erdvius stal\u010dius ir lentynas, pasl\u0117ptas u\u017e dureli\u0173, tod\u0117l galite lengvai laikyti visus b\u016btiniausius televizoriaus priedus ir kitus smulkius daiktus. Juodos rankenos ir kojel\u0117s suteikia elegancijos, pabr\u0117\u017eiant modern\u0173 charakter\u012f. \u201eFrida\u201c televizoriaus staliuko estetika slypi ne tik jo dizaine, bet ir tvirtoje konstrukcijoje. Laminuota plok\u0161t\u0117, i\u0161 kurios jis pagamintas, yra labai atspari pa\u017eeidimams, u\u017etikrinanti ilgalaik\u012f patvarum\u0105. Juodos detal\u0117s, tokios kaip kra\u0161tai, rankenos ir kojel\u0117s, sukuria darni\u0105 ir harmoning\u0105 i\u0161vaizd\u0105, puikiai papildydamos rie\u0161utmed\u017eio korpus\u0105.<\/p>","protected":false},"excerpt":{"rendered":"<p>Plotis (cm): 179<br \/>\n\u016agis (cm): 68<br \/>\nGylis (cm): 40<\/p>","protected":false},"featured_media":161829,"comment_status":"open","ping_status":"open","template":"","meta":[],"product_brand":[],"product_cat":[9452,1173,4106],"product_tag":[],"class_list":{"0":"post-161828","1":"product","2":"type-product","3":"status-publish","4":"has-post-thumbnail","6":"product_cat-furniture-system-frida-gala-meble","7":"product_cat-chests-of-drawers","8":"product_cat-gala-meble","10":"first","11":"instock","12":"purchasable","13":"product-type-simple"},"_links":{"self":[{"href":"https:\/\/baldumarket.lt\/lt\/wp-json\/wp\/v2\/product\/161828","targetHints":{"allow":["GET"]}}],"collection":[{"href":"https:\/\/baldumarket.lt\/lt\/wp-json\/wp\/v2\/product"}],"about":[{"href":"https:\/\/baldumarket.lt\/lt\/wp-json\/wp\/v2\/types\/product"}],"replies":[{"embeddable":true,"href":"https:\/\/baldumarket.lt\/lt\/wp-json\/wp\/v2\/comments?post=161828"}],"wp:featuredmedia":[{"embeddable":true,"href":"https:\/\/baldumarket.lt\/lt\/wp-json\/wp\/v2\/media\/161829"}],"wp:attachment":[{"href":"https:\/\/baldumarket.lt\/lt\/wp-json\/wp\/v2\/media?parent=161828"}],"wp:term":[{"taxonomy":"product_brand","embeddable":true,"href":"https:\/\/baldumarket.lt\/lt\/wp-json\/wp\/v2\/product_brand?post=161828"},{"taxonomy":"product_cat","embeddable":true,"href":"https:\/\/baldumarket.lt\/lt\/wp-json\/wp\/v2\/product_cat?post=161828"},{"taxonomy":"product_tag","embeddable":true,"href":"https:\/\/baldumarket.lt\/lt\/wp-json\/wp\/v2\/product_tag?post=161828"}],"curies":[{"name":"wp","href":"https:\/\/api.w.org\/{rel}","templated":true}]}}