{"id":161824,"date":"2025-12-19T01:55:41","date_gmt":"2025-12-18T22:55:41","guid":{"rendered":"https:\/\/baldumarket.lt\/product\/frida-s1d-bielizniarka-1-drzwiowa-shirin-walnut\/"},"modified":"2026-04-12T12:57:26","modified_gmt":"2026-04-12T09:57:26","slug":"frida-s1d-bielizniarka-1-drzwiowa-shirin-walnut","status":"publish","type":"product","link":"https:\/\/baldumarket.lt\/lt\/product\/frida-s1d-bielizniarka-1-drzwiowa-shirin-walnut\/","title":{"rendered":"Frida S1D &#8211; Shirin Walnut 1 dur\u0173 apatinio trikota\u017eo komoda"},"content":{"rendered":"<p>\u201eFrida S1D\u201c patalyn\u0117s spinta yra eleganti\u0161kas bet kokio interjero papildymas. Nat\u016brali, \u0161ilta \u201eShirin Walnut\u201c spalva traukia ak\u012f, suteikdama kambariui jaukumo ir harmoningumo. Subtilus, ta\u010diau modernus dizainas puikiai papildys tiek klasikin\u012f, tiek \u0161iuolaikin\u012f interjer\u0105.<\/p>\n<p>Patalyn\u0117s spintos priekis ir korpusas pagaminti i\u0161 pa\u017eeidimams atsparios laminuotos plok\u0161t\u0117s, kuri yra labai patvari ir lengvai pri\u017ei\u016brima. Harmoninga, vienoda spalv\u0173 gama suteikia \u201eFrida S1D\u201c spintai unikali\u0105 estetik\u0105, o juodos plastikin\u0117s rankenos ir kojel\u0117s suteikia unikal\u0173 charakter\u012f ir modern\u0173 prisilietim\u0105.<\/p>\n<p>\u0160is funkcionalus baldas puikiai tinka miegamajam, prie\u0161kambariui ar persirengimo kambariui. Keturios erdvios lentynos leid\u017eia patraukliai ir prakti\u0161kai laikyti patalyn\u0119, drabu\u017eius ir kitus smulkius daiktus. Tinkamo auk\u0161\u010dio kojel\u0117s (12 cm) palengvina valym\u0105 po spintele ir suteikia bendram dizainui lengvumo.<\/p>\n<p>\u201eFrida S1D\u201c yra ne tik esteti\u0161kai patrauklus, bet ir patogus. Baldai sukurti taip, kad juos b\u016bt\u0173 galima surinkti savaranki\u0161kai, tod\u0117l galite pasitenkinti kurdami savo erdv\u0119. Surinkimas paprastas, o kruop\u0161\u010diai suprojektuoti komponentai ir intuityvios instrukcijos leid\u017eia greitai ir be vargo atlikti vis\u0105 proces\u0105.<\/p>\n<p>\u201eFrida S1D\u201c patalyn\u0117s spinta \u201eShirin Walnut\u201c spalvos \u2013 puikus pasirinkimas, kuris j\u016bs\u0173 interjerui suteiks stiliaus, funkcionalumo ir jaukumo. \u0160is baldas derina modernum\u0105 su klasikiniu \u017eavesiu, tapdamas ne tik prakti\u0161ku baldu, bet ir ry\u0161kiu bet kuri\u0173 nam\u0173 akcentu.<\/p>","protected":false},"excerpt":{"rendered":"<p>Plotis (cm): 47,5<br \/>\n\u016agis (cm): 185<br \/>\nGylis (cm): 40<\/p>","protected":false},"featured_media":161825,"comment_status":"open","ping_status":"open","template":"","meta":[],"product_brand":[],"product_cat":[9452,1173,4106],"product_tag":[],"class_list":{"0":"post-161824","1":"product","2":"type-product","3":"status-publish","4":"has-post-thumbnail","6":"product_cat-furniture-system-frida-gala-meble","7":"product_cat-chests-of-drawers","8":"product_cat-gala-meble","10":"first","11":"instock","12":"purchasable","13":"product-type-simple"},"_links":{"self":[{"href":"https:\/\/baldumarket.lt\/lt\/wp-json\/wp\/v2\/product\/161824","targetHints":{"allow":["GET"]}}],"collection":[{"href":"https:\/\/baldumarket.lt\/lt\/wp-json\/wp\/v2\/product"}],"about":[{"href":"https:\/\/baldumarket.lt\/lt\/wp-json\/wp\/v2\/types\/product"}],"replies":[{"embeddable":true,"href":"https:\/\/baldumarket.lt\/lt\/wp-json\/wp\/v2\/comments?post=161824"}],"wp:featuredmedia":[{"embeddable":true,"href":"https:\/\/baldumarket.lt\/lt\/wp-json\/wp\/v2\/media\/161825"}],"wp:attachment":[{"href":"https:\/\/baldumarket.lt\/lt\/wp-json\/wp\/v2\/media?parent=161824"}],"wp:term":[{"taxonomy":"product_brand","embeddable":true,"href":"https:\/\/baldumarket.lt\/lt\/wp-json\/wp\/v2\/product_brand?post=161824"},{"taxonomy":"product_cat","embeddable":true,"href":"https:\/\/baldumarket.lt\/lt\/wp-json\/wp\/v2\/product_cat?post=161824"},{"taxonomy":"product_tag","embeddable":true,"href":"https:\/\/baldumarket.lt\/lt\/wp-json\/wp\/v2\/product_tag?post=161824"}],"curies":[{"name":"wp","href":"https:\/\/api.w.org\/{rel}","templated":true}]}}