{"id":161820,"date":"2025-12-19T01:55:33","date_gmt":"2025-12-18T22:55:33","guid":{"rendered":"https:\/\/baldumarket.lt\/product\/frida-s2d-szafa-2-drzwiowa-shirin-walnut\/"},"modified":"2026-04-12T12:57:26","modified_gmt":"2026-04-12T09:57:26","slug":"frida-s2d-szafa-2-drzwiowa-shirin-walnut","status":"publish","type":"product","link":"https:\/\/baldumarket.lt\/lt\/product\/frida-s2d-szafa-2-drzwiowa-shirin-walnut\/","title":{"rendered":"Frida S2D \u2013 Shirin rie\u0161uto spalvos dviej\u0173 dur\u0173 spinta"},"content":{"rendered":"<p>Leiskite jums b\u016bti su\u017eav\u0117tam \u201eGa\u0142a Meble\u201c spintos \u201eFrida S2D\u201c elegancijos ir modernaus stiliaus. Gra\u017ei \u201eShirin Walnut\u201c spalva dera su juodomis kojel\u0117mis ir rankenomis, sukurdama unikali\u0105 kompozicij\u0105, kuri suteiks j\u016bs\u0173 interjerui rafinuoto charakterio. Tai puikus pasirinkimas tiems, kurie vertina elegancij\u0105 kartu su funkcionalumu.<\/p>\n<p>Drabu\u017ein\u0117 \u201eFrida S2D\u201c pasi\u017eymi paprasta forma ir rafinuotu stiliumi, puikiai deran\u010diu tiek su moderniu, tiek su klasikiniu interjeru. **\u201eShirin Walnut\u201c** \u2013 tai atspalvis, kuris bet kuriam kambariui suteiks \u0161ilumos ir jaukumo. Laminuotos plok\u0161t\u0117s, i\u0161 kuri\u0173 pagaminta drabu\u017ein\u0117, u\u017etikrina patvarum\u0105 ir atsparum\u0105 pa\u017eeidimams, tod\u0117l \u0161is baldas tarnaus ilgus metus.<\/p>\n<p>Kasdienis \u201eFrida\u201c spintos naudojimas \u2013 tikras malonumas. Viduje rasite pertvar\u0105 ir keturias lentynas \u0161onuose, kurios pad\u0117s jums sutvarkyti erdv\u0119 pagal savo poreikius. Tai daro spint\u0105 ne tik stiling\u0105, bet ir ne\u012ftik\u0117tinai prakti\u0161k\u0105. 12 cm auk\u0161\u010dio kojel\u0117s suteikia jai lengvumo ir modernumo.<\/p>\n<p>Spintos \u201eFrida S2D\u201c surinkimas yra paprastas. Savaranki\u0161kas surinkimas ne tik sutaupo pinig\u0173, bet ir suteikia pasitenkinim\u0105, lyg bald\u0105 surinkote patys. Juodos plastikin\u0117s rankenos ir kojel\u0117s yra ne tik stilingos, bet ir patvarios bei patogios naudoti. Rinkit\u0117s **modern\u0173** dizain\u0105 ir funkcionalum\u0105, kur\u012f si\u016blo spinta \u201eFrida S2D\u201c, ir m\u0117gaukit\u0117s puikiai sutvarkytu interjeru.<\/p>\n<p>Investuokite \u012f \u201eGa\u0142a Meble\u201c \u201eFrida S2D\u201c spint\u0105 ir pakeiskite savo namus. \u0160is baldas sujungia gro\u017e\u012f, **modernum\u0105** ir naudojimo paprastum\u0105, patenkindamas net reikliausi\u0173 klient\u0173 l\u016bkes\u010dius. Su \u201eFrida\u201c kiekviena akimirka, praleista namuose, taps dar ypatingesn\u0117.<\/p>","protected":false},"excerpt":{"rendered":"<p>Plotis (cm): 91<br \/>\n\u016agis (cm): 185<br \/>\nGylis (cm): 40<\/p>","protected":false},"featured_media":161821,"comment_status":"open","ping_status":"open","template":"","meta":[],"product_brand":[],"product_cat":[9452,4106,1177],"product_tag":[],"class_list":{"0":"post-161820","1":"product","2":"type-product","3":"status-publish","4":"has-post-thumbnail","6":"product_cat-furniture-system-frida-gala-meble","7":"product_cat-gala-meble","8":"product_cat-wardrobes","10":"first","11":"instock","12":"purchasable","13":"product-type-simple"},"_links":{"self":[{"href":"https:\/\/baldumarket.lt\/lt\/wp-json\/wp\/v2\/product\/161820","targetHints":{"allow":["GET"]}}],"collection":[{"href":"https:\/\/baldumarket.lt\/lt\/wp-json\/wp\/v2\/product"}],"about":[{"href":"https:\/\/baldumarket.lt\/lt\/wp-json\/wp\/v2\/types\/product"}],"replies":[{"embeddable":true,"href":"https:\/\/baldumarket.lt\/lt\/wp-json\/wp\/v2\/comments?post=161820"}],"wp:featuredmedia":[{"embeddable":true,"href":"https:\/\/baldumarket.lt\/lt\/wp-json\/wp\/v2\/media\/161821"}],"wp:attachment":[{"href":"https:\/\/baldumarket.lt\/lt\/wp-json\/wp\/v2\/media?parent=161820"}],"wp:term":[{"taxonomy":"product_brand","embeddable":true,"href":"https:\/\/baldumarket.lt\/lt\/wp-json\/wp\/v2\/product_brand?post=161820"},{"taxonomy":"product_cat","embeddable":true,"href":"https:\/\/baldumarket.lt\/lt\/wp-json\/wp\/v2\/product_cat?post=161820"},{"taxonomy":"product_tag","embeddable":true,"href":"https:\/\/baldumarket.lt\/lt\/wp-json\/wp\/v2\/product_tag?post=161820"}],"curies":[{"name":"wp","href":"https:\/\/api.w.org\/{rel}","templated":true}]}}