{"id":161816,"date":"2025-12-19T01:55:25","date_gmt":"2025-12-18T22:55:25","guid":{"rendered":"https:\/\/baldumarket.lt\/product\/frida-s2d1s-szafa-2-drzwiowa-1-szuflada-shirin-walnut\/"},"modified":"2026-04-12T12:57:26","modified_gmt":"2026-04-12T09:57:26","slug":"frida-s2d1s-szafa-2-drzwiowa-1-szuflada-shirin-walnut","status":"publish","type":"product","link":"https:\/\/baldumarket.lt\/lt\/product\/frida-s2d1s-szafa-2-drzwiowa-1-szuflada-shirin-walnut\/","title":{"rendered":"Frida S2D1S \u2013 Dviej\u0173 dur\u0173 ir vieno stal\u010diaus spinta, Shirin rie\u0161uto spalvos"},"content":{"rendered":"<p>\u012esigykite spint\u0105 savo interjerui, kurioje ne tik tilps visi j\u016bs\u0173 daiktai, bet ir suteiks charakterio bet kuriam kambariui. \u201eFrida S2D1S\u201c spinta \u201eShirin Walnut\u201c spalvos \u2013 tai tobulas modernaus stiliaus ir klasikin\u0117s elegancijos derinys. Kruop\u0161\u010diai sukurta taip, kad der\u0117t\u0173 prie \u012fvairi\u0173 interjero dizain\u0173, tai unikalus baldas, kuris tikrai patrauks ak\u012f.<\/p>\n<p>\u0160i dviej\u0173 dur\u0173, vieno stal\u010diaus spinta pasi\u017eymi ne tik esteti\u0161kai patraukliomis savyb\u0117mis, bet ir prakti\u0161kais daikt\u0173 laikymo sprendimais. Prabangi \u201eShirin Walnut\u201c apdaila suteikia \u0161ilt\u0105 ir jauki\u0105 atmosfer\u0105 bet kurioje erdv\u0117je. Juodos rankenos ir kojel\u0117s subtiliai perjungia monochromatin\u0119 spalv\u0173 gam\u0105, suteikdamos modernumo.<\/p>\n<p>Erdvumas yra vienas pagrindini\u0173 \u0161ios spintos privalum\u0173. Optimal\u016bs matmenys: plotis 91 cm, auk\u0161tis 185 cm ir gylis 50,5 cm, tod\u0117l ji puikiai tinka bet kokiam miegamajam ar prie\u0161kambariui. D\u0117l gerai apgalvoto dizaino spinta u\u017etikrina lengv\u0105 prieig\u0105 prie vidaus, palengvina drabu\u017ei\u0173 ir kit\u0173 kasdieni\u0173 daikt\u0173 sutvarkym\u0105.<\/p>\n<p>Tvirta laminuotos plok\u0161t\u0117s konstrukcija garantuoja ilgaam\u017ei\u0161kum\u0105 ir atsparum\u0105 pa\u017eeidimams, tod\u0117l \u201eFrida S2D1S\u201c spinta tarnaus jums ilgus metus. Surinkimo procesas yra paprastas ir nereikalauja joki\u0173 profesionali\u0173 \u012franki\u0173, tod\u0117l galite greitai ir lengvai m\u0117gautis nauju baldu. Rinkit\u0117s funkcionalum\u0105 ir estetik\u0105 \u2013 i\u0161sirinkite \u201eFrida S2D1S\u201c spint\u0105 ir pakeiskite savo interjer\u0105 jau \u0161iandien!<\/p>","protected":false},"excerpt":{"rendered":"<p>Plotis (cm): 91<br \/>\n\u016agis (cm): 185<br \/>\nGylis (cm): 50,5<\/p>","protected":false},"featured_media":161817,"comment_status":"open","ping_status":"open","template":"","meta":[],"product_brand":[],"product_cat":[9452,4106,1177],"product_tag":[],"class_list":{"0":"post-161816","1":"product","2":"type-product","3":"status-publish","4":"has-post-thumbnail","6":"product_cat-furniture-system-frida-gala-meble","7":"product_cat-gala-meble","8":"product_cat-wardrobes","10":"first","11":"instock","12":"purchasable","13":"product-type-simple"},"_links":{"self":[{"href":"https:\/\/baldumarket.lt\/lt\/wp-json\/wp\/v2\/product\/161816","targetHints":{"allow":["GET"]}}],"collection":[{"href":"https:\/\/baldumarket.lt\/lt\/wp-json\/wp\/v2\/product"}],"about":[{"href":"https:\/\/baldumarket.lt\/lt\/wp-json\/wp\/v2\/types\/product"}],"replies":[{"embeddable":true,"href":"https:\/\/baldumarket.lt\/lt\/wp-json\/wp\/v2\/comments?post=161816"}],"wp:featuredmedia":[{"embeddable":true,"href":"https:\/\/baldumarket.lt\/lt\/wp-json\/wp\/v2\/media\/161817"}],"wp:attachment":[{"href":"https:\/\/baldumarket.lt\/lt\/wp-json\/wp\/v2\/media?parent=161816"}],"wp:term":[{"taxonomy":"product_brand","embeddable":true,"href":"https:\/\/baldumarket.lt\/lt\/wp-json\/wp\/v2\/product_brand?post=161816"},{"taxonomy":"product_cat","embeddable":true,"href":"https:\/\/baldumarket.lt\/lt\/wp-json\/wp\/v2\/product_cat?post=161816"},{"taxonomy":"product_tag","embeddable":true,"href":"https:\/\/baldumarket.lt\/lt\/wp-json\/wp\/v2\/product_tag?post=161816"}],"curies":[{"name":"wp","href":"https:\/\/api.w.org\/{rel}","templated":true}]}}