{"id":161812,"date":"2025-12-19T01:55:18","date_gmt":"2025-12-18T22:55:18","guid":{"rendered":"https:\/\/baldumarket.lt\/product\/frida-s3d-szafa-3-drzwiowa-shirin-walnut\/"},"modified":"2026-04-12T12:57:26","modified_gmt":"2026-04-12T09:57:26","slug":"frida-s3d-szafa-3-drzwiowa-shirin-walnut","status":"publish","type":"product","link":"https:\/\/baldumarket.lt\/lt\/product\/frida-s3d-szafa-3-drzwiowa-shirin-walnut\/","title":{"rendered":"Frida S3D &#8211; Shirin rie\u0161utmed\u017eio 3 dur\u0173 spinta"},"content":{"rendered":"<p>Atraskite nepaprast\u0105 elegancij\u0105 ir funkcionalum\u0105 su garsaus prek\u0117s \u017eenklo \u201eGa\u0142a Meble\u201c \u201eFrida S3D\u201c spinta *Shirin Walnut* spalvos. \u0160i trij\u0173 dur\u0173 spinta \u2013 puikus sprendimas tiems, kurie vertina klasikin\u012f dizain\u0105 ir modernius akcentus. D\u0117l harmoningo med\u017eio atspalvi\u0173 ir juodos apdailos derinio \u201eFrida S3D\u201c spinta suteiks j\u016bs\u0173 interjerui unikalaus stiliaus ir subtilios elegancijos.<\/p>\n<p>Pagaminta i\u0161 auk\u0161tos kokyb\u0117s laminuotos plok\u0161t\u0117s, \u201eFrida S3D\u201c spinta pasi\u017eymi ne tik estetiniu patrauklumu, bet ir i\u0161skirtiniu patvarumu. Atsparumas pa\u017eeidimams ir \u012fbr\u0117\u017eimams u\u017etikrina, kad ji daugel\u012f met\u0173 atrodyt\u0173 kaip nauja. Eleganti\u0161ka \u201eShirin Walnut\u201c spalva puikiai dera prie \u012fvairi\u0173 interjero dizain\u0173, suteikia \u0161ilumos ir charakterio.<\/p>\n<p>Drabu\u017ein\u0117 \u201eFrida S3D\u201c ne tik atrodo gra\u017eiai, bet ir yra itin prakti\u0161ka. Interjeras sukurtas atsi\u017evelgiant \u012f maksimal\u0173 funkcionalum\u0105 \u2013 joje yra penkios erdvios lentynos ir drabu\u017ei\u0173 kabykla. Tai leid\u017eia lengvai palaikyti tvark\u0105 ir tur\u0117ti visus b\u016btiniausius daiktus po ranka. 201 cm auk\u0161\u010dio ir 135 cm plo\u010dio spinta talpina daug drabu\u017ei\u0173 ir aksesuar\u0173, puikiai tinkanti bet kokiam kambariui.<\/p>\n<p>Juodos plastikin\u0117s rankenos ir kojel\u0117s suteikia modernumo ir palengvina kasdien\u012f naudojim\u0105. 12 cm auk\u0161\u010dio kojel\u0117s u\u017etikrina stabilum\u0105 ir lengv\u0105, pakelt\u0105 i\u0161vaizd\u0105, tod\u0117l baldas dar labiau vizualiai patrauklus. Surinkimas paprastas ir intuityvus, tod\u0117l j\u012f galite greitai ir lengvai surinkti patys.<\/p>\n<p>\u201eFrida S3D\u201c \u2013 puikus pasirinkimas bet kokiam miegamajam, prie\u0161kambariui ar persirengimo kambariui. Harmoningas dizainas ir auk\u0161tas funkcionalumas patenkins net ir i\u0161rankiausi\u0173 klient\u0173 l\u016bkes\u010dius. Pasinerkite \u012f prabangos prisilietim\u0105 ir paverskite savo interjer\u0105 jaukia bei stilinga erdve.<\/p>","protected":false},"excerpt":{"rendered":"<p>Plotis (cm): 135<br \/>\n\u016agis (cm): 201<br \/>\nGylis (cm): 50,5<\/p>","protected":false},"featured_media":161813,"comment_status":"open","ping_status":"open","template":"","meta":[],"product_brand":[],"product_cat":[9452,4106,1177],"product_tag":[],"class_list":{"0":"post-161812","1":"product","2":"type-product","3":"status-publish","4":"has-post-thumbnail","6":"product_cat-furniture-system-frida-gala-meble","7":"product_cat-gala-meble","8":"product_cat-wardrobes","10":"first","11":"instock","12":"purchasable","13":"product-type-simple"},"_links":{"self":[{"href":"https:\/\/baldumarket.lt\/lt\/wp-json\/wp\/v2\/product\/161812","targetHints":{"allow":["GET"]}}],"collection":[{"href":"https:\/\/baldumarket.lt\/lt\/wp-json\/wp\/v2\/product"}],"about":[{"href":"https:\/\/baldumarket.lt\/lt\/wp-json\/wp\/v2\/types\/product"}],"replies":[{"embeddable":true,"href":"https:\/\/baldumarket.lt\/lt\/wp-json\/wp\/v2\/comments?post=161812"}],"wp:featuredmedia":[{"embeddable":true,"href":"https:\/\/baldumarket.lt\/lt\/wp-json\/wp\/v2\/media\/161813"}],"wp:attachment":[{"href":"https:\/\/baldumarket.lt\/lt\/wp-json\/wp\/v2\/media?parent=161812"}],"wp:term":[{"taxonomy":"product_brand","embeddable":true,"href":"https:\/\/baldumarket.lt\/lt\/wp-json\/wp\/v2\/product_brand?post=161812"},{"taxonomy":"product_cat","embeddable":true,"href":"https:\/\/baldumarket.lt\/lt\/wp-json\/wp\/v2\/product_cat?post=161812"},{"taxonomy":"product_tag","embeddable":true,"href":"https:\/\/baldumarket.lt\/lt\/wp-json\/wp\/v2\/product_tag?post=161812"}],"curies":[{"name":"wp","href":"https:\/\/api.w.org\/{rel}","templated":true}]}}