{"id":161808,"date":"2025-12-19T01:55:10","date_gmt":"2025-12-18T22:55:10","guid":{"rendered":"https:\/\/baldumarket.lt\/product\/frida-sn-szafka-nocna-2-szuflady-shirin-walnut\/"},"modified":"2026-04-12T12:57:26","modified_gmt":"2026-04-12T09:57:26","slug":"frida-sn-szafka-nocna-2-szuflady-shirin-walnut","status":"publish","type":"product","link":"https:\/\/baldumarket.lt\/lt\/product\/frida-sn-szafka-nocna-2-szuflady-shirin-walnut\/","title":{"rendered":"Frida SN \u2013 Naktinis staliukas su 2 stal\u010diais, Shirin rie\u0161uto spalvos"},"content":{"rendered":"<p>Atraskite neprilygstam\u0105 elegancij\u0105 ir funkcionalum\u0105 su \u201eGa\u0142a Meble\u201c naktiniu staliuku \u201eFrida SN\u201c. \u0160is unikalus baldas, apdailintas \u201eShirin Walnut\u201c rie\u0161uto spalva, yra stilingas akcentas, puikiai papildantis tiek modern\u0173, tiek klasikin\u012f interjer\u0105. Juodos kojel\u0117s ir rankenos sukuria kontrast\u0105, suteikdamos visam baldui rafinuot\u0105 charakter\u012f.<\/p>\n<p>\u201eFrida SN\u201c naktinis staliukas yra daugiau nei tik gra\u017eus. Dviejuose prakti\u0161kuose stal\u010diuose jis suteikia daug vietos j\u016bs\u0173 asmeniniams aksesuarams, knygoms ar kitiems smulkiems daiktams, kuriuos norite laikyti po ranka. \u012erengtas vidus padeda i\u0161laikyti tvark\u0105, o tvirta laminato konstrukcija u\u017etikrina patvarum\u0105 ir atsparum\u0105 pa\u017eeidimams.<\/p>\n<p>\u201eFrida SN\u201c naktinio stalelio dizainas derina modernum\u0105 ir funkcionalum\u0105, tod\u0117l jis puikiai tinka bet kuriam miegamajam. \u0160ilti \u201eShirin Walnut\u201c medienos atspalviai suteikia j\u016bs\u0173 interjerui nat\u016bralumo ir sukuria jauki\u0105 atmosfer\u0105. Kruop\u0161\u010diai suprojektuotos detal\u0117s, tokios kaip juodi kra\u0161tai, pabr\u0117\u017eia kiekvieno elemento d\u0117mes\u012f detal\u0117ms.<\/p>\n<p>Surinkti \u201eFrida SN\u201c naktin\u012f staliuk\u0105 pa\u010diam yra paprasta ir malonu. Ai\u0161kios instrukcijos leid\u017eia j\u012f lengvai surinkti akimirksniu. Tai puikus sprendimas tiems, kurie kasdieniame gyvenime vertina komfort\u0105 ir kokyb\u0119. \u012esirenkite \u0161\u012f unikal\u0173 bald\u0105 savo miegamajame ir m\u0117gaukit\u0117s jo neprilygstama estetika ir prakti\u0161kumu daugel\u012f met\u0173.<\/p>","protected":false},"excerpt":{"rendered":"<p>Plotis (cm): 47,5<br \/>\n\u016agis (cm): 68<br \/>\nGylis (cm): 40<\/p>","protected":false},"featured_media":161809,"comment_status":"open","ping_status":"open","template":"","meta":[],"product_brand":[],"product_cat":[9452,1176,4106],"product_tag":[],"class_list":{"0":"post-161808","1":"product","2":"type-product","3":"status-publish","4":"has-post-thumbnail","6":"product_cat-furniture-system-frida-gala-meble","7":"product_cat-bedside-tables","8":"product_cat-gala-meble","10":"first","11":"instock","12":"purchasable","13":"product-type-simple"},"_links":{"self":[{"href":"https:\/\/baldumarket.lt\/lt\/wp-json\/wp\/v2\/product\/161808","targetHints":{"allow":["GET"]}}],"collection":[{"href":"https:\/\/baldumarket.lt\/lt\/wp-json\/wp\/v2\/product"}],"about":[{"href":"https:\/\/baldumarket.lt\/lt\/wp-json\/wp\/v2\/types\/product"}],"replies":[{"embeddable":true,"href":"https:\/\/baldumarket.lt\/lt\/wp-json\/wp\/v2\/comments?post=161808"}],"wp:featuredmedia":[{"embeddable":true,"href":"https:\/\/baldumarket.lt\/lt\/wp-json\/wp\/v2\/media\/161809"}],"wp:attachment":[{"href":"https:\/\/baldumarket.lt\/lt\/wp-json\/wp\/v2\/media?parent=161808"}],"wp:term":[{"taxonomy":"product_brand","embeddable":true,"href":"https:\/\/baldumarket.lt\/lt\/wp-json\/wp\/v2\/product_brand?post=161808"},{"taxonomy":"product_cat","embeddable":true,"href":"https:\/\/baldumarket.lt\/lt\/wp-json\/wp\/v2\/product_cat?post=161808"},{"taxonomy":"product_tag","embeddable":true,"href":"https:\/\/baldumarket.lt\/lt\/wp-json\/wp\/v2\/product_tag?post=161808"}],"curies":[{"name":"wp","href":"https:\/\/api.w.org\/{rel}","templated":true}]}}