{"id":161804,"date":"2025-12-19T01:55:02","date_gmt":"2025-12-18T22:55:02","guid":{"rendered":"https:\/\/baldumarket.lt\/product\/frida-w1-polka-wiszaca-2d-shirin-walnut\/"},"modified":"2026-04-12T12:57:26","modified_gmt":"2026-04-12T09:57:26","slug":"frida-w1-polka-wiszaca-2d-shirin-walnut","status":"publish","type":"product","link":"https:\/\/baldumarket.lt\/lt\/product\/frida-w1-polka-wiszaca-2d-shirin-walnut\/","title":{"rendered":"Frida W1 \u2013 2D Shirin rie\u0161utmed\u017eio pakabinama lentyna"},"content":{"rendered":"<p>Atraskite elegancij\u0105 ir funkcionalum\u0105 su pakabinama lentyna \u201eFrida W1\u201c i\u0161 garsaus \u201eGa\u0142a Meble\u201c prek\u0117s \u017eenklo. \u0160is modelis, apdailintas stilinga \u201eShirin Walnut\u201c spalva, puikiai tinka moderniam interjerui, suteikdamas jaukumo ir rafinuotumo. Nat\u016bral\u016bs rie\u0161utmed\u017eio atspalviai suteikia jaukumo ir harmoningumo poj\u016bt\u012f, o juodos ranken\u0117l\u0117s pabr\u0117\u017eia modern\u0173 baldo charakter\u012f.<\/p>\n<p>\u201eFrida W1\u201c lentynos dizainas traukia ak\u012f ir suteikia unikalumo bet kuriam kambariui. Laminuota plok\u0161t\u0117, i\u0161 kurios pagaminta lentyna, yra ne tik patvari, bet ir atspari pa\u017eeidimams, u\u017etikrinanti ilgalaik\u012f naudojim\u0105. Juodi kra\u0161tai ir stilingos plastikin\u0117s rankenos suteikia lentynai modern\u0173 vaizd\u0105, kuris neabejotinai papildys daugelio nam\u0173 tendencijas.<\/p>\n<p>\u201eFrida W1\u201c lentyna leid\u017eia lengvai sutvarkyti erdv\u0119, i\u0161laikant stili\u0173 ir elegancij\u0105. 179 cm plo\u010dio lentyna suteikia daug vietos knygoms, dekoracijoms ar kitiems smulkiems daiktams, suteikdama j\u016bs\u0173 svetainei, miegamajam ar biurui asmeni\u0161kumo. Surinkimas toks paprastas, kad galite lengvai tai padaryti patys ir i\u0161 karto d\u017eiaugtis rezultatais.<\/p>\n<p>\u201eFrida W1\u201c yra daugiau nei lentyna \u2013 tai elementas, kuris j\u016bs\u0173 interjerui suteikia ne tik funkcionalumo, bet ir stiliaus. Ji puikiai dera su kitais tos pa\u010dios kolekcijos baldais, sukurdama darn\u0173 interjero dizain\u0105. Pasitik\u0117kite tokiais preki\u0173 \u017eenklais kaip \u201eGa\u0142a Meble\u201c, kurie derina auk\u0161tos kokyb\u0117s meistri\u0161kum\u0105 su moderniu dizainu, kurdami ne tik funkcionalius, bet ir gra\u017eius baldus.<\/p>","protected":false},"excerpt":{"rendered":"<p>Plotis (cm): 179<br \/>\n\u016agis (cm): 30<br \/>\nGylis (cm): 29,5<\/p>","protected":false},"featured_media":161805,"comment_status":"open","ping_status":"open","template":"","meta":[],"product_brand":[],"product_cat":[9452,4106,1174],"product_tag":[],"class_list":{"0":"post-161804","1":"product","2":"type-product","3":"status-publish","4":"has-post-thumbnail","6":"product_cat-furniture-system-frida-gala-meble","7":"product_cat-gala-meble","8":"product_cat-hanging-shelves","10":"first","11":"instock","12":"purchasable","13":"product-type-simple"},"_links":{"self":[{"href":"https:\/\/baldumarket.lt\/lt\/wp-json\/wp\/v2\/product\/161804","targetHints":{"allow":["GET"]}}],"collection":[{"href":"https:\/\/baldumarket.lt\/lt\/wp-json\/wp\/v2\/product"}],"about":[{"href":"https:\/\/baldumarket.lt\/lt\/wp-json\/wp\/v2\/types\/product"}],"replies":[{"embeddable":true,"href":"https:\/\/baldumarket.lt\/lt\/wp-json\/wp\/v2\/comments?post=161804"}],"wp:featuredmedia":[{"embeddable":true,"href":"https:\/\/baldumarket.lt\/lt\/wp-json\/wp\/v2\/media\/161805"}],"wp:attachment":[{"href":"https:\/\/baldumarket.lt\/lt\/wp-json\/wp\/v2\/media?parent=161804"}],"wp:term":[{"taxonomy":"product_brand","embeddable":true,"href":"https:\/\/baldumarket.lt\/lt\/wp-json\/wp\/v2\/product_brand?post=161804"},{"taxonomy":"product_cat","embeddable":true,"href":"https:\/\/baldumarket.lt\/lt\/wp-json\/wp\/v2\/product_cat?post=161804"},{"taxonomy":"product_tag","embeddable":true,"href":"https:\/\/baldumarket.lt\/lt\/wp-json\/wp\/v2\/product_tag?post=161804"}],"curies":[{"name":"wp","href":"https:\/\/api.w.org\/{rel}","templated":true}]}}