{"id":161800,"date":"2025-12-19T01:54:54","date_gmt":"2025-12-18T22:54:54","guid":{"rendered":"https:\/\/baldumarket.lt\/product\/frida-w1d-witryna-1-drzwiowa-shirin-walnut\/"},"modified":"2026-04-12T12:57:26","modified_gmt":"2026-04-12T09:57:26","slug":"frida-w1d-witryna-1-drzwiowa-shirin-walnut","status":"publish","type":"product","link":"https:\/\/baldumarket.lt\/lt\/product\/frida-w1d-witryna-1-drzwiowa-shirin-walnut\/","title":{"rendered":"Frida W1D \u2013 Shirin rie\u0161utmed\u017eio 1 dur\u0173 vitrina"},"content":{"rendered":"<p>\u201eGa\u0142a Meble\u201c vitrina \u201eFrida W1D\u201c \u2013 eleganti\u0161kas ir funkcionalus sprendimas j\u016bs\u0173 interjerui. \u201eShirin Walnut\u201c spalva, dengianti tiek korpus\u0105, tiek priekin\u0119 dal\u012f, sukuria \u0161ilt\u0105 ir jauk\u0173 vaizd\u0105, puikiai tinkant\u012f modernaus interjero svetain\u0117ms ir valgomiesiems. Vitrina puikiai dera su \u012fvairiomis spalv\u0173 palet\u0117mis, suteikdama rafinuot\u0105 akcent\u0105 bet kurioje erdv\u0117je.<\/p>\n<p>Unikalus \u201eFrida W1D\u201c vitrinos dizainas traukia ak\u012f d\u0117l juod\u0173 kojeli\u0173 ir ranken\u0173, kurios suteikia charakterio ir modernaus stiliaus. Auk\u0161tos kokyb\u0117s laminuotos plok\u0161t\u0117s ir plastiko derinys daro vitrin\u0105 ne tik esteti\u0161kai patraukli\u0105, bet ir patvari\u0105 bei atspari\u0105 pa\u017eeidimams. Tai tobulas formos ir funkcijos derinys, kuris tikrai patenkins net ir reikliausi\u0173 vartotoj\u0173 l\u016bkes\u010dius.<\/p>\n<p>\u201eFrida W1D\u201c vitrinos funkcionalumas puikiai tinka \u012fvairi\u0173 daikt\u0173 laikymui ir eksponavimui. Viduje rasite tris erdvias lentynas, kuriose yra daug vietos knygoms, dekoracijoms ir stalo \u012frankiams. Nor\u0117dami sustiprinti atmosfer\u0105 ir suteikti elegancijos, galite \u012fsigyti LED ap\u0161vietim\u0105, kuris subtiliai ap\u0161vie\u010dia laikomus daiktus.<\/p>\n<p>\u201eFrida W1D\u201c vitrin\u0105 lengva surinkti. Gerai parengtos instrukcijos u\u017etikrina, kad surinkimas b\u016bt\u0173 be vargo, tod\u0117l gal\u0117site greitai m\u0117gautis nauju savo nam\u0173 papildymu. 12 cm auk\u0161\u010dio kojel\u0117s suteikia visam baldui lengvumo ir subtilumo, kartu u\u017etikrindamos konstrukcijos stabilum\u0105. D\u0117l to \u201eFrida W1D\u201c vitrina puikiai tinka moderniam ir funkcionaliam interjerui.<\/p>","protected":false},"excerpt":{"rendered":"<p>Plotis (cm): 47,5<br \/>\n\u016agis (cm): 185<br \/>\nGylis (cm): 40<\/p>","protected":false},"featured_media":161801,"comment_status":"open","ping_status":"open","template":"","meta":[],"product_brand":[],"product_cat":[9452,4106,2006],"product_tag":[],"class_list":{"0":"post-161800","1":"product","2":"type-product","3":"status-publish","4":"has-post-thumbnail","6":"product_cat-furniture-system-frida-gala-meble","7":"product_cat-gala-meble","8":"product_cat-vitrines","10":"first","11":"instock","12":"purchasable","13":"product-type-simple"},"_links":{"self":[{"href":"https:\/\/baldumarket.lt\/lt\/wp-json\/wp\/v2\/product\/161800","targetHints":{"allow":["GET"]}}],"collection":[{"href":"https:\/\/baldumarket.lt\/lt\/wp-json\/wp\/v2\/product"}],"about":[{"href":"https:\/\/baldumarket.lt\/lt\/wp-json\/wp\/v2\/types\/product"}],"replies":[{"embeddable":true,"href":"https:\/\/baldumarket.lt\/lt\/wp-json\/wp\/v2\/comments?post=161800"}],"wp:featuredmedia":[{"embeddable":true,"href":"https:\/\/baldumarket.lt\/lt\/wp-json\/wp\/v2\/media\/161801"}],"wp:attachment":[{"href":"https:\/\/baldumarket.lt\/lt\/wp-json\/wp\/v2\/media?parent=161800"}],"wp:term":[{"taxonomy":"product_brand","embeddable":true,"href":"https:\/\/baldumarket.lt\/lt\/wp-json\/wp\/v2\/product_brand?post=161800"},{"taxonomy":"product_cat","embeddable":true,"href":"https:\/\/baldumarket.lt\/lt\/wp-json\/wp\/v2\/product_cat?post=161800"},{"taxonomy":"product_tag","embeddable":true,"href":"https:\/\/baldumarket.lt\/lt\/wp-json\/wp\/v2\/product_tag?post=161800"}],"curies":[{"name":"wp","href":"https:\/\/api.w.org\/{rel}","templated":true}]}}