{"id":161796,"date":"2025-12-19T01:54:46","date_gmt":"2025-12-18T22:54:46","guid":{"rendered":"https:\/\/baldumarket.lt\/product\/frida-w2d-witryna-2-drzwiowa-shirin-walnut\/"},"modified":"2026-04-12T12:57:26","modified_gmt":"2026-04-12T09:57:26","slug":"frida-w2d-witryna-2-drzwiowa-shirin-walnut","status":"publish","type":"product","link":"https:\/\/baldumarket.lt\/lt\/product\/frida-w2d-witryna-2-drzwiowa-shirin-walnut\/","title":{"rendered":"Frida W2D &#8211; Shirin rie\u0161utmed\u017eio 2 dur\u0173 vitrina"},"content":{"rendered":"<p>\u201eGa\u0142a Meble\u201c vitrina \u201eFrida W2D\u201c \u2013 tai elegancijos ir modernaus stiliaus kvintesencija, puikiai papildanti bet kok\u012f interjer\u0105. Pagaminta i\u0161 patvarios laminuotos plok\u0161t\u0117s ir nuda\u017eyta sodriu, \u0161iltu \u201eShirin Walnut\u201c rie\u0161uto atspalviu, prabangi i\u0161vaizda i\u0161 karto patraukia ak\u012f. Juodos rankenos ir kojel\u0117s sukuria ry\u0161k\u0173, ta\u010diau harmoning\u0105 kontrast\u0105, suteikdamos modernistinio \u017eavesio.<\/p>\n<p>\u201eFrida W2D\u201c vitrina yra ne tik gra\u017ei, bet ir funkcionali. Ji puikiai tinka kaip vitrina svetain\u0117je, biure ar valgomajame, pad\u0117dama jums eksponuoti m\u0117gstamiausius daiktus, knygas ar dekoracijas. Auk\u0161tos lentynos u\u017etikrina didel\u0119 talp\u0105 daiktams susid\u0117ti, tod\u0117l daikt\u0173 laikymas tampa dar lengvesnis. Papildomai pasirenkamas LED ap\u0161vietimas gali dar labiau sustiprinti eleganti\u0161k\u0105 interjer\u0105 ir sukurti subtil\u0173, atmosferin\u012f ap\u0161vietim\u0105.<\/p>\n<p>\u201eFrida W2D\u201c vitrinos stilius ir elegancija priklauso ne tik nuo puiki\u0173 med\u017eiag\u0173, bet ir nuo d\u0117mesio smulkiausioms detal\u0117ms. Puiki apdaila, atspar\u016bs pa\u017eeidimams juodi kra\u0161tai ir pa\u017eangiausios gamybos technologijos u\u017etikrina, kad \u0161is baldas tarnaus ilgus metus ir i\u0161laikys savo patrauklum\u0105. Modernios, 12 cm auk\u0161\u010dio juodos plastikin\u0117s kojel\u0117s suteikia visai konstrukcijai lengvumo ir stabilumo.<\/p>\n<p>\u201eFrida W2D\u201c vitrina yra paprasta ir intuityvi surinkti, tod\u0117l j\u0105 lengvai gali surinkti kiekvienas. Tai baldas, kuris puikiai der\u0117s prie \u012fvairi\u0173 interjer\u0173, suteikdamas bet kuriai erdvei klas\u0117s ir rafinuotumo. Pasirink\u0119 \u201eFrida\u201c, gausite ne tik prakti\u0161kus daikt\u0173 laikymo sprendimus, bet ir unikal\u0173 dekoratyvin\u012f element\u0105, kuris tikrai prad\u017eiugins visus j\u016bs\u0173 sve\u010dius.<\/p>","protected":false},"excerpt":{"rendered":"<p>Plotis (cm): 91<br \/>\n\u016agis (cm): 185<br \/>\nGylis (cm): 40<\/p>","protected":false},"featured_media":161797,"comment_status":"open","ping_status":"open","template":"","meta":[],"product_brand":[],"product_cat":[9452,4106,2006],"product_tag":[],"class_list":{"0":"post-161796","1":"product","2":"type-product","3":"status-publish","4":"has-post-thumbnail","6":"product_cat-furniture-system-frida-gala-meble","7":"product_cat-gala-meble","8":"product_cat-vitrines","10":"first","11":"instock","12":"purchasable","13":"product-type-simple"},"_links":{"self":[{"href":"https:\/\/baldumarket.lt\/lt\/wp-json\/wp\/v2\/product\/161796","targetHints":{"allow":["GET"]}}],"collection":[{"href":"https:\/\/baldumarket.lt\/lt\/wp-json\/wp\/v2\/product"}],"about":[{"href":"https:\/\/baldumarket.lt\/lt\/wp-json\/wp\/v2\/types\/product"}],"replies":[{"embeddable":true,"href":"https:\/\/baldumarket.lt\/lt\/wp-json\/wp\/v2\/comments?post=161796"}],"wp:featuredmedia":[{"embeddable":true,"href":"https:\/\/baldumarket.lt\/lt\/wp-json\/wp\/v2\/media\/161797"}],"wp:attachment":[{"href":"https:\/\/baldumarket.lt\/lt\/wp-json\/wp\/v2\/media?parent=161796"}],"wp:term":[{"taxonomy":"product_brand","embeddable":true,"href":"https:\/\/baldumarket.lt\/lt\/wp-json\/wp\/v2\/product_brand?post=161796"},{"taxonomy":"product_cat","embeddable":true,"href":"https:\/\/baldumarket.lt\/lt\/wp-json\/wp\/v2\/product_cat?post=161796"},{"taxonomy":"product_tag","embeddable":true,"href":"https:\/\/baldumarket.lt\/lt\/wp-json\/wp\/v2\/product_tag?post=161796"}],"curies":[{"name":"wp","href":"https:\/\/api.w.org\/{rel}","templated":true}]}}