{"id":161792,"date":"2025-12-19T01:54:38","date_gmt":"2025-12-18T22:54:38","guid":{"rendered":"https:\/\/baldumarket.lt\/product\/front-zmywarki-45-cm-d45fzn-langen-beige\/"},"modified":"2026-02-06T13:41:51","modified_gmt":"2026-02-06T10:41:51","slug":"front-zmywarki-45-cm-d45fzn-langen-beige","status":"publish","type":"product","link":"https:\/\/baldumarket.lt\/lt\/product\/front-zmywarki-45-cm-d45fzn-langen-beige\/","title":{"rendered":"Indaplov\u0117s priekis 45 cm D45FZN Langen Beige"},"content":{"rendered":"<p>Atraskite elegancij\u0105 ir modernum\u0105 su garsaus lenk\u0173 prek\u0117s \u017eenklo \u201eGa\u0142a Meble\u201c matin\u0117s sm\u0117lio spalvos indaplov\u0117s priekiu D45FZN Langen. \u0160is patrauklus priekis ne tik papildys j\u016bs\u0173 virtuv\u0117s dizain\u0105, bet ir suteiks harmoning\u0105, subtili\u0105 estetik\u0105. Matinis sm\u0117lio spalvos atspalvis gra\u017eiai dera su daugeliu interjero spalv\u0173, suteikdamas gylio ir ramyb\u0117s. Tai leid\u017eia m\u0117gautis madingu ir funkcionaliu apdailu, atitinkan\u010diu \u0161iuolaikines dizaino tendencijas.<\/p>\n<p>Kai \u201eGa\u0142a Meble\u201c dizaineriai sujung\u0117 estetik\u0105 su funkcionalumu, efektas buvo kone magi\u0161kas. \u0160i auk\u0161tos kokyb\u0117s MDF priekin\u0117 dalis paver\u010dia bet kuri\u0105 indaplov\u0119 neatsiejama j\u016bs\u0173 virtuv\u0117s dekoro dalimi. Ji ne tik atrodo stulbinamai, bet ir atlaiko kasdien\u012f naudojim\u0105, u\u017etikrindama ilgamet\u012f tarnavim\u0105. Priekin\u0119 dal\u012f lengva valyti, tod\u0117l j\u016bs\u0173 virtuv\u0117 visada i\u0161liks tvarkinga ir stilinga.<\/p>\n<p>Elegancija ir funkcionalumas dera su juodo metalo rankenomis, kurios suteikia rafinuotumo. Kruop\u0161\u010diai suprojektuotos rankenos ne tik palengvina indaplov\u0117s atidarym\u0105 ir u\u017edarym\u0105, bet ir sustiprina modern\u0173 interjero charakter\u012f. Tvirta konstrukcija u\u017etikrina patog\u0173 naudojim\u0105 kiekvien\u0105 dien\u0105.<\/p>\n<p>Indaplov\u0117s priekin\u0117 dalis, kurios plotis yra 45 cm, o auk\u0161tis \u2013 57 cm, yra lengvai montuojama, tod\u0117l galite lengvai \u012fgyvendinti savo interjero dizaino vizij\u0105. Savaranki\u0161kas surinkimas leid\u017eia visi\u0161kai kontroliuoti galutin\u012f rezultat\u0105 ir akimirksniu m\u0117gautis nauja i\u0161vaizda. \u0160is unikalus sprendimas puikiai tinka visiems, kurie vertina ir estetik\u0105, ir prakti\u0161kum\u0105.<\/p>","protected":false},"excerpt":{"rendered":"<p>Plotis (cm): 45<br \/>\n\u016agis (cm): 57<br \/>\nKolekcija: Langen Beige Kitchen<\/p>","protected":false},"featured_media":161793,"comment_status":"open","ping_status":"open","template":"","meta":[],"product_brand":[],"product_cat":[9449,9251,4106],"product_tag":[],"class_list":{"0":"post-161792","1":"product","2":"type-product","3":"status-publish","4":"has-post-thumbnail","6":"product_cat-kitchen-system-langen-beige-dab-artisan","7":"product_cat-musor","8":"product_cat-gala-meble","10":"first","11":"instock","12":"purchasable","13":"product-type-simple"},"_links":{"self":[{"href":"https:\/\/baldumarket.lt\/lt\/wp-json\/wp\/v2\/product\/161792","targetHints":{"allow":["GET"]}}],"collection":[{"href":"https:\/\/baldumarket.lt\/lt\/wp-json\/wp\/v2\/product"}],"about":[{"href":"https:\/\/baldumarket.lt\/lt\/wp-json\/wp\/v2\/types\/product"}],"replies":[{"embeddable":true,"href":"https:\/\/baldumarket.lt\/lt\/wp-json\/wp\/v2\/comments?post=161792"}],"wp:featuredmedia":[{"embeddable":true,"href":"https:\/\/baldumarket.lt\/lt\/wp-json\/wp\/v2\/media\/161793"}],"wp:attachment":[{"href":"https:\/\/baldumarket.lt\/lt\/wp-json\/wp\/v2\/media?parent=161792"}],"wp:term":[{"taxonomy":"product_brand","embeddable":true,"href":"https:\/\/baldumarket.lt\/lt\/wp-json\/wp\/v2\/product_brand?post=161792"},{"taxonomy":"product_cat","embeddable":true,"href":"https:\/\/baldumarket.lt\/lt\/wp-json\/wp\/v2\/product_cat?post=161792"},{"taxonomy":"product_tag","embeddable":true,"href":"https:\/\/baldumarket.lt\/lt\/wp-json\/wp\/v2\/product_tag?post=161792"}],"curies":[{"name":"wp","href":"https:\/\/api.w.org\/{rel}","templated":true}]}}