{"id":161788,"date":"2025-12-19T01:54:31","date_gmt":"2025-12-18T22:54:31","guid":{"rendered":"https:\/\/baldumarket.lt\/product\/front-zmywarki-45-cm-d45fzn-aspen-grey-szary-polysk\/"},"modified":"2026-02-06T19:54:21","modified_gmt":"2026-02-06T16:54:21","slug":"front-zmywarki-45-cm-d45fzn-aspen-grey-szary-polysk","status":"publish","type":"product","link":"https:\/\/baldumarket.lt\/lt\/product\/front-zmywarki-45-cm-d45fzn-aspen-grey-szary-polysk\/","title":{"rendered":"Indaplov\u0117s priekin\u0117 dalis 45 cm D45FZN drebul\u0117s pilka blizgi"},"content":{"rendered":"<p>Stilingas D45FZN \u201eAspen Grey\u201c indaplov\u0117s priekis \u2013 puikus sprendimas tiems, kurie nori savo virtuv\u0119 padaryti modernesn\u0119 ir esteti\u0161kesn\u0119. Blizgi pilka apdaila suteikia elegancijos, suteikdama interjerui rafinuot\u0105 i\u0161vaizd\u0105. M\u0117gaukit\u0117s subtilia spalva, kuri harmoningai papildys \u012fvairius interjero stilius \u2013 nuo skandinavi\u0161ko minimalizmo iki industrinio.<\/p>\n<p>\u0160i \u201eGa\u0142a Meble\u201c priekin\u0117 dalis i\u0161siskiria ne tik savo nuostabia i\u0161vaizda, bet ir funkcionalumu. 45 cm plo\u010dio ji puikiai tinka kompakti\u0161koms erdv\u0117ms, kur svarbus kiekvienas centimetras. MDF panaudojimas u\u017etikrina patvarum\u0105 ir atsparum\u0105 kasdieniam naudojimui, suteikdamas j\u016bs\u0173 indaplovei moderni\u0105 ir tvirt\u0105 i\u0161vaizd\u0105, kuri tarnaus ilgus metus.<\/p>\n<p>Pakeiskite savo virtuv\u0119 lengvai surinkdami. Intuityvus surinkimo procesas leid\u017eia lengvai tai padaryti visiems, net ir tiems, kurie neturi \u201epasidaryk pats\u201c patirties. Tai leid\u017eia greitai ir lengvai sumontuoti nauj\u0105 priekin\u0119 dal\u012f, akimirksniu pakeisdama j\u016bs\u0173 virtuv\u0117s i\u0161vaizd\u0105.<\/p>\n<p>45 \u00d7 57 cm dyd\u017eio \u201eD45FZN Aspen Grey\u201c indaplov\u0117s priekin\u0117 dalis ne tik pasi\u017eymi puikia estetika, bet ir pagerina j\u016bs\u0173 virtuv\u0117s funkcionalum\u0105. Unikalus dizaino ir prakti\u0161kumo derinys paver\u010dia \u0161\u012f gamin\u012f b\u016btinu bet kurio modernaus interjero elementu. Pasirinkite blizgi\u0105 pilk\u0105 apdail\u0105 ir atraskite, kaip viena detal\u0117 gali reik\u0161mingai pakeisti j\u016bs\u0173 virtuv\u0117s erdv\u0119.<\/p>","protected":false},"excerpt":{"rendered":"<p>Plotis (cm): 45<br \/>\n\u016agis (cm): 57<br \/>\nKolekcija: Aspen Grey virtuv\u0117<\/p>","protected":false},"featured_media":161789,"comment_status":"open","ping_status":"open","template":"","meta":[],"product_brand":[],"product_cat":[9451,9251,4106],"product_tag":[],"class_list":{"0":"post-161788","1":"product","2":"type-product","3":"status-publish","4":"has-post-thumbnail","6":"product_cat-kitchen-system-aspen-grey","7":"product_cat-musor","8":"product_cat-gala-meble","10":"first","11":"instock","12":"purchasable","13":"product-type-simple"},"_links":{"self":[{"href":"https:\/\/baldumarket.lt\/lt\/wp-json\/wp\/v2\/product\/161788","targetHints":{"allow":["GET"]}}],"collection":[{"href":"https:\/\/baldumarket.lt\/lt\/wp-json\/wp\/v2\/product"}],"about":[{"href":"https:\/\/baldumarket.lt\/lt\/wp-json\/wp\/v2\/types\/product"}],"replies":[{"embeddable":true,"href":"https:\/\/baldumarket.lt\/lt\/wp-json\/wp\/v2\/comments?post=161788"}],"wp:featuredmedia":[{"embeddable":true,"href":"https:\/\/baldumarket.lt\/lt\/wp-json\/wp\/v2\/media\/161789"}],"wp:attachment":[{"href":"https:\/\/baldumarket.lt\/lt\/wp-json\/wp\/v2\/media?parent=161788"}],"wp:term":[{"taxonomy":"product_brand","embeddable":true,"href":"https:\/\/baldumarket.lt\/lt\/wp-json\/wp\/v2\/product_brand?post=161788"},{"taxonomy":"product_cat","embeddable":true,"href":"https:\/\/baldumarket.lt\/lt\/wp-json\/wp\/v2\/product_cat?post=161788"},{"taxonomy":"product_tag","embeddable":true,"href":"https:\/\/baldumarket.lt\/lt\/wp-json\/wp\/v2\/product_tag?post=161788"}],"curies":[{"name":"wp","href":"https:\/\/api.w.org\/{rel}","templated":true}]}}