{"id":161785,"date":"2025-12-19T01:54:25","date_gmt":"2025-12-18T22:54:25","guid":{"rendered":"https:\/\/baldumarket.lt\/product\/front-zmywarki-45-cm-d45fzn-aspen-white-bialy-polysk\/"},"modified":"2026-02-06T13:37:21","modified_gmt":"2026-02-06T10:37:21","slug":"front-zmywarki-45-cm-d45fzn-aspen-white-bialy-polysk","status":"publish","type":"product","link":"https:\/\/baldumarket.lt\/lt\/product\/front-zmywarki-45-cm-d45fzn-aspen-white-bialy-polysk\/","title":{"rendered":"Indaplov\u0117s priekin\u0117 dalis 45 cm D45FZN Aspen White blizgi balta"},"content":{"rendered":"<p>Pabr\u0117\u017ekite savo virtuv\u0117s elegancij\u0105 su garsaus \u201eGa\u0142a Meble\u201c prek\u0117s \u017eenklo \u201eD45FZN Aspen White\u201c indaplov\u0117s priekiu. Jo blizgi balta apdaila yra modernaus stiliaus kvintesencija, puikiai papildanti bet kok\u012f interjer\u0105, suteikianti gaivumo ir erdvumo poj\u016bt\u012f. \u0160is gaminys yra puikus sprendimas tiems, kurie siekia suderinti funkcionalum\u0105 su estetiniu rafinuotumu.<\/p>\n<p>Modern\u016bs interjerai reikalauja ak\u012f traukian\u010di\u0173 detali\u0173, kurios sukuria darni\u0105 visum\u0105. \u201eAspen White\u201c fasadas sukurtas taip, kad papildyt\u0173 net ir reikliausi\u0105 interjer\u0105. Stilingas dizainas u\u017etikrina, kad j\u016bs\u0173 virtuv\u0117 i\u0161ties taps j\u016bs\u0173 nam\u0173 pagrindiniu elementu, d\u017eiuginsian\u010diu sve\u010dius ir teikian\u010diu d\u017eiaugsmo j\u016bs\u0173 \u0161eimai kiekvien\u0105 dien\u0105.<\/p>\n<p>Patogi konstrukcija leid\u017eia lengvai ir paprastai sumontuoti, tod\u0117l rezultatais d\u017eiaugsit\u0117s akimirksniu. Pagaminta i\u0161 tvirtos MDF plok\u0161t\u0117s, priekin\u0117 dalis yra patvari ir atspari kasdieniam naudojimui, u\u017etikrinant ilgalaik\u012f pasitenkinim\u0105.<\/p>\n<p>Funkcionalumo ir stiliaus derinys paver\u010dia \u0161i\u0105 indaplov\u0117s priekin\u0119 dal\u012f ne tik prakti\u0161ku, bet ir dekoratyviu j\u016bs\u0173 virtuv\u0117s akcentu. I\u0161naudokite jos potencial\u0105 ir paverskite savo interjer\u0105 \u012fkvepian\u010dia ir d\u017eiuginan\u010dia vieta. Rinkit\u0117s \u201eGa\u0142a Meble\u201c \u2013 prek\u0117s \u017eenkl\u0105, kuris teikia pirmenyb\u0119 kokybei ir elegancijai.<\/p>","protected":false},"excerpt":{"rendered":"<p>Plotis (cm): 45<br \/>\n\u016agis (cm): 57<br \/>\nKolekcija: Aspen White virtuv\u0117<\/p>","protected":false},"featured_media":161786,"comment_status":"open","ping_status":"open","template":"","meta":[],"product_brand":[],"product_cat":[9445,9251,4106],"product_tag":[],"class_list":{"0":"post-161785","1":"product","2":"type-product","3":"status-publish","4":"has-post-thumbnail","6":"product_cat-kitchen-system-aspen-white","7":"product_cat-musor","8":"product_cat-gala-meble","10":"first","11":"instock","12":"purchasable","13":"product-type-simple"},"_links":{"self":[{"href":"https:\/\/baldumarket.lt\/lt\/wp-json\/wp\/v2\/product\/161785","targetHints":{"allow":["GET"]}}],"collection":[{"href":"https:\/\/baldumarket.lt\/lt\/wp-json\/wp\/v2\/product"}],"about":[{"href":"https:\/\/baldumarket.lt\/lt\/wp-json\/wp\/v2\/types\/product"}],"replies":[{"embeddable":true,"href":"https:\/\/baldumarket.lt\/lt\/wp-json\/wp\/v2\/comments?post=161785"}],"wp:featuredmedia":[{"embeddable":true,"href":"https:\/\/baldumarket.lt\/lt\/wp-json\/wp\/v2\/media\/161786"}],"wp:attachment":[{"href":"https:\/\/baldumarket.lt\/lt\/wp-json\/wp\/v2\/media?parent=161785"}],"wp:term":[{"taxonomy":"product_brand","embeddable":true,"href":"https:\/\/baldumarket.lt\/lt\/wp-json\/wp\/v2\/product_brand?post=161785"},{"taxonomy":"product_cat","embeddable":true,"href":"https:\/\/baldumarket.lt\/lt\/wp-json\/wp\/v2\/product_cat?post=161785"},{"taxonomy":"product_tag","embeddable":true,"href":"https:\/\/baldumarket.lt\/lt\/wp-json\/wp\/v2\/product_tag?post=161785"}],"curies":[{"name":"wp","href":"https:\/\/api.w.org\/{rel}","templated":true}]}}