{"id":161782,"date":"2025-12-19T01:54:21","date_gmt":"2025-12-18T22:54:21","guid":{"rendered":"https:\/\/baldumarket.lt\/product\/front-zmywarki-45-cm-d45fzn-langen-artisan\/"},"modified":"2026-02-06T12:56:47","modified_gmt":"2026-02-06T09:56:47","slug":"front-zmywarki-45-cm-d45fzn-langen-artisan","status":"publish","type":"product","link":"https:\/\/baldumarket.lt\/lt\/product\/front-zmywarki-45-cm-d45fzn-langen-artisan\/","title":{"rendered":"Indaplov\u0117s priekis 45 cm D45FZN Langen Artisan"},"content":{"rendered":"<p>Atraskite \u201eLangen Artisan D45FZN\u201c indaplov\u0117s priekin\u0117s dalies elegancij\u0105 ir funkcionalum\u0105, kuri puikiai papildys tiek modern\u0173, tiek klasikin\u012f virtuv\u0117s interjer\u0105. Unikal\u0173 stili\u0173 pabr\u0117\u017eia \u201eArtisan Oak\u201c medienos tekst\u016bros ra\u0161tas, suteikiantis \u0161ilumos ir jaukumo. \u0160i indaplov\u0117s priekin\u0117 dalis \u2013 puikus sprendimas tiems, kurie vertina estetik\u0105 ir modern\u0173 dizain\u0105.<\/p>\n<p>Indaplov\u0117s priekin\u0117 dalis pagaminta i\u0161 patvarios laminuotos plok\u0161t\u0117s, tod\u0117l ji atspari pa\u017eeidimams, tod\u0117l tarnauja ilgai nepakenkiant vizualinei kokybei. \u0160is gaminys derina funkcionalum\u0105 ir stili\u0173, o kruop\u0161ti apdaila traukia d\u0117mes\u012f ir suteikia bet kuriai virtuvei charakterio.<\/p>\n<p>Patraukli juoda metalin\u0117 rankena puikiai papildo bendr\u0105 dizain\u0105 ir u\u017etikrina paprast\u0105 naudojim\u0105. Arba galite rinktis \u201cspustel\u0117jimo b\u016bdu atidarom\u0105\u201d sistem\u0105, jei norite minimalistinio ir modernaus vaizdo. Savaranki\u0161kas surinkimas leid\u017eia greitai ir lengvai pritaikyti gamin\u012f pagal individualius poreikius, u\u017etikrinant visi\u0161k\u0105 naudotojo pasitenkinim\u0105.<\/p>\n<p>Suteikite savo virtuvei elegancijos ir funkcionalumo su \u201eLangen Artisan D45FZN\u201c indaplov\u0117s priekiu. D\u0117l kruop\u0161\u010diai parinkto dizaino ir auk\u0161tos kokyb\u0117s med\u017eiag\u0173 jis tampa ne tik prakti\u0161ku elementu, bet ir gra\u017eiu dekoratyviniu akcentu, kuris su\u017eav\u0117s kiekvien\u0105, apsilankius\u012f j\u016bs\u0173 virtuv\u0117je.<\/p>","protected":false},"excerpt":{"rendered":"<p>Plotis (cm): 45<br \/>\n\u016agis (cm): 57<br \/>\nKolekcijaLangen Artisan Kitchen<\/p>","protected":false},"featured_media":161783,"comment_status":"open","ping_status":"open","template":"","meta":[],"product_brand":[],"product_cat":[9442,9251,4106],"product_tag":[],"class_list":{"0":"post-161782","1":"product","2":"type-product","3":"status-publish","4":"has-post-thumbnail","6":"product_cat-kitchen-system-langen-dab-artisan","7":"product_cat-musor","8":"product_cat-gala-meble","10":"first","11":"instock","12":"purchasable","13":"product-type-simple"},"_links":{"self":[{"href":"https:\/\/baldumarket.lt\/lt\/wp-json\/wp\/v2\/product\/161782","targetHints":{"allow":["GET"]}}],"collection":[{"href":"https:\/\/baldumarket.lt\/lt\/wp-json\/wp\/v2\/product"}],"about":[{"href":"https:\/\/baldumarket.lt\/lt\/wp-json\/wp\/v2\/types\/product"}],"replies":[{"embeddable":true,"href":"https:\/\/baldumarket.lt\/lt\/wp-json\/wp\/v2\/comments?post=161782"}],"wp:featuredmedia":[{"embeddable":true,"href":"https:\/\/baldumarket.lt\/lt\/wp-json\/wp\/v2\/media\/161783"}],"wp:attachment":[{"href":"https:\/\/baldumarket.lt\/lt\/wp-json\/wp\/v2\/media?parent=161782"}],"wp:term":[{"taxonomy":"product_brand","embeddable":true,"href":"https:\/\/baldumarket.lt\/lt\/wp-json\/wp\/v2\/product_brand?post=161782"},{"taxonomy":"product_cat","embeddable":true,"href":"https:\/\/baldumarket.lt\/lt\/wp-json\/wp\/v2\/product_cat?post=161782"},{"taxonomy":"product_tag","embeddable":true,"href":"https:\/\/baldumarket.lt\/lt\/wp-json\/wp\/v2\/product_tag?post=161782"}],"curies":[{"name":"wp","href":"https:\/\/api.w.org\/{rel}","templated":true}]}}