{"id":161777,"date":"2025-12-19T01:54:11","date_gmt":"2025-12-18T22:54:11","guid":{"rendered":"https:\/\/baldumarket.lt\/product\/front-zmywarki-45-cm-d45fzn-langen-grey\/"},"modified":"2026-02-06T14:36:51","modified_gmt":"2026-02-06T11:36:51","slug":"front-zmywarki-45-cm-d45fzn-langen-grey","status":"publish","type":"product","link":"https:\/\/baldumarket.lt\/lt\/product\/front-zmywarki-45-cm-d45fzn-langen-grey\/","title":{"rendered":"Indaplov\u0117s priekis 45 cm D45FZN Langen Pilka"},"content":{"rendered":"<p>Suteikite savo virtuvei elegancijos ir modernumo su garsaus \u201eGa\u0142a Meble\u201c prek\u0117s \u017eenklo \u201eLangen Grey D45FZN\u201c indaplov\u0117s priekiu. Matin\u0117 pilka priekin\u0117 dalis puikiai dera prie bet kokio virtuv\u0117s dizaino, suteikdama jai harmoning\u0105 charakter\u012f. MDF plok\u0161t\u0117, i\u0161 kurios pagaminta priekin\u0117 dalis, yra ne tik esteti\u0161kai patraukli, bet ir atspari pa\u017eeidimams, u\u017etikrinanti ilgalaik\u012f naudojim\u0105. Stiling\u0105 \u201eLangen Grey\u201c priekin\u0117s dalies dizain\u0105 pary\u0161kina subtilios juodos ranken\u0117l\u0117s, suteikian\u010dios jai eleganti\u0161k\u0105 i\u0161vaizd\u0105. Pasirink\u0119 klasikines rankenas arba atidarymo spustel\u0117jus sistem\u0105, galite pritaikyti priekin\u0119 dal\u012f pagal savo individualius pageidavimus ir u\u017etikrinti maksimal\u0173 naudojimo komfort\u0105. Funkcionalumas neatsiejamas nuo modernios i\u0161vaizdos. 45 cm plo\u010dio ir 57 cm auk\u0161\u010dio priekin\u0117 dalis puikiai tinka tokio dyd\u017eio indaplov\u0117ms, supaprastindama ne tik montavim\u0105, bet ir kasdien\u012f naudojim\u0105. Ji sukuria tvarking\u0105 ir organizuot\u0105 vaizd\u0105, nes j\u0105 galima surinkti patiems.<\/p>","protected":false},"excerpt":{"rendered":"<p>Plotis (cm): 45<br \/>\n\u016agis (cm): 57<br \/>\nKolekcija: Langen Grey Kitchen<\/p>","protected":false},"featured_media":161778,"comment_status":"open","ping_status":"open","template":"","meta":[],"product_brand":[],"product_cat":[9449,9251,4106],"product_tag":[],"class_list":{"0":"post-161777","1":"product","2":"type-product","3":"status-publish","4":"has-post-thumbnail","6":"product_cat-kitchen-system-langen-beige-dab-artisan","7":"product_cat-musor","8":"product_cat-gala-meble","10":"first","11":"instock","12":"purchasable","13":"product-type-simple"},"_links":{"self":[{"href":"https:\/\/baldumarket.lt\/lt\/wp-json\/wp\/v2\/product\/161777","targetHints":{"allow":["GET"]}}],"collection":[{"href":"https:\/\/baldumarket.lt\/lt\/wp-json\/wp\/v2\/product"}],"about":[{"href":"https:\/\/baldumarket.lt\/lt\/wp-json\/wp\/v2\/types\/product"}],"replies":[{"embeddable":true,"href":"https:\/\/baldumarket.lt\/lt\/wp-json\/wp\/v2\/comments?post=161777"}],"wp:featuredmedia":[{"embeddable":true,"href":"https:\/\/baldumarket.lt\/lt\/wp-json\/wp\/v2\/media\/161778"}],"wp:attachment":[{"href":"https:\/\/baldumarket.lt\/lt\/wp-json\/wp\/v2\/media?parent=161777"}],"wp:term":[{"taxonomy":"product_brand","embeddable":true,"href":"https:\/\/baldumarket.lt\/lt\/wp-json\/wp\/v2\/product_brand?post=161777"},{"taxonomy":"product_cat","embeddable":true,"href":"https:\/\/baldumarket.lt\/lt\/wp-json\/wp\/v2\/product_cat?post=161777"},{"taxonomy":"product_tag","embeddable":true,"href":"https:\/\/baldumarket.lt\/lt\/wp-json\/wp\/v2\/product_tag?post=161777"}],"curies":[{"name":"wp","href":"https:\/\/api.w.org\/{rel}","templated":true}]}}