{"id":161774,"date":"2025-12-19T01:54:05","date_gmt":"2025-12-18T22:54:05","guid":{"rendered":"https:\/\/baldumarket.lt\/product\/front-zmywarki-45-cm-d45fzn-linea-grey-szary-mat\/"},"modified":"2026-02-08T10:43:20","modified_gmt":"2026-02-08T07:43:20","slug":"front-zmywarki-45-cm-d45fzn-linea-grey-szary-mat","status":"publish","type":"product","link":"https:\/\/baldumarket.lt\/lt\/product\/front-zmywarki-45-cm-d45fzn-linea-grey-szary-mat\/","title":{"rendered":"Indaplov\u0117s priekin\u0117 dalis 45 cm D45FZN Linea pilka matin\u0117"},"content":{"rendered":"<p>D45FZN indaplov\u0117s priekin\u0117 dalis yra puikus pasirinkimas tiems, kurie vertina estetik\u0105 ir funkcionalum\u0105 savo interjere. Eleganti\u0161ka matin\u0117 pilka apdaila suteikia virtuvei modern\u0173 ir minimalistin\u012f charakter\u012f, kartu tarnaudama kaip neutralus akcentas, harmoningai derantis su \u012fvairiais interjero dizaino stiliais. \u0160is dizainas yra daugiau nei tik apdailos akcentas \u2013 tai rafinuoto skonio i\u0161rai\u0161ka.<\/p>\n<p>Pagaminta i\u0161 auk\u0161tos kokyb\u0117s MDF plok\u0161t\u0117s, priekin\u0117 dalis pasi\u017eymi ne tik esteti\u0161ku dizainu, bet ir patvarumu bei atsparumu kasdieniam naudojimui. Tai rei\u0161kia, kad galite d\u017eiaugtis jos i\u0161vaizda daugel\u012f met\u0173, nesijaudindami d\u0117l nepageidaujam\u0173 poky\u010di\u0173 ar pa\u017eeidim\u0173. \u0160is estetikos ir prakti\u0161kumo derinys suteikia j\u016bs\u0173 virtuvei funkcionalumo ir unikalios i\u0161vaizdos.<\/p>\n<p>Indaplov\u0117s priekin\u0117 dalis pasi\u017eymi kruop\u0161\u010diai parinktomis juodo metalo rankenomis, kurios pabr\u0117\u017eia modern\u0173 stili\u0173 ir suteikia industrin\u012f atspalv\u012f. Ergonomi\u0161kas dizainas u\u017etikrina patog\u0173 naudojim\u0105, o virtuv\u0117s darbai tampa tikru malonumu. Juodos rankenos puikiai kontrastuoja su matine pilka priekin\u0117s dalies apdaila, sukurdamos darni\u0105 ir skoning\u0105 visum\u0105.<\/p>\n<p>\u201eD45FZN Linea Grey\u201c modelis taip pat idealiai tinka \u201epasidaryk pats\u201c entuziastams, nes jis skirtas savaranki\u0161kam surinkimui. D\u0117l ai\u0161ki\u0173 instrukcij\u0173 galite lengvai j\u012f sumontuoti patys, suteikdami pasitenkinimo ir pasiekimo jausm\u0105. Pasirink\u0119 \u0161i\u0105 fasad\u0105, j\u016bs ne tik \u012fgysite dizainerio element\u0105 savo virtuvei, bet ir laisv\u0119 i\u0161d\u0117styti erdv\u0119 pagal savo id\u0117jas ir poreikius.<\/p>","protected":false},"excerpt":{"rendered":"<p>Plotis (cm): 45<br \/>\n\u016agis (cm): 57<br \/>\nKolekcija: \u201eLinea Grey\u201c virtuv\u0117<\/p>","protected":false},"featured_media":161775,"comment_status":"open","ping_status":"open","template":"","meta":[],"product_brand":[],"product_cat":[9448,9251,9441,4106],"product_tag":[],"class_list":{"0":"post-161774","1":"product","2":"type-product","3":"status-publish","4":"has-post-thumbnail","6":"product_cat-kitchen-system-linea-grey","7":"product_cat-musor","8":"product_cat-white","9":"product_cat-gala-meble","11":"first","12":"instock","13":"purchasable","14":"product-type-simple"},"_links":{"self":[{"href":"https:\/\/baldumarket.lt\/lt\/wp-json\/wp\/v2\/product\/161774","targetHints":{"allow":["GET"]}}],"collection":[{"href":"https:\/\/baldumarket.lt\/lt\/wp-json\/wp\/v2\/product"}],"about":[{"href":"https:\/\/baldumarket.lt\/lt\/wp-json\/wp\/v2\/types\/product"}],"replies":[{"embeddable":true,"href":"https:\/\/baldumarket.lt\/lt\/wp-json\/wp\/v2\/comments?post=161774"}],"wp:featuredmedia":[{"embeddable":true,"href":"https:\/\/baldumarket.lt\/lt\/wp-json\/wp\/v2\/media\/161775"}],"wp:attachment":[{"href":"https:\/\/baldumarket.lt\/lt\/wp-json\/wp\/v2\/media?parent=161774"}],"wp:term":[{"taxonomy":"product_brand","embeddable":true,"href":"https:\/\/baldumarket.lt\/lt\/wp-json\/wp\/v2\/product_brand?post=161774"},{"taxonomy":"product_cat","embeddable":true,"href":"https:\/\/baldumarket.lt\/lt\/wp-json\/wp\/v2\/product_cat?post=161774"},{"taxonomy":"product_tag","embeddable":true,"href":"https:\/\/baldumarket.lt\/lt\/wp-json\/wp\/v2\/product_tag?post=161774"}],"curies":[{"name":"wp","href":"https:\/\/api.w.org\/{rel}","templated":true}]}}