{"id":161770,"date":"2025-12-19T01:53:55","date_gmt":"2025-12-18T22:53:55","guid":{"rendered":"https:\/\/baldumarket.lt\/product\/front-zmywarki-45-cm-d45fzn-linea-white-bialy-mat\/"},"modified":"2026-02-06T13:27:12","modified_gmt":"2026-02-06T10:27:12","slug":"front-zmywarki-45-cm-d45fzn-linea-white-bialy-mat","status":"publish","type":"product","link":"https:\/\/baldumarket.lt\/lt\/product\/front-zmywarki-45-cm-d45fzn-linea-white-bialy-mat\/","title":{"rendered":"Indaplov\u0117s priekin\u0117 dalis 45 cm D45FZN Linea balta matin\u0117"},"content":{"rendered":"<p>Eleganti\u0161kos matin\u0117s baltos spalvos \u201eLinea White D45FZN\u201c indaplov\u0117s priekin\u0117 dalis yra tikras ak\u012f traukiantis akcentas bet kurioje virtuv\u0117je. \u201eGa\u0142a Meble\u201c u\u017etikrino, kad gaminys patraukt\u0173 d\u0117mes\u012f savo modernia ir minimalistine estetika. Lygus matin\u0117s MDF priekin\u0117s dalies pavir\u0161ius suteikia interjerui elegancijos ir grynumo, puikiai papildydamas kitus baltus virtuv\u0117s elementus.<\/p>\n<p>\u201eLinea White D45FZN\u201c priekin\u0117s dalies funkcionalumas yra toks pat \u012fsp\u016bdingas, kaip ir jos i\u0161vaizda. Reguliuojamos kojel\u0117s ir tyl\u016bs vyriai leid\u017eia patogiai ir be vargo naudotis indaplove. Lengvas surinkimas leid\u017eia greitai ir saugiai integruoti j\u0105 \u012f j\u016bs\u0173 indaplov\u0119, o tai labai svarbu \u0161iandieniniame greitame gyvenimo tempe.<\/p>\n<p>Aukso spalvos metalin\u0117s ranken\u0117l\u0117s suteikia rafinuotumo ir yra ne tik gra\u017eus akcentas, bet ir prakti\u0161kas sprendimas, puikiai papildantis kitus virtuv\u0117s elementus. \u0160velnaus u\u017edarymo b\u0117geliai ir vyriai u\u017etikrina tyl\u0173 ir skland\u0173 veikim\u0105, padidindami komfort\u0105 ir ilgaam\u017ei\u0161kum\u0105.<\/p>\n<p>\u0160is gaminys \u2013 tobulas estetikos ir funkcionalumo derinys, paver\u010diantis j\u016bs\u0173 virtuv\u0119 erdve, kuria verta gro\u017e\u0117tis. Indaplov\u0117s \u201eLinea White D45FZN\u201c matin\u0117s baltos spalvos priekin\u0117 dalis ne tik puikiai atrodo, bet ir puikiai veikia kasdien, padidindama patogum\u0105 ir suteikdama prabangos.<\/p>","protected":false},"excerpt":{"rendered":"<p>Plotis (cm): 45<br \/>\n\u016agis (cm): 57<br \/>\nGylis (cm): 44,6<\/p>","protected":false},"featured_media":161771,"comment_status":"open","ping_status":"open","template":"","meta":[],"product_brand":[],"product_cat":[9446,9251,4106],"product_tag":[],"class_list":{"0":"post-161770","1":"product","2":"type-product","3":"status-publish","4":"has-post-thumbnail","6":"product_cat-kitchen-system-linea-white","7":"product_cat-musor","8":"product_cat-gala-meble","10":"first","11":"instock","12":"purchasable","13":"product-type-simple"},"_links":{"self":[{"href":"https:\/\/baldumarket.lt\/lt\/wp-json\/wp\/v2\/product\/161770","targetHints":{"allow":["GET"]}}],"collection":[{"href":"https:\/\/baldumarket.lt\/lt\/wp-json\/wp\/v2\/product"}],"about":[{"href":"https:\/\/baldumarket.lt\/lt\/wp-json\/wp\/v2\/types\/product"}],"replies":[{"embeddable":true,"href":"https:\/\/baldumarket.lt\/lt\/wp-json\/wp\/v2\/comments?post=161770"}],"wp:featuredmedia":[{"embeddable":true,"href":"https:\/\/baldumarket.lt\/lt\/wp-json\/wp\/v2\/media\/161771"}],"wp:attachment":[{"href":"https:\/\/baldumarket.lt\/lt\/wp-json\/wp\/v2\/media?parent=161770"}],"wp:term":[{"taxonomy":"product_brand","embeddable":true,"href":"https:\/\/baldumarket.lt\/lt\/wp-json\/wp\/v2\/product_brand?post=161770"},{"taxonomy":"product_cat","embeddable":true,"href":"https:\/\/baldumarket.lt\/lt\/wp-json\/wp\/v2\/product_cat?post=161770"},{"taxonomy":"product_tag","embeddable":true,"href":"https:\/\/baldumarket.lt\/lt\/wp-json\/wp\/v2\/product_tag?post=161770"}],"curies":[{"name":"wp","href":"https:\/\/api.w.org\/{rel}","templated":true}]}}