{"id":161766,"date":"2025-12-19T01:53:47","date_gmt":"2025-12-18T22:53:47","guid":{"rendered":"https:\/\/baldumarket.lt\/product\/front-zmywarki-45-cm-d45fzw-aspen-grey-szary-polysk\/"},"modified":"2026-02-06T19:54:21","modified_gmt":"2026-02-06T16:54:21","slug":"front-zmywarki-45-cm-d45fzw-aspen-grey-szary-polysk","status":"publish","type":"product","link":"https:\/\/baldumarket.lt\/lt\/product\/front-zmywarki-45-cm-d45fzw-aspen-grey-szary-polysk\/","title":{"rendered":"Indaplov\u0117s priekin\u0117 dalis 45 cm D45FZW drebul\u0117s pilka blizgi"},"content":{"rendered":"<p>Pasisveikinkite su eleganti\u0161ku ir modernu D45FZW Aspen Grey indaplov\u0117s priekiu. Blizgi pilka apdaila suteikia j\u016bs\u0173 virtuvei dizainerio akcent\u0105, traukia ak\u012f ir suteikia lengvumo, kartu pabr\u0117\u017edama j\u016bs\u0173 interjero harmonij\u0105. Estetika kartu su funkcionalumu \u2013 puikus sprendimas i\u0161rankiems klientams.<\/p>\n<p>Sukurtas galvojant apie kasdien\u012f komfort\u0105, \u0161is fasadas yra lengvai valomas ir pasi\u017eymi nepriekai\u0161tingu pavir\u0161iumi. D\u0117l auk\u0161\u010diausios kokyb\u0117s MDF med\u017eiagos naudojimo galite tik\u0117tis patvarumo ir atsparumo, u\u017etikrinant ilgaam\u017ei\u0161kum\u0105 net ir intensyvaus naudojimo.<\/p>\n<p>Subtilus, blizgus pilkas D45FZW indaplov\u0117s priekin\u0117s dalies pavir\u0161ius puikiai dera su \u012fvairiais interjero dizainais. Jis suteiks j\u016bs\u0173 virtuvei modern\u0173 charakter\u012f ir taps erdve, \u012fkvepian\u010dia kurti kulinarinius \u0161edevrus. Klasikos ir modernumo derinys \u2013 tai receptas interjerui, kuris niekada nei\u0161eis i\u0161 mados.<\/p>\n<p>\u0160io gaminio montavimas patiems ne tik sutaupo pinig\u0173, bet ir suteikia pasitenkinim\u0105 gerai atliktu darbu. Vos keliais paprastais \u017eingsniais galite pakeisti savo virtuv\u0117s i\u0161vaizd\u0105, m\u0117gaudamiesi jausmu, kad savo rankomis kuriate gro\u017e\u012f aplinkoje. \u201eGa\u0142a Meble\u201c prek\u0117s \u017eenklas u\u017etikrina i\u0161skirtin\u0119 kokyb\u0119, tod\u0117l kiekvienas pokytis yra malonumas.<\/p>","protected":false},"excerpt":{"rendered":"<p>Plotis (cm): 45<br \/>\n\u016agis (cm): 71,3<br \/>\nKolekcija: Aspen Grey virtuv\u0117<\/p>","protected":false},"featured_media":161767,"comment_status":"open","ping_status":"open","template":"","meta":[],"product_brand":[],"product_cat":[9451,9251,4106],"product_tag":[],"class_list":{"0":"post-161766","1":"product","2":"type-product","3":"status-publish","4":"has-post-thumbnail","6":"product_cat-kitchen-system-aspen-grey","7":"product_cat-musor","8":"product_cat-gala-meble","10":"first","11":"instock","12":"purchasable","13":"product-type-simple"},"_links":{"self":[{"href":"https:\/\/baldumarket.lt\/lt\/wp-json\/wp\/v2\/product\/161766","targetHints":{"allow":["GET"]}}],"collection":[{"href":"https:\/\/baldumarket.lt\/lt\/wp-json\/wp\/v2\/product"}],"about":[{"href":"https:\/\/baldumarket.lt\/lt\/wp-json\/wp\/v2\/types\/product"}],"replies":[{"embeddable":true,"href":"https:\/\/baldumarket.lt\/lt\/wp-json\/wp\/v2\/comments?post=161766"}],"wp:featuredmedia":[{"embeddable":true,"href":"https:\/\/baldumarket.lt\/lt\/wp-json\/wp\/v2\/media\/161767"}],"wp:attachment":[{"href":"https:\/\/baldumarket.lt\/lt\/wp-json\/wp\/v2\/media?parent=161766"}],"wp:term":[{"taxonomy":"product_brand","embeddable":true,"href":"https:\/\/baldumarket.lt\/lt\/wp-json\/wp\/v2\/product_brand?post=161766"},{"taxonomy":"product_cat","embeddable":true,"href":"https:\/\/baldumarket.lt\/lt\/wp-json\/wp\/v2\/product_cat?post=161766"},{"taxonomy":"product_tag","embeddable":true,"href":"https:\/\/baldumarket.lt\/lt\/wp-json\/wp\/v2\/product_tag?post=161766"}],"curies":[{"name":"wp","href":"https:\/\/api.w.org\/{rel}","templated":true}]}}