{"id":161763,"date":"2025-12-19T01:53:42","date_gmt":"2025-12-18T22:53:42","guid":{"rendered":"https:\/\/baldumarket.lt\/product\/front-zmywarki-45-cm-d45fzw-aspen-white-bialy-polysk\/"},"modified":"2026-02-08T11:24:02","modified_gmt":"2026-02-08T08:24:02","slug":"front-zmywarki-45-cm-d45fzw-aspen-white-bialy-polysk","status":"publish","type":"product","link":"https:\/\/baldumarket.lt\/lt\/product\/front-zmywarki-45-cm-d45fzw-aspen-white-bialy-polysk\/","title":{"rendered":"Indaplov\u0117 su priekine rankena, 45 cm, D45FZW, drebul\u0117s baltumo blizgi balta"},"content":{"rendered":"<p>Paverskite savo virtuv\u0119 tikra elegancijos zona su garsaus prek\u0117s \u017eenklo \u201eGa\u0142a Meble\u201c baltos blizgios spalvos \u201eAspen White\u201c indaplov\u0117s priekiu. \u0160is unikalus priekis yra modernaus dizaino kvintesencija, suteikianti j\u016bs\u0173 erdvei ry\u0161kumo ir harmonijos. Klasikin\u0117 balta spalva puikiai dera su \u012fvairiais interjero stiliais \u2013 nuo modernaus iki tradici\u0161kesnio. Ji suteikia bet kuriai virtuvei unikalumo ir paver\u010dia j\u0105 jaukesne erdve kasdieniam maisto gaminimui.<\/p>\n<p>\u0160io gaminio prakti\u0161kumas neatsiejamas nuo jo funkcionalumo. Priekin\u0117 dalis, pagaminta i\u0161 auk\u0161tos kokyb\u0117s MDF plok\u0161t\u0117s, u\u017etikrina patvarum\u0105 ir atsparum\u0105 kasdieniam naudojimui, tod\u0117l tai idealus sprendimas intensyviai naudojamoms erdv\u0117ms. Be to, baltas blizgus priekis ne tik traukia ak\u012f, bet ir vizualiai padidina virtuv\u0117s erdv\u0119, suteikdamas jai lengvumo ir erdvumo poj\u016bt\u012f.<\/p>\n<p>Intuityvus \u0161ios indaplov\u0117s priekin\u0117s dalies montavimas leid\u017eia pritaikyti spinteles pagal savo poreikius ir skon\u012f. Tai puiki proga pasijusti tikru interjero dizaineriu, net ir neturint speciali\u0173j\u0173 \u017eini\u0173. Be to, tai taip pat b\u016bdas sutaupyti pinig\u0173, nes i\u0161vengsite papildom\u0173 \u012frengimo i\u0161laid\u0173. Pasirinkdami \u201eAspen White\u201c fasad\u0105, investuojate ne tik \u012f estetik\u0105, bet ir \u012f patvarum\u0105 bei nesenstant\u012f stili\u0173. Idealiai lyg\u0173 pavir\u0161i\u0173 lengva valyti \u2013 tai tikrai \u012fvertins kiekviena nam\u0173 \u0161eiminink\u0117. Paverskite savo virtuv\u0119 malonumu kiekvien\u0105 dien\u0105 su unikalia indaplov\u0117s priekine dalimi, kuri auk\u0161\u010diausiu lygiu derina gro\u017e\u012f ir funkcionalum\u0105.<\/p>","protected":false},"excerpt":{"rendered":"<p>Plotis (cm): 45<br \/>\n\u016agis (cm): 71,3<br \/>\nKolekcija: Aspen White virtuv\u0117<\/p>","protected":false},"featured_media":161764,"comment_status":"open","ping_status":"open","template":"","meta":[],"product_brand":[],"product_cat":[9445,9251,4106],"product_tag":[],"class_list":{"0":"post-161763","1":"product","2":"type-product","3":"status-publish","4":"has-post-thumbnail","6":"product_cat-kitchen-system-aspen-white","7":"product_cat-musor","8":"product_cat-gala-meble","10":"first","11":"instock","12":"purchasable","13":"product-type-simple"},"_links":{"self":[{"href":"https:\/\/baldumarket.lt\/lt\/wp-json\/wp\/v2\/product\/161763","targetHints":{"allow":["GET"]}}],"collection":[{"href":"https:\/\/baldumarket.lt\/lt\/wp-json\/wp\/v2\/product"}],"about":[{"href":"https:\/\/baldumarket.lt\/lt\/wp-json\/wp\/v2\/types\/product"}],"replies":[{"embeddable":true,"href":"https:\/\/baldumarket.lt\/lt\/wp-json\/wp\/v2\/comments?post=161763"}],"wp:featuredmedia":[{"embeddable":true,"href":"https:\/\/baldumarket.lt\/lt\/wp-json\/wp\/v2\/media\/161764"}],"wp:attachment":[{"href":"https:\/\/baldumarket.lt\/lt\/wp-json\/wp\/v2\/media?parent=161763"}],"wp:term":[{"taxonomy":"product_brand","embeddable":true,"href":"https:\/\/baldumarket.lt\/lt\/wp-json\/wp\/v2\/product_brand?post=161763"},{"taxonomy":"product_cat","embeddable":true,"href":"https:\/\/baldumarket.lt\/lt\/wp-json\/wp\/v2\/product_cat?post=161763"},{"taxonomy":"product_tag","embeddable":true,"href":"https:\/\/baldumarket.lt\/lt\/wp-json\/wp\/v2\/product_tag?post=161763"}],"curies":[{"name":"wp","href":"https:\/\/api.w.org\/{rel}","templated":true}]}}