{"id":161760,"date":"2025-12-19T01:53:37","date_gmt":"2025-12-18T22:53:37","guid":{"rendered":"https:\/\/baldumarket.lt\/product\/front-zmywarki-45-cm-d45fzw-langen-artisan\/"},"modified":"2026-02-06T12:56:47","modified_gmt":"2026-02-06T09:56:47","slug":"front-zmywarki-45-cm-d45fzw-langen-artisan","status":"publish","type":"product","link":"https:\/\/baldumarket.lt\/lt\/product\/front-zmywarki-45-cm-d45fzw-langen-artisan\/","title":{"rendered":"Indaplov\u0117s priekis 45 cm D45FZW Langen Artisan"},"content":{"rendered":"<p>Atraskite nauj\u0105 estetik\u0105 savo virtuv\u0117je su unikalia \u201eLangen Artisan D45FZW\u201c indaplov\u0117s priekine dalimi. \u0160is eleganti\u0161kas \u201eGa\u0142a Meble\u201c dizainas puikiai derina funkcionalum\u0105 ir estetik\u0105. \u0160ilto \u201eArtisan Oak\u201c atspalvio apdaila patraukia ak\u012f ir sukuria unikali\u0105 atmosfer\u0105 bet kurioje virtuv\u0117je. Tai puikus pasirinkimas tiems, kurie vertina modern\u0173, ta\u010diau nesenstant\u012f stili\u0173 savo interjere.<\/p>\n<p>D45FZW modelis sukurtas ne tik gra\u017eiai atrodyti, bet ir tarnauti ilgus metus. Pagamintas i\u0161 laminuotos plok\u0161t\u0117s, pasi\u017eymin\u010dios dideliu atsparumu pa\u017eeidimams, garantuoja ilgaam\u017ei\u0161kum\u0105 ir ilgalaik\u0119, nepriekai\u0161ting\u0105 i\u0161vaizd\u0105. D\u0117l apgalvoto dizaino priekin\u0117 dalis suteikia ne tik estetikos, bet ir prakti\u0161kumo, sukurdama harmonij\u0105 j\u016bs\u0173 virtuv\u0117s interjere.<\/p>\n<p>Papildomas estetines ir funkcines savybes pabr\u0117\u017eia klasikin\u0117 juodo metalo rankena, kuri yra ne tik eleganti\u0161ka, bet ir itin funkcionali. Arba galima rinktis visi\u0161kai modern\u0173 sprendim\u0105 be ranken\u0117li\u0173, naudojant stumiant atidarom\u0105 sistem\u0105. Tai puikus pasirinkimas minimalistams, kurie nenori aukoti funkcionalumo ar i\u0161vaizdos.<\/p>\n<p>Priekinis montavimas buvo sukurtas vartotojams, kurie vertina nepriklausomyb\u0119 ir nori kiekvien\u0105 detal\u0119 pritaikyti savo poreikiams. D\u0117l paprastos tvirtinimo sistemos galite lengvai sumontuoti patys, u\u017etikrindami tobul\u0105 galutin\u012f rezultat\u0105 ir pasitenkinim\u0105, kad visk\u0105 atlikote patys. Leiskite savo virtuvei spind\u0117ti unikaliu stiliumi ir prakti\u0161kumu, kur\u012f si\u016blo \u201eLangen Artisan\u201c indaplov\u0117 su priekine rankena D45FZW.<\/p>","protected":false},"excerpt":{"rendered":"<p>Plotis (cm): 45<br \/>\n\u016agis (cm): 71,3<br \/>\nKolekcijaLangen Artisan Kitchen<\/p>","protected":false},"featured_media":161761,"comment_status":"open","ping_status":"open","template":"","meta":[],"product_brand":[],"product_cat":[9442,9251,4106],"product_tag":[],"class_list":{"0":"post-161760","1":"product","2":"type-product","3":"status-publish","4":"has-post-thumbnail","6":"product_cat-kitchen-system-langen-dab-artisan","7":"product_cat-musor","8":"product_cat-gala-meble","10":"first","11":"instock","12":"purchasable","13":"product-type-simple"},"_links":{"self":[{"href":"https:\/\/baldumarket.lt\/lt\/wp-json\/wp\/v2\/product\/161760","targetHints":{"allow":["GET"]}}],"collection":[{"href":"https:\/\/baldumarket.lt\/lt\/wp-json\/wp\/v2\/product"}],"about":[{"href":"https:\/\/baldumarket.lt\/lt\/wp-json\/wp\/v2\/types\/product"}],"replies":[{"embeddable":true,"href":"https:\/\/baldumarket.lt\/lt\/wp-json\/wp\/v2\/comments?post=161760"}],"wp:featuredmedia":[{"embeddable":true,"href":"https:\/\/baldumarket.lt\/lt\/wp-json\/wp\/v2\/media\/161761"}],"wp:attachment":[{"href":"https:\/\/baldumarket.lt\/lt\/wp-json\/wp\/v2\/media?parent=161760"}],"wp:term":[{"taxonomy":"product_brand","embeddable":true,"href":"https:\/\/baldumarket.lt\/lt\/wp-json\/wp\/v2\/product_brand?post=161760"},{"taxonomy":"product_cat","embeddable":true,"href":"https:\/\/baldumarket.lt\/lt\/wp-json\/wp\/v2\/product_cat?post=161760"},{"taxonomy":"product_tag","embeddable":true,"href":"https:\/\/baldumarket.lt\/lt\/wp-json\/wp\/v2\/product_tag?post=161760"}],"curies":[{"name":"wp","href":"https:\/\/api.w.org\/{rel}","templated":true}]}}