{"id":161756,"date":"2025-12-19T01:53:29","date_gmt":"2025-12-18T22:53:29","guid":{"rendered":"https:\/\/baldumarket.lt\/product\/front-zmywarki-45-cm-d45fzw-langen-beige\/"},"modified":"2026-02-06T13:41:51","modified_gmt":"2026-02-06T10:41:51","slug":"front-zmywarki-45-cm-d45fzw-langen-beige","status":"publish","type":"product","link":"https:\/\/baldumarket.lt\/lt\/product\/front-zmywarki-45-cm-d45fzw-langen-beige\/","title":{"rendered":"Indaplov\u0117s priekis 45 cm D45FZW Langen Beige"},"content":{"rendered":"<p>Atraskite elegancijos \u017eaves\u012f savo interjere su garsaus \u201eGa\u0142a Meble\u201c prek\u0117s \u017eenklo \u201eLangen Beige\u201c indaplov\u0117s priekiu. \u0160is stilingas papildymas \u2013 tai b\u016bdas nutraukti virtuv\u0117s erdvi\u0173 monotonij\u0105 savo subtilia, ta\u010diau i\u0161rai\u0161kinga i\u0161vaizda. Matin\u0117 sm\u0117lio spalva puikiai dera prie \u0161iuolaikini\u0173 tendencij\u0173, suteikdama kambariui lengvumo ir elegancijos. Ji bus puikus fonas kitiems dekoro elementams, o d\u0117l savo universalumo lengvai der\u0117s prie \u012fvairi\u0173 interjero dizaino stili\u0173.<\/p>\n<p>Estetika yra viena, ta\u010diau \u201eLangen Beige\u201c fasadas taip pat yra puikus sprendimas tiems, kurie vertina funkcionalum\u0105 ir prakti\u0161kum\u0105. Surinkdami patys, galite visi\u0161kai kontroliuoti jo pritaikym\u0105 savo indaplovei. Tai ypa\u010d svarbu, jei norite greitai ir lengvai atnaujinti savo virtuv\u0119 be profesional\u0173 paslaug\u0173.<\/p>\n<p>Pagrindinis \u0161io gaminio i\u0161skirtinis bruo\u017eas yra ne tik funkcionalumas, bet ir d\u0117mesys kiekvienai detalei. Auk\u0161tos kokyb\u0117s MDF plok\u0161t\u0117, i\u0161 kurios pagaminta priekin\u0117 dalis, u\u017etikrina patvarum\u0105 ir didel\u012f atsparum\u0105 kasdieniam naudojimui. Be to, juodos metalin\u0117s rankenos yra ne tik prakti\u0161kos, bet ir suteikia rafinuot\u0105 kontrast\u0105, kuris patraukia ak\u012f ir pabr\u0117\u017eia unikal\u0173 interjero charakter\u012f.<\/p>\n<p>\u201eLangen Beige\u201c indaplov\u0117s priekin\u0117 dalis \u2013 tai elegancijos ir funkcionalumo derinys, suteikiantis bet kuriai virtuvei nauj\u0105 spindes\u012f. \u0160is sprendimas patenkina tiek estetinius, tiek praktinius poreikius, si\u016blydamas gamin\u012f, kuris atitinka \u0161iuolaikinio vartotojo l\u016bkes\u010dius. Rinkit\u0117s \u201eLangen Beige\u201c ir m\u0117gaukit\u0117s harmoningu stiliaus ir kokyb\u0117s deriniu ilgus metus!<\/p>","protected":false},"excerpt":{"rendered":"<p>Plotis (cm): 45<br \/>\n\u016agis (cm): 71,3<br \/>\nKolekcija: Langen Beige Kitchen<\/p>","protected":false},"featured_media":161757,"comment_status":"open","ping_status":"open","template":"","meta":[],"product_brand":[],"product_cat":[9449,9251,4106],"product_tag":[],"class_list":{"0":"post-161756","1":"product","2":"type-product","3":"status-publish","4":"has-post-thumbnail","6":"product_cat-kitchen-system-langen-beige-dab-artisan","7":"product_cat-musor","8":"product_cat-gala-meble","10":"first","11":"instock","12":"purchasable","13":"product-type-simple"},"_links":{"self":[{"href":"https:\/\/baldumarket.lt\/lt\/wp-json\/wp\/v2\/product\/161756","targetHints":{"allow":["GET"]}}],"collection":[{"href":"https:\/\/baldumarket.lt\/lt\/wp-json\/wp\/v2\/product"}],"about":[{"href":"https:\/\/baldumarket.lt\/lt\/wp-json\/wp\/v2\/types\/product"}],"replies":[{"embeddable":true,"href":"https:\/\/baldumarket.lt\/lt\/wp-json\/wp\/v2\/comments?post=161756"}],"wp:featuredmedia":[{"embeddable":true,"href":"https:\/\/baldumarket.lt\/lt\/wp-json\/wp\/v2\/media\/161757"}],"wp:attachment":[{"href":"https:\/\/baldumarket.lt\/lt\/wp-json\/wp\/v2\/media?parent=161756"}],"wp:term":[{"taxonomy":"product_brand","embeddable":true,"href":"https:\/\/baldumarket.lt\/lt\/wp-json\/wp\/v2\/product_brand?post=161756"},{"taxonomy":"product_cat","embeddable":true,"href":"https:\/\/baldumarket.lt\/lt\/wp-json\/wp\/v2\/product_cat?post=161756"},{"taxonomy":"product_tag","embeddable":true,"href":"https:\/\/baldumarket.lt\/lt\/wp-json\/wp\/v2\/product_tag?post=161756"}],"curies":[{"name":"wp","href":"https:\/\/api.w.org\/{rel}","templated":true}]}}