{"id":161751,"date":"2025-12-19T01:53:21","date_gmt":"2025-12-18T22:53:21","guid":{"rendered":"https:\/\/baldumarket.lt\/product\/front-zmywarki-45-cm-d45fzw-langen-grey\/"},"modified":"2026-02-06T14:36:51","modified_gmt":"2026-02-06T11:36:51","slug":"front-zmywarki-45-cm-d45fzw-langen-grey","status":"publish","type":"product","link":"https:\/\/baldumarket.lt\/lt\/product\/front-zmywarki-45-cm-d45fzw-langen-grey\/","title":{"rendered":"Indaplov\u0117s priekis 45 cm D45FZW Langen Pilka"},"content":{"rendered":"<p>Atgaivinkite savo virtuv\u0119 su \u201eLangen Grey D45FZW\u201c indaplov\u0117s priekiu, kuris derina elegancij\u0105 ir prakti\u0161kum\u0105. Kaip dekoratyvinis elementas, \u0161is priekis suteikia stiling\u0105 akcent\u0105 bet kokiam interjerui, \u012fvesdamas modern\u0173 ir nesenstant\u012f dizain\u0105. Matin\u0117 pilka spalva pabr\u0117\u017eia subtilum\u0105 ir minimalizm\u0105, puikiai papildydama \u012fvairius virtuv\u0117s i\u0161d\u0117stymus. Pagaminta i\u0161 patvarios MDF plok\u0161t\u0117s, \u201eLangen Grey\u201c priekis garantuoja patvarum\u0105 ir ilgaam\u017ei\u0161kum\u0105. \u0160i investicija yra ne tik stiliaus, bet ir funkcionalumo klausimas. Lengvas valymas ir atsparumas pa\u017eeidimams daro kasdien\u012f naudojim\u0105 ne\u012ftik\u0117tinai patog\u0173. Visa tai kartu su savaranki\u0161ku surinkimu leid\u017eia greitai atnaujinti virtuv\u0117s i\u0161vaizd\u0105 be nereikaling\u0173 komplikacij\u0173. Priekin\u0119 dal\u012f papildo juoda rankena, kuri suteikia charakterio ir modernumo. Taip pat galite rinktis atidarymo stumiant sistem\u0105, kuri rei\u0161kia, kad n\u0117ra ranken\u0117li\u0173 ir dizainas dar paprastesnis. Abu sprendimai puikiai papildo pilk\u0105 spalv\u0105, sukurdami darni\u0105 ir esteti\u0161kai patraukli\u0105 visum\u0105.<\/p>","protected":false},"excerpt":{"rendered":"<p>Plotis (cm): 45<br \/>\n\u016agis (cm): 71,3<br \/>\nKolekcija: Langen Grey Kitchen<\/p>","protected":false},"featured_media":161752,"comment_status":"open","ping_status":"open","template":"","meta":[],"product_brand":[],"product_cat":[9449,9251,4106],"product_tag":[],"class_list":{"0":"post-161751","1":"product","2":"type-product","3":"status-publish","4":"has-post-thumbnail","6":"product_cat-kitchen-system-langen-beige-dab-artisan","7":"product_cat-musor","8":"product_cat-gala-meble","10":"first","11":"instock","12":"purchasable","13":"product-type-simple"},"_links":{"self":[{"href":"https:\/\/baldumarket.lt\/lt\/wp-json\/wp\/v2\/product\/161751","targetHints":{"allow":["GET"]}}],"collection":[{"href":"https:\/\/baldumarket.lt\/lt\/wp-json\/wp\/v2\/product"}],"about":[{"href":"https:\/\/baldumarket.lt\/lt\/wp-json\/wp\/v2\/types\/product"}],"replies":[{"embeddable":true,"href":"https:\/\/baldumarket.lt\/lt\/wp-json\/wp\/v2\/comments?post=161751"}],"wp:featuredmedia":[{"embeddable":true,"href":"https:\/\/baldumarket.lt\/lt\/wp-json\/wp\/v2\/media\/161752"}],"wp:attachment":[{"href":"https:\/\/baldumarket.lt\/lt\/wp-json\/wp\/v2\/media?parent=161751"}],"wp:term":[{"taxonomy":"product_brand","embeddable":true,"href":"https:\/\/baldumarket.lt\/lt\/wp-json\/wp\/v2\/product_brand?post=161751"},{"taxonomy":"product_cat","embeddable":true,"href":"https:\/\/baldumarket.lt\/lt\/wp-json\/wp\/v2\/product_cat?post=161751"},{"taxonomy":"product_tag","embeddable":true,"href":"https:\/\/baldumarket.lt\/lt\/wp-json\/wp\/v2\/product_tag?post=161751"}],"curies":[{"name":"wp","href":"https:\/\/api.w.org\/{rel}","templated":true}]}}