{"id":161748,"date":"2025-12-19T01:53:16","date_gmt":"2025-12-18T22:53:16","guid":{"rendered":"https:\/\/baldumarket.lt\/product\/front-zmywarki-45-cm-d45fzw-linea-grey-szary-mat\/"},"modified":"2026-02-08T10:43:20","modified_gmt":"2026-02-08T07:43:20","slug":"front-zmywarki-45-cm-d45fzw-linea-grey-szary-mat","status":"publish","type":"product","link":"https:\/\/baldumarket.lt\/lt\/product\/front-zmywarki-45-cm-d45fzw-linea-grey-szary-mat\/","title":{"rendered":"Indaplov\u0117s priekin\u0117 dalis 45 cm D45FZW Linea pilka matin\u0117"},"content":{"rendered":"<p>Atraskite 45 cm skersmens, subtilaus matin\u0117s pilkos spalvos \u201eD45FZW Linea Grey\u201c indaplov\u0117s priekio elegancij\u0105 ir funkcionalum\u0105. \u0160is priekis puikiai tinka moderniam interjerui ir yra puikus sprendimas ie\u0161kantiems stiling\u0173 virtuv\u0117s sprendim\u0173. Jis suteiks j\u016bs\u0173 indaplovei gaiv\u0173 vaizd\u0105, kuris harmoningai der\u0117s prie bet kokio interjero.<\/p>\n<p>Pagaminta i\u0161 patvarios MDF plok\u0161t\u0117s, priekin\u0117 dalis yra ne tik esteti\u0161kai patraukli, bet ir patvari, u\u017etikrinanti ilgalaik\u012f naudojim\u0105. Subtilus matinis pilkas pavir\u0161ius suteikia virtuvei modernumo, lengvai dera su \u012fvairiomis spalvomis ir med\u017eiagomis. I\u0161skirtinis meistri\u0161kumas u\u017etikrina tinkam\u0105 atsparum\u0105 dr\u0117gmei ir kasdieniam naudojimui.<\/p>\n<p>Juodos metalin\u0117s rankenos suteikia priekiui industrinio charakterio, pabr\u0117\u017eiant modern\u0173 dizain\u0105. Ergonomi\u0161ka j\u0173 forma u\u017etikrina patogum\u0105 kasdien naudojant, tod\u0117l indaplov\u0117 yra ne tik gra\u017ei, bet ir prakti\u0161ka bei lengvai naudojama.<\/p>\n<p>Savaranki\u0161kas priekin\u0117s dalies surinkimas suteikia pasitenkinimo jausm\u0105 ir galimyb\u0119 visi\u0161kai pritaikyti virtuv\u0117s prietais\u0105 savo poreikiams. Tai idealus pasirinkimas tiems, kurie vertina individualius sprendimus ir m\u0117gsta \u201epasidaryk pats\u201c projektus. K\u016brybi\u0161kumas, modernumas ir funkcionalumas viename \u2013 tai, kas i\u0161skiria \u201eGa\u0142a Meble\u201c gaminius.<\/p>","protected":false},"excerpt":{"rendered":"<p>Plotis (cm): 45<br \/>\n\u016agis (cm): 71,3<br \/>\nKolekcija: \u201eLinea Grey\u201c virtuv\u0117<\/p>","protected":false},"featured_media":161749,"comment_status":"open","ping_status":"open","template":"","meta":[],"product_brand":[],"product_cat":[9448,9251,9441,4106],"product_tag":[],"class_list":{"0":"post-161748","1":"product","2":"type-product","3":"status-publish","4":"has-post-thumbnail","6":"product_cat-kitchen-system-linea-grey","7":"product_cat-musor","8":"product_cat-white","9":"product_cat-gala-meble","11":"first","12":"instock","13":"purchasable","14":"product-type-simple"},"_links":{"self":[{"href":"https:\/\/baldumarket.lt\/lt\/wp-json\/wp\/v2\/product\/161748","targetHints":{"allow":["GET"]}}],"collection":[{"href":"https:\/\/baldumarket.lt\/lt\/wp-json\/wp\/v2\/product"}],"about":[{"href":"https:\/\/baldumarket.lt\/lt\/wp-json\/wp\/v2\/types\/product"}],"replies":[{"embeddable":true,"href":"https:\/\/baldumarket.lt\/lt\/wp-json\/wp\/v2\/comments?post=161748"}],"wp:featuredmedia":[{"embeddable":true,"href":"https:\/\/baldumarket.lt\/lt\/wp-json\/wp\/v2\/media\/161749"}],"wp:attachment":[{"href":"https:\/\/baldumarket.lt\/lt\/wp-json\/wp\/v2\/media?parent=161748"}],"wp:term":[{"taxonomy":"product_brand","embeddable":true,"href":"https:\/\/baldumarket.lt\/lt\/wp-json\/wp\/v2\/product_brand?post=161748"},{"taxonomy":"product_cat","embeddable":true,"href":"https:\/\/baldumarket.lt\/lt\/wp-json\/wp\/v2\/product_cat?post=161748"},{"taxonomy":"product_tag","embeddable":true,"href":"https:\/\/baldumarket.lt\/lt\/wp-json\/wp\/v2\/product_tag?post=161748"}],"curies":[{"name":"wp","href":"https:\/\/api.w.org\/{rel}","templated":true}]}}