{"id":161744,"date":"2025-12-19T01:53:09","date_gmt":"2025-12-18T22:53:09","guid":{"rendered":"https:\/\/baldumarket.lt\/product\/front-zmywarki-45-cm-d45fzw-linea-white-bialy-mat\/"},"modified":"2026-02-06T13:27:12","modified_gmt":"2026-02-06T10:27:12","slug":"front-zmywarki-45-cm-d45fzw-linea-white-bialy-mat","status":"publish","type":"product","link":"https:\/\/baldumarket.lt\/lt\/product\/front-zmywarki-45-cm-d45fzw-linea-white-bialy-mat\/","title":{"rendered":"Indaplov\u0117s priekin\u0117 dalis 45 cm D45FZW Linea balta matin\u0117"},"content":{"rendered":"<p>Matin\u0117s baltos spalvos \u201eLinea White D45FZW\u201c indaplov\u0117s priekin\u0117 dalis \u2013 puikus pasirinkimas tiems, kurie vertina modern\u0173 dizain\u0105 ir i\u0161skirtin\u0119 elegancij\u0105 savo virtuv\u0117je. Subtili balta spalva kartu su subtiliomis auksin\u0117mis ranken\u0117l\u0117mis sukuria harmoning\u0105 kompozicij\u0105, kuri traukia ak\u012f ir suteikia virtuvei rafinuotumo.<\/p>\n<p>Priekin\u0117 dalis, pagaminta i\u0161 auk\u0161tos kokyb\u0117s MDF plok\u0161t\u0117s, ne tik atrodo nuostabiai, bet ir yra patvari bei lengvai valoma. Matin\u0117 apdaila suteikia jai \u0161velni\u0105, atlasin\u0119 i\u0161vaizd\u0105, kuri dera tiek su moderniu, tiek su klasikiniu interjeru. Virtuv\u0117 su \u0161ia priekine dalimi sustiprina stili\u0173 ir elegancij\u0105, tapdama nam\u0173 \u0161irdimi \u2013 vieta, kurioje nor\u0117site praleisti laik\u0105.<\/p>\n<p>Aukso spalvos metalin\u0117s ranken\u0117l\u0117s suteikia prabangos, subtiliai pabr\u0117\u017eian\u010dios \u0161io gaminio i\u0161skirtinum\u0105. Auksin\u0117 ranken\u0117li\u0173 spalva yra nesenstanti ir puikiai papildo balt\u0105 fasad\u0105, sukurdama derin\u012f, kuris prad\u017eiugins net ir i\u0161rankiausius klientus. Estetika ir funkcionalumas yra neatsiejami, tod\u0117l virtuv\u0117s naudojimas tampa visi\u0161kai naujas malonumo lygis.<\/p>\n<p>\u201eLinea White D45FZW\u201c indaplov\u0117s priekin\u0117 dalis sukurta taip, kad j\u0105 b\u016bt\u0173 galima surinkti savaranki\u0161kai, tod\u0117l galite visi\u0161kai kontroliuoti montavimo proces\u0105 ir pritaikyti j\u012f savo poreikiams. Paprastas surinkimas rei\u0161kia, kad net ir neturintys patirties asmenys gali susidoroti su \u0161ia u\u017eduotimi ir m\u0117gautis pasitenkinimu, sukurdami svajoni\u0173 virtuv\u0119 savo rankomis.<\/p>\n<p>Pasirinkdami \u201eLinea White D45FZW\u201c indaplov\u0119 su priekine durimis, investuojate \u012f stili\u0173 ir funkcionalum\u0105, kuri\u0173 harmoningas derinys pakels j\u016bs\u0173 virtuv\u0119 \u012f auk\u0161tesn\u0119 klas\u0119. Tai puikus pasirinkimas tiems, kurie nori derinti estetik\u0105 su prakti\u0161kumu, suteikdami savo interjerui unikal\u0173 charakter\u012f.<\/p>","protected":false},"excerpt":{"rendered":"<p>Plotis (cm): 45<br \/>\n\u016agis (cm): 71,3<br \/>\nGylis (cm): 44,6<\/p>","protected":false},"featured_media":161745,"comment_status":"open","ping_status":"open","template":"","meta":[],"product_brand":[],"product_cat":[9446,9251,4106],"product_tag":[],"class_list":{"0":"post-161744","1":"product","2":"type-product","3":"status-publish","4":"has-post-thumbnail","6":"product_cat-kitchen-system-linea-white","7":"product_cat-musor","8":"product_cat-gala-meble","10":"first","11":"instock","12":"purchasable","13":"product-type-simple"},"_links":{"self":[{"href":"https:\/\/baldumarket.lt\/lt\/wp-json\/wp\/v2\/product\/161744","targetHints":{"allow":["GET"]}}],"collection":[{"href":"https:\/\/baldumarket.lt\/lt\/wp-json\/wp\/v2\/product"}],"about":[{"href":"https:\/\/baldumarket.lt\/lt\/wp-json\/wp\/v2\/types\/product"}],"replies":[{"embeddable":true,"href":"https:\/\/baldumarket.lt\/lt\/wp-json\/wp\/v2\/comments?post=161744"}],"wp:featuredmedia":[{"embeddable":true,"href":"https:\/\/baldumarket.lt\/lt\/wp-json\/wp\/v2\/media\/161745"}],"wp:attachment":[{"href":"https:\/\/baldumarket.lt\/lt\/wp-json\/wp\/v2\/media?parent=161744"}],"wp:term":[{"taxonomy":"product_brand","embeddable":true,"href":"https:\/\/baldumarket.lt\/lt\/wp-json\/wp\/v2\/product_brand?post=161744"},{"taxonomy":"product_cat","embeddable":true,"href":"https:\/\/baldumarket.lt\/lt\/wp-json\/wp\/v2\/product_cat?post=161744"},{"taxonomy":"product_tag","embeddable":true,"href":"https:\/\/baldumarket.lt\/lt\/wp-json\/wp\/v2\/product_tag?post=161744"}],"curies":[{"name":"wp","href":"https:\/\/api.w.org\/{rel}","templated":true}]}}