{"id":161739,"date":"2025-12-19T01:53:00","date_gmt":"2025-12-18T22:53:00","guid":{"rendered":"https:\/\/baldumarket.lt\/product\/front-zmywarki-45-cm-niski-d45fzn-prowansja-sosna-andersen\/"},"modified":"2026-02-08T11:53:56","modified_gmt":"2026-02-08T08:53:56","slug":"front-zmywarki-45-cm-niski-d45fzn-prowansja-sosna-andersen","status":"publish","type":"product","link":"https:\/\/baldumarket.lt\/lt\/product\/front-zmywarki-45-cm-niski-d45fzn-prowansja-sosna-andersen\/","title":{"rendered":"Indaplov\u0117s priekin\u0117 dalis 45 cm \u017eema D45FZN Provanso pu\u0161is Andersen"},"content":{"rendered":"<p>Suteikite savo virtuvei Provanso \u017eavesio su garsaus \u201eGa\u0142a Meble\u201c prek\u0117s \u017eenklo \u201eAndersen Pine\u201c spalvos indaplov\u0117s priekiu D45FZN. \u0160i eleganti\u0161ka MDF plok\u0161t\u0117 sukurta tiems, kurie nori derinti stili\u0173 su funkcionalumu. Universali estetika ne tik padidins j\u016bs\u0173 virtuv\u0117s gro\u017e\u012f, bet ir u\u017etikrins ilgalaik\u012f patvarum\u0105. 45 cm plo\u010dio ir 57 cm auk\u0161\u010dio indaplov\u0117s priekis puikiai papildys bet kuri\u0105 moderni\u0105 virtuv\u0117s erdv\u0119. Rafinuota i\u0161vaizda, imituojanti nat\u016brali\u0105 pu\u0161ies medien\u0105, suteiks interjerui \u0161ilumos ir elegancijos. Tai puikus pasirinkimas tiems, kurie vertina subtil\u0173 ir nesenstant\u012f dizain\u0105, harmoningai papildant\u012f \u012fvairius interjero dizainus. Gili juoda metalin\u0117 rankena suteikia modernumo. Tvirta konstrukcija u\u017etikrina paprast\u0105 naudojim\u0105 ir tuo pa\u010diu metu yra stilingas dekoratyvinis elementas. D\u0117l kruop\u0161\u010diai apgalvoto med\u017eiag\u0173 derinio priekin\u0117 dalis yra atspari kasdieniams pa\u017eeidimams ir \u012fbr\u0117\u017eimams, garantuodama i\u0161skirtin\u012f patvarum\u0105.<\/p>","protected":false},"excerpt":{"rendered":"<p>Plotis (cm): 45<br \/>\n\u016agis (cm): 57<br \/>\nKolekcija: Provanso virtuv\u0117<\/p>","protected":false},"featured_media":161740,"comment_status":"open","ping_status":"open","template":"","meta":[],"product_brand":[],"product_cat":[9444,9251,4106],"product_tag":[],"class_list":{"0":"post-161739","1":"product","2":"type-product","3":"status-publish","4":"has-post-thumbnail","6":"product_cat-kitchen-system-prowansja-sosna-andersen","7":"product_cat-musor","8":"product_cat-gala-meble","10":"first","11":"instock","12":"purchasable","13":"product-type-simple"},"_links":{"self":[{"href":"https:\/\/baldumarket.lt\/lt\/wp-json\/wp\/v2\/product\/161739","targetHints":{"allow":["GET"]}}],"collection":[{"href":"https:\/\/baldumarket.lt\/lt\/wp-json\/wp\/v2\/product"}],"about":[{"href":"https:\/\/baldumarket.lt\/lt\/wp-json\/wp\/v2\/types\/product"}],"replies":[{"embeddable":true,"href":"https:\/\/baldumarket.lt\/lt\/wp-json\/wp\/v2\/comments?post=161739"}],"wp:featuredmedia":[{"embeddable":true,"href":"https:\/\/baldumarket.lt\/lt\/wp-json\/wp\/v2\/media\/161740"}],"wp:attachment":[{"href":"https:\/\/baldumarket.lt\/lt\/wp-json\/wp\/v2\/media?parent=161739"}],"wp:term":[{"taxonomy":"product_brand","embeddable":true,"href":"https:\/\/baldumarket.lt\/lt\/wp-json\/wp\/v2\/product_brand?post=161739"},{"taxonomy":"product_cat","embeddable":true,"href":"https:\/\/baldumarket.lt\/lt\/wp-json\/wp\/v2\/product_cat?post=161739"},{"taxonomy":"product_tag","embeddable":true,"href":"https:\/\/baldumarket.lt\/lt\/wp-json\/wp\/v2\/product_tag?post=161739"}],"curies":[{"name":"wp","href":"https:\/\/api.w.org\/{rel}","templated":true}]}}