{"id":161735,"date":"2025-12-19T01:52:52","date_gmt":"2025-12-18T22:52:52","guid":{"rendered":"https:\/\/baldumarket.lt\/product\/front-zmywarki-45-cm-niski-d45fzn-sycylia-orzech\/"},"modified":"2026-02-06T14:32:26","modified_gmt":"2026-02-06T11:32:26","slug":"front-zmywarki-45-cm-niski-d45fzn-sycylia-orzech","status":"publish","type":"product","link":"https:\/\/baldumarket.lt\/lt\/product\/front-zmywarki-45-cm-niski-d45fzn-sycylia-orzech\/","title":{"rendered":"Indaplov\u0117s priekin\u0117 dalis 45 cm \u017eema D45FZN Sicily Walnut"},"content":{"rendered":"<p>\u012esileiskite itali\u0161kos saul\u0117s \u0161ilum\u0105 \u012f savo virtuv\u0119 su \u201eGa\u0142a Meble\u201c indaplov\u0117s priekiu D45FZN Sicily Walnut. \u0160is eleganti\u0161kas Milano Walnut apdailos elementas ne tik suteikia prabangos, bet ir jaukumo bet kuriam kambariui. D\u0117l stilingo dizaino \u0161is priekis taps nepakei\u010diamu ir ak\u012f traukian\u010diu elementu j\u016bs\u0173 virtuv\u0117je.<\/p>\n<p>\u201eMilano Walnut\u201c spalva puikiai dera tiek su moderniu, tiek su klasikiniu interjero dizainu. Tai rei\u0161kia, kad j\u0105 galite lengvai priderinti prie kit\u0173 bald\u0173, sukurdami darni\u0105 ir harmoning\u0105 erdv\u0119, nepriklausomai nuo virtuv\u0117s stiliaus. Subtilus blizgesys suteikia interjerui elegancijos ir pabr\u0117\u017eia unikal\u0173 charakter\u012f.<\/p>\n<p>Funkcionalumas neatsiejamas nuo estetikos \u2013 priekin\u0117 dalis pagaminta i\u0161 MDF plok\u0161t\u0117s, u\u017etikrinan\u010dios patvarum\u0105 ir atsparum\u0105 kasdieniam naudojimui. Papildomas privalumas \u2013 galimyb\u0117 surinkti patiems, nes galite m\u0117gautis pasitenkinimu asmeni\u0161kai prisid\u0117dami prie savo virtuv\u0117s apdailos. D\u0117l intuityvaus dizaino montavimo procesas yra greitas ir paprastas.<\/p>\n<p>Stilinga sidabrin\u0117 rankena suteikia prietaisui modernumo ir patogumo. Atraskite estetikos ir prakti\u0161kumo derinimo d\u017eiaugsm\u0105 ir su\u017einokite, kaip \u0161i D45FZN Sicily Walnut fasado spintel\u0117 gali pakeisti j\u016bs\u0173 virtuv\u0117s i\u0161vaizd\u0105, suteikdama jai unikali\u0105 atmosfer\u0105.<\/p>","protected":false},"excerpt":{"rendered":"<p>Plotis (cm): 45<br \/>\n\u016agis (cm): 57<br \/>\nKolekcija: Virtuv\u0117 Sicily Walnut<\/p>","protected":false},"featured_media":161736,"comment_status":"open","ping_status":"open","template":"","meta":[],"product_brand":[],"product_cat":[9450,9251,4106],"product_tag":[],"class_list":{"0":"post-161735","1":"product","2":"type-product","3":"status-publish","4":"has-post-thumbnail","6":"product_cat-kitchen-system-sycylia-orzech-milano","7":"product_cat-musor","8":"product_cat-gala-meble","10":"first","11":"instock","12":"purchasable","13":"product-type-simple"},"_links":{"self":[{"href":"https:\/\/baldumarket.lt\/lt\/wp-json\/wp\/v2\/product\/161735","targetHints":{"allow":["GET"]}}],"collection":[{"href":"https:\/\/baldumarket.lt\/lt\/wp-json\/wp\/v2\/product"}],"about":[{"href":"https:\/\/baldumarket.lt\/lt\/wp-json\/wp\/v2\/types\/product"}],"replies":[{"embeddable":true,"href":"https:\/\/baldumarket.lt\/lt\/wp-json\/wp\/v2\/comments?post=161735"}],"wp:featuredmedia":[{"embeddable":true,"href":"https:\/\/baldumarket.lt\/lt\/wp-json\/wp\/v2\/media\/161736"}],"wp:attachment":[{"href":"https:\/\/baldumarket.lt\/lt\/wp-json\/wp\/v2\/media?parent=161735"}],"wp:term":[{"taxonomy":"product_brand","embeddable":true,"href":"https:\/\/baldumarket.lt\/lt\/wp-json\/wp\/v2\/product_brand?post=161735"},{"taxonomy":"product_cat","embeddable":true,"href":"https:\/\/baldumarket.lt\/lt\/wp-json\/wp\/v2\/product_cat?post=161735"},{"taxonomy":"product_tag","embeddable":true,"href":"https:\/\/baldumarket.lt\/lt\/wp-json\/wp\/v2\/product_tag?post=161735"}],"curies":[{"name":"wp","href":"https:\/\/api.w.org\/{rel}","templated":true}]}}