{"id":161731,"date":"2025-12-19T01:52:44","date_gmt":"2025-12-18T22:52:44","guid":{"rendered":"https:\/\/baldumarket.lt\/product\/front-zmywarki-45-cm-sorento-d45fzw-baltic-storm\/"},"modified":"2026-02-05T13:58:30","modified_gmt":"2026-02-05T10:58:30","slug":"front-zmywarki-45-cm-sorento-d45fzw-baltic-storm","status":"publish","type":"product","link":"https:\/\/baldumarket.lt\/lt\/product\/front-zmywarki-45-cm-sorento-d45fzw-baltic-storm\/","title":{"rendered":"Indaplov\u0117 su priekine dalimi, 45 cm, Sorento D45FZW, Baltic Storm"},"content":{"rendered":"<p>Ak\u012f traukianti 45 cm \u201eSorento D45FZW\u201c indaplov\u0117s priekin\u0117 dalis \u2013 tobulas modernumo ir funkcionalumo derinys, puikiai papildantis \u012fvairius virtuv\u0117s dizainus. Jos \u201eBaltic Storm\u201c spalva \u017eavi savo gyliu, suteikdama erdvei eleganti\u0161k\u0105 ir stiling\u0105 charakter\u012f. Pagaminta i\u0161 auk\u0161tos kokyb\u0117s laminuotos plok\u0161t\u0117s, priekin\u0117 dalis i\u0161siskiria ne tik estetika, bet ir patvarumu, tod\u0117l tai puikus pasirinkimas ateinantiems metams.<\/p>\n<p>Stilinga juoda metalin\u0117 rankena suteikia rafinuotumo, kontrastuoja su ry\u0161kia priekine dalimi. Jos ilgis ir atstumas tarp j\u0173 ne tik puikiai atrodo, bet ir u\u017etikrina patog\u0173 su\u0117mim\u0105, o tai \u017eymiai supaprastina kasdien\u012f indaplov\u0117s naudojim\u0105. Priekin\u0117s dalies ir rankenos dizainas derina paprastum\u0105 su modernumu, sukurdamas darni\u0105 visum\u0105, kuri tikrai pritrauks j\u016bs\u0173 sve\u010di\u0173 d\u0117mes\u012f.<\/p>\n<p>71 cm auk\u0161\u010dio ir 18 cm gylio \u0161i indaplov\u0117s priekin\u0117 dalis puikiai tinka daugumai standartini\u0173 virtuv\u0117s spinteli\u0173 ir suteikia galimyb\u0119 suasmeninti erdv\u0119 pagal savo skon\u012f. Savaranki\u0161kas surinkimas leid\u017eia greitai ir lengvai sumontuoti, tod\u0117l gal\u0117site greitai m\u0117gautis nauja, atnaujinta virtuv\u0117s i\u0161vaizda. Tai puikus sprendimas tiems, kurie vertina prakti\u0161kum\u0105 ir estetik\u0105 viename.<\/p>\n<p>Nepamir\u0161kite, kad \u201eSorento\u201c indaplov\u0117s priekin\u0117 dalis yra ne tik dekoratyvi, bet ir funkcionali. D\u0117l atsparios pa\u017eeidimams med\u017eiagos tai ilgalaik\u0117 investicija. Patraukite vis\u0173, kurie naudojasi j\u016bs\u0173 virtuve, d\u0117mes\u012f ir pabr\u0117\u017ekite jos unikal\u0173 stili\u0173 \u0161iuo eleganti\u0161ku ir prakti\u0161ku sprendimu!<\/p>","protected":false},"excerpt":{"rendered":"<p>Plotis (cm): 45<br \/>\n\u016agis (cm): 71<br \/>\nGylis (cm): 18<\/p>","protected":false},"featured_media":161732,"comment_status":"open","ping_status":"open","template":"","meta":[],"product_brand":[],"product_cat":[9436,9251,4106],"product_tag":[],"class_list":{"0":"post-161731","1":"product","2":"type-product","3":"status-publish","4":"has-post-thumbnail","6":"product_cat-kitchen-system-sorento","7":"product_cat-musor","8":"product_cat-gala-meble","10":"first","11":"instock","12":"purchasable","13":"product-type-simple"},"_links":{"self":[{"href":"https:\/\/baldumarket.lt\/lt\/wp-json\/wp\/v2\/product\/161731","targetHints":{"allow":["GET"]}}],"collection":[{"href":"https:\/\/baldumarket.lt\/lt\/wp-json\/wp\/v2\/product"}],"about":[{"href":"https:\/\/baldumarket.lt\/lt\/wp-json\/wp\/v2\/types\/product"}],"replies":[{"embeddable":true,"href":"https:\/\/baldumarket.lt\/lt\/wp-json\/wp\/v2\/comments?post=161731"}],"wp:featuredmedia":[{"embeddable":true,"href":"https:\/\/baldumarket.lt\/lt\/wp-json\/wp\/v2\/media\/161732"}],"wp:attachment":[{"href":"https:\/\/baldumarket.lt\/lt\/wp-json\/wp\/v2\/media?parent=161731"}],"wp:term":[{"taxonomy":"product_brand","embeddable":true,"href":"https:\/\/baldumarket.lt\/lt\/wp-json\/wp\/v2\/product_brand?post=161731"},{"taxonomy":"product_cat","embeddable":true,"href":"https:\/\/baldumarket.lt\/lt\/wp-json\/wp\/v2\/product_cat?post=161731"},{"taxonomy":"product_tag","embeddable":true,"href":"https:\/\/baldumarket.lt\/lt\/wp-json\/wp\/v2\/product_tag?post=161731"}],"curies":[{"name":"wp","href":"https:\/\/api.w.org\/{rel}","templated":true}]}}