{"id":161727,"date":"2025-12-19T01:52:36","date_gmt":"2025-12-18T22:52:36","guid":{"rendered":"https:\/\/baldumarket.lt\/product\/front-zmywarki-45-cm-sorento-d45fzw-baltic-storm-green\/"},"modified":"2026-02-05T13:58:30","modified_gmt":"2026-02-05T10:58:30","slug":"front-zmywarki-45-cm-sorento-d45fzw-baltic-storm-green","status":"publish","type":"product","link":"https:\/\/baldumarket.lt\/lt\/product\/front-zmywarki-45-cm-sorento-d45fzw-baltic-storm-green\/","title":{"rendered":"Indaplov\u0117 su priekine dalimi, 45 cm, Sorento D45FZW, \u201eBaltic Storm Green\u201c"},"content":{"rendered":"<p>Su matin\u0117s \u017ealios spalvos \u201eSorento D45FZW\u201c indaplov\u0117s priekiu suteikite savo namams modernaus dizaino ir eleganti\u0161ko funkcionalumo. \u0160is \u201eGa\u0142a Meble\u201c kolekcijos indaplov\u0117s priekis ne tik papildys j\u016bs\u0173 virtuv\u0117s vizualin\u012f patrauklum\u0105, bet ir padarys kasdienius darbus malonesnius. Matin\u0117 \u017ealia spalva suteikia j\u016bs\u0173 interjerui harmonijos ir ramyb\u0117s, puikiai papildydama \u012fvairius interjero stilius \u2013 nuo moderni\u0173 iki klasikini\u0173 erdvi\u0173.<\/p>\n<p>\u0160is eleganti\u0161kas fasadas pagamintas i\u0161 patvarios laminuotos plok\u0161t\u0117s. Jo patvarumas u\u017etikrina ilgaam\u017ei\u0161kum\u0105, i\u0161laikant nepriekai\u0161ting\u0105 i\u0161vaizd\u0105 net ir intensyviai naudojant. Minimalistin\u0117 juodo metalo rankena pabr\u0117\u017eia modern\u0173 fasado charakter\u012f, sukurdama harmoning\u0105 visum\u0105 su \u017ealia apdaila.<\/p>\n<p>Pasirink\u0119 \u201eSorento\u201c indaplov\u0117s priekin\u0119 dal\u012f, \u012fgysite ne tik gra\u017ei\u0105 i\u0161vaizd\u0105, bet ir prakti\u0161kum\u0105. Dizainas leid\u017eia lengvai montuoti, tod\u0117l gal\u0117site lengvai atnaujinti savo virtuv\u0117s i\u0161vaizd\u0105. Idealus 45 cm plotis daro j\u0105 puikiu pasirinkimu kompakti\u0161koms indaplov\u0117ms, kur svarbus kiekvienas centimetras. \u0160is funkcionalus elementas suteikia patogumo, leisdamas m\u0117gautis j\u016bs\u0173 poreikiams pritaikyta erdve.<\/p>\n<p>Dar viena detal\u0117, \u012f kuri\u0105 verta atkreipti d\u0117mes\u012f, yra matin\u0117 \u017ealia spalva, kuri i\u0161lieka madinga nepaisant besikei\u010dian\u010di\u0173 tendencij\u0173. Ji ne tik papuo\u0161 interjer\u0105, bet ir sukurs teigiam\u0105 atmosfer\u0105, skatindama atsipalaidavimo akimirkas ir bendrus pietus. \u201eSorento D45FZW\u201c derina kokyb\u0119, stili\u0173 ir ergonomik\u0105 \u2013 puikiai dera prie bet kurios modernios ir stilingos virtuv\u0117s.<\/p>","protected":false},"excerpt":{"rendered":"<p>Plotis (cm): 45<br \/>\n\u016agis (cm): 71,3<br \/>\nGylis (cm): 18<\/p>","protected":false},"featured_media":161728,"comment_status":"open","ping_status":"open","template":"","meta":[],"product_brand":[],"product_cat":[9436,9251,4106],"product_tag":[],"class_list":{"0":"post-161727","1":"product","2":"type-product","3":"status-publish","4":"has-post-thumbnail","6":"product_cat-kitchen-system-sorento","7":"product_cat-musor","8":"product_cat-gala-meble","10":"first","11":"instock","12":"purchasable","13":"product-type-simple"},"_links":{"self":[{"href":"https:\/\/baldumarket.lt\/lt\/wp-json\/wp\/v2\/product\/161727","targetHints":{"allow":["GET"]}}],"collection":[{"href":"https:\/\/baldumarket.lt\/lt\/wp-json\/wp\/v2\/product"}],"about":[{"href":"https:\/\/baldumarket.lt\/lt\/wp-json\/wp\/v2\/types\/product"}],"replies":[{"embeddable":true,"href":"https:\/\/baldumarket.lt\/lt\/wp-json\/wp\/v2\/comments?post=161727"}],"wp:featuredmedia":[{"embeddable":true,"href":"https:\/\/baldumarket.lt\/lt\/wp-json\/wp\/v2\/media\/161728"}],"wp:attachment":[{"href":"https:\/\/baldumarket.lt\/lt\/wp-json\/wp\/v2\/media?parent=161727"}],"wp:term":[{"taxonomy":"product_brand","embeddable":true,"href":"https:\/\/baldumarket.lt\/lt\/wp-json\/wp\/v2\/product_brand?post=161727"},{"taxonomy":"product_cat","embeddable":true,"href":"https:\/\/baldumarket.lt\/lt\/wp-json\/wp\/v2\/product_cat?post=161727"},{"taxonomy":"product_tag","embeddable":true,"href":"https:\/\/baldumarket.lt\/lt\/wp-json\/wp\/v2\/product_tag?post=161727"}],"curies":[{"name":"wp","href":"https:\/\/api.w.org\/{rel}","templated":true}]}}