{"id":161723,"date":"2025-12-19T01:52:28","date_gmt":"2025-12-18T22:52:28","guid":{"rendered":"https:\/\/baldumarket.lt\/product\/front-zmywarki-45-cm-sorento-d45fzw-bezowy-mat\/"},"modified":"2026-02-05T13:58:30","modified_gmt":"2026-02-05T10:58:30","slug":"front-zmywarki-45-cm-sorento-d45fzw-bezowy-mat","status":"publish","type":"product","link":"https:\/\/baldumarket.lt\/lt\/product\/front-zmywarki-45-cm-sorento-d45fzw-bezowy-mat\/","title":{"rendered":"Indaplov\u0117s priekin\u0117 dalis 45 cm Sorento D45FZW matin\u0117s sm\u0117lio spalvos"},"content":{"rendered":"<p>Sukurkite eleganti\u0161k\u0105 ir modern\u0173 virtuv\u0117s \u012fvaizd\u012f su matin\u0117s sm\u0117lio spalvos \u201eSorento D45FZW\u201c indaplov\u0117s priekiu. \u0160i rafinuota spalva suteiks subtilaus elegancijos prisilietim\u0105 bet kuriai erdvei, harmoningai der\u0117dama su daugybe kit\u0173 spalv\u0173 ir med\u017eiag\u0173. Tai puikus pasirinkimas tiems, kurie vertina subtil\u0173, bet stiling\u0105 interjero dizain\u0105.<\/p>\n<p>\u201eSorento D45FZW\u201c priekin\u0117s dalies funkcionalumas atitinka jos estetin\u012f patrauklum\u0105. Pagaminta i\u0161 patvarios laminuotos plok\u0161t\u0117s, ji yra atspari \u012fbr\u0117\u017eimams ir pa\u017eeidimams, tod\u0117l yra prakti\u0161kas sprendimas bet kuriai virtuvei. D\u0117l savo patvarumo ji daugel\u012f met\u0173 i\u0161liks puikios b\u016bkl\u0117s, u\u017etikrindama ilgalaik\u012f pasitenkinim\u0105 j\u016bs\u0173 investicija.<\/p>\n<p>Juodo metalo rankena \u2013 tai detal\u0117, pabr\u0117\u017eianti modern\u0173 baldo charakter\u012f ir kartu palengvinanti kasdien\u012f naudojim\u0105. Puikaus dyd\u017eio dizainas u\u017etikrina patogum\u0105 ir lengv\u0105 atidarym\u0105, o tai labai svarbu atliekant kasdienes virtuv\u0117s u\u017eduotis. Rankenos ir priekin\u0117s dalies montavimas yra ne\u012ftik\u0117tinai paprastas ir greitas, tod\u0117l gal\u0117site m\u0117gautis nauja virtuv\u0117s i\u0161vaizda beveik i\u0161 karto po \u012fsigijimo.<\/p>\n<p>\u201eSorento D45FZW\u201c priekin\u0117 dalis taip pat yra paprasto montavimo sinonimas. \u0160io elemento montavimas patiems yra paprasta u\u017eduotis, kuriai nereikia joki\u0173 specializuot\u0173 \u012franki\u0173 ar \u012fg\u016bd\u017ei\u0173. Tai leid\u017eia greitai suteikti virtuvei modernaus elegancijos, nereikalaujant profesionali\u0173 paslaug\u0173.<\/p>\n<p>Pasirinkdami matin\u0117s sm\u0117lio spalvos \u201eSorento\u201c indaplov\u0117s priekin\u0119 dal\u012f, investuojate \u012f gamin\u012f, kuris ne tik atliks pagrindines funkcijas, bet ir pagerins j\u016bs\u0173 virtuv\u0119, suteikdamas jai unikalaus charakterio ir stiliaus. Tai tobulas funkcionalumo ir estetikos derinys, patenkinsiantis net ir reikliausius vartotojus.<\/p>","protected":false},"excerpt":{"rendered":"<p>Plotis (cm): 45<br \/>\n\u016agis (cm): 71,3<br \/>\nGylis (cm): 18<\/p>","protected":false},"featured_media":161724,"comment_status":"open","ping_status":"open","template":"","meta":[],"product_brand":[],"product_cat":[9436,9251,4106],"product_tag":[],"class_list":{"0":"post-161723","1":"product","2":"type-product","3":"status-publish","4":"has-post-thumbnail","6":"product_cat-kitchen-system-sorento","7":"product_cat-musor","8":"product_cat-gala-meble","10":"first","11":"instock","12":"purchasable","13":"product-type-simple"},"_links":{"self":[{"href":"https:\/\/baldumarket.lt\/lt\/wp-json\/wp\/v2\/product\/161723","targetHints":{"allow":["GET"]}}],"collection":[{"href":"https:\/\/baldumarket.lt\/lt\/wp-json\/wp\/v2\/product"}],"about":[{"href":"https:\/\/baldumarket.lt\/lt\/wp-json\/wp\/v2\/types\/product"}],"replies":[{"embeddable":true,"href":"https:\/\/baldumarket.lt\/lt\/wp-json\/wp\/v2\/comments?post=161723"}],"wp:featuredmedia":[{"embeddable":true,"href":"https:\/\/baldumarket.lt\/lt\/wp-json\/wp\/v2\/media\/161724"}],"wp:attachment":[{"href":"https:\/\/baldumarket.lt\/lt\/wp-json\/wp\/v2\/media?parent=161723"}],"wp:term":[{"taxonomy":"product_brand","embeddable":true,"href":"https:\/\/baldumarket.lt\/lt\/wp-json\/wp\/v2\/product_brand?post=161723"},{"taxonomy":"product_cat","embeddable":true,"href":"https:\/\/baldumarket.lt\/lt\/wp-json\/wp\/v2\/product_cat?post=161723"},{"taxonomy":"product_tag","embeddable":true,"href":"https:\/\/baldumarket.lt\/lt\/wp-json\/wp\/v2\/product_tag?post=161723"}],"curies":[{"name":"wp","href":"https:\/\/api.w.org\/{rel}","templated":true}]}}