{"id":161718,"date":"2025-12-19T01:52:14","date_gmt":"2025-12-18T22:52:14","guid":{"rendered":"https:\/\/baldumarket.lt\/product\/front-zmywarki-45-cm-sorento-d45fzw-bialy-mat\/"},"modified":"2026-02-05T13:58:30","modified_gmt":"2026-02-05T10:58:30","slug":"front-zmywarki-45-cm-sorento-d45fzw-bialy-mat","status":"publish","type":"product","link":"https:\/\/baldumarket.lt\/lt\/product\/front-zmywarki-45-cm-sorento-d45fzw-bialy-mat\/","title":{"rendered":"Indaplov\u0117s priekin\u0117 dalis 45 cm Sorento D45FZW matin\u0117 balta"},"content":{"rendered":"<p>Pakelkite savo virtuv\u0119 \u012f kit\u0105 elegancijos ir modernumo lyg\u012f su \u012fsp\u016bdingos matin\u0117s baltos spalvos \u201eSorento D45FZW\u201c indaplov\u0117s priekiu. \u0160is dizaino elementas skland\u017eiai dera prie bet kokios erdv\u0117s, suteikdamas \u0161varos ir subtilumo, kurio reikia j\u016bs\u0173 virtuvei. Nesvarbu, koks j\u016bs\u0173 nam\u0173 stilius, balta spalva visada papildo bet kok\u012f fon\u0105, sukurdama harmoning\u0105 erdv\u0119. Subtili matin\u0117s baltos MDF plok\u0161t\u0117s tekst\u016bra pabr\u0117\u017eia jos nesenstant\u012f \u017eaves\u012f ir kartu suteikia tvirt\u0105 pagrind\u0105 j\u016bs\u0173 indaplovei. 45 cm plo\u010dio priekin\u0117 dalis sukurta atsi\u017evelgiant \u012f funkcionalum\u0105 ir estetik\u0105, u\u017etikrinant, kad kiekvienas maisto gaminimas ir ruo\u0161imas vykt\u0173 madingai. Paverskite savo virtuv\u0119 vieta, kuri kiekviename \u017eingsnyje d\u017eiugina modernia estetika. Gaminio funkcionalum\u0105 sustiprina eleganti\u0161kos aukso atspalvio metalin\u0117s rankenos, kurios suteikia visam dizainui prabangos. Jos leid\u017eia lengvai ir stilingai atidaryti ir u\u017edaryti indaplov\u0119. Auksiniai akcentai sukuria intriguojan\u010dius kontrastus, kurie patraukia ak\u012f ir suteikia erdvei \u017evilgesio, paversdami j\u016bs\u0173 virtuv\u0119 vieta, kurioje norite praleisti laik\u0105.<\/p>","protected":false},"excerpt":{"rendered":"<p>Plotis (cm): 45<br \/>\n\u016agis (cm): 71,3<br \/>\nGylis (cm): 18<\/p>","protected":false},"featured_media":161719,"comment_status":"open","ping_status":"open","template":"","meta":[],"product_brand":[],"product_cat":[9436,9251,4106],"product_tag":[],"class_list":{"0":"post-161718","1":"product","2":"type-product","3":"status-publish","4":"has-post-thumbnail","6":"product_cat-kitchen-system-sorento","7":"product_cat-musor","8":"product_cat-gala-meble","10":"first","11":"instock","12":"purchasable","13":"product-type-simple"},"_links":{"self":[{"href":"https:\/\/baldumarket.lt\/lt\/wp-json\/wp\/v2\/product\/161718","targetHints":{"allow":["GET"]}}],"collection":[{"href":"https:\/\/baldumarket.lt\/lt\/wp-json\/wp\/v2\/product"}],"about":[{"href":"https:\/\/baldumarket.lt\/lt\/wp-json\/wp\/v2\/types\/product"}],"replies":[{"embeddable":true,"href":"https:\/\/baldumarket.lt\/lt\/wp-json\/wp\/v2\/comments?post=161718"}],"wp:featuredmedia":[{"embeddable":true,"href":"https:\/\/baldumarket.lt\/lt\/wp-json\/wp\/v2\/media\/161719"}],"wp:attachment":[{"href":"https:\/\/baldumarket.lt\/lt\/wp-json\/wp\/v2\/media?parent=161718"}],"wp:term":[{"taxonomy":"product_brand","embeddable":true,"href":"https:\/\/baldumarket.lt\/lt\/wp-json\/wp\/v2\/product_brand?post=161718"},{"taxonomy":"product_cat","embeddable":true,"href":"https:\/\/baldumarket.lt\/lt\/wp-json\/wp\/v2\/product_cat?post=161718"},{"taxonomy":"product_tag","embeddable":true,"href":"https:\/\/baldumarket.lt\/lt\/wp-json\/wp\/v2\/product_tag?post=161718"}],"curies":[{"name":"wp","href":"https:\/\/api.w.org\/{rel}","templated":true}]}}