{"id":161710,"date":"2025-12-19T01:51:59","date_gmt":"2025-12-18T22:51:59","guid":{"rendered":"https:\/\/baldumarket.lt\/product\/front-zmywarki-45-cm-sorento-d45fzw-green\/"},"modified":"2026-02-05T13:58:30","modified_gmt":"2026-02-05T10:58:30","slug":"front-zmywarki-45-cm-sorento-d45fzw-green","status":"publish","type":"product","link":"https:\/\/baldumarket.lt\/lt\/product\/front-zmywarki-45-cm-sorento-d45fzw-green\/","title":{"rendered":"Indaplov\u0117 su priekine dalimi, 45 cm, Sorento D45FZW, \u017ealia"},"content":{"rendered":"<p>Atraskite stulbinant\u012f \u201eSorento D45FZW\u201c indaplov\u0117s priekin\u0117s dalies dizain\u0105, kuris suteiks elegancijos bet kuriai virtuvei. Matin\u0117 balta spalva harmoningai dera su \u017ealiu akcentu, sukurdama modern\u0173 vaizd\u0105, kuris traukia ak\u012f ir suteikia j\u016bs\u0173 erdvei gaivumo. Laminuotos plok\u0161t\u0117s ir juodos metalin\u0117s rankenos derinys suteikia ne tik \u017eavesio, bet ir patvarumo, u\u017etikrinant ilgalaik\u012f naudojim\u0105.<\/p>\n<p>\u0160is indaplov\u0117s priekis, kurio plotis yra 45 cm, auk\u0161tis 71 cm, o gylis \u2013 tik 18 cm, yra puikus sprendimas ma\u017eesn\u0117ms virtuv\u0117ms. D\u0117l kompakti\u0161ko dizaino jis puikiai tilps \u012f bet koki\u0105 \u012fmontuot\u0105 erdv\u0119, kartu u\u017etikrindamas funkcionalum\u0105 ir stili\u0173. Matin\u0117 \u017ealia spalva puikiai tinka tiems, kurie ie\u0161ko ka\u017eko unikalaus, kas pary\u0161kint\u0173 j\u0173 interjero charakter\u012f.<\/p>\n<p>\u201eSorento D45FZW\u201c priekin\u0117 dalis yra ne tik esteti\u0161kai patraukli, bet ir atspari pa\u017eeidimams, tod\u0117l tai prakti\u0161kas pasirinkimas kasdieniam naudojimui. 18 mm storio laminuota plok\u0161t\u0117 u\u017etikrina ne tik patvarum\u0105, bet ir lengv\u0105 prie\u017ei\u016br\u0105. Tiesiog nuvalykite j\u0105 dr\u0117gnu skudur\u0117liu, kad estetinis patrauklumas ilgiau i\u0161likt\u0173. \u0160is gaminys \u2013 tobulas elegancijos ir funkcionalumo derinys virtuv\u0117je.<\/p>\n<p>Savaranki\u0161kas \u201eSorento\u201c indaplov\u0117s priekin\u0117s dalies surinkimas yra ne\u012ftik\u0117tinai paprastas, tod\u0117l sutaupote laiko ir pinig\u0173. Rinkinyje yra viskas, ko reikia norint paruo\u0161ti priekin\u0119 dal\u012f patiems, tod\u0117l tai padaryti lengva kiekvienam (net ir ma\u017eiausiai patyrusiam \u201epasidaryk pats\u201c entuziastui). Su \u201eSorento D45FZW\u201c priekine dalimi suteikite savo virtuvei stiliaus ir funkcionalumo ir m\u0117gaukit\u0117s unikaliu interjeru kiekvien\u0105 dien\u0105!<\/p>","protected":false},"excerpt":{"rendered":"<p>Plotis (cm): 45<br \/>\n\u016agis (cm): 71<br \/>\nGylis (cm): 18<\/p>","protected":false},"featured_media":161711,"comment_status":"open","ping_status":"open","template":"","meta":[],"product_brand":[],"product_cat":[9436,9251,4106],"product_tag":[],"class_list":{"0":"post-161710","1":"product","2":"type-product","3":"status-publish","4":"has-post-thumbnail","6":"product_cat-kitchen-system-sorento","7":"product_cat-musor","8":"product_cat-gala-meble","10":"first","11":"instock","12":"purchasable","13":"product-type-simple"},"_links":{"self":[{"href":"https:\/\/baldumarket.lt\/lt\/wp-json\/wp\/v2\/product\/161710","targetHints":{"allow":["GET"]}}],"collection":[{"href":"https:\/\/baldumarket.lt\/lt\/wp-json\/wp\/v2\/product"}],"about":[{"href":"https:\/\/baldumarket.lt\/lt\/wp-json\/wp\/v2\/types\/product"}],"replies":[{"embeddable":true,"href":"https:\/\/baldumarket.lt\/lt\/wp-json\/wp\/v2\/comments?post=161710"}],"wp:featuredmedia":[{"embeddable":true,"href":"https:\/\/baldumarket.lt\/lt\/wp-json\/wp\/v2\/media\/161711"}],"wp:attachment":[{"href":"https:\/\/baldumarket.lt\/lt\/wp-json\/wp\/v2\/media?parent=161710"}],"wp:term":[{"taxonomy":"product_brand","embeddable":true,"href":"https:\/\/baldumarket.lt\/lt\/wp-json\/wp\/v2\/product_brand?post=161710"},{"taxonomy":"product_cat","embeddable":true,"href":"https:\/\/baldumarket.lt\/lt\/wp-json\/wp\/v2\/product_cat?post=161710"},{"taxonomy":"product_tag","embeddable":true,"href":"https:\/\/baldumarket.lt\/lt\/wp-json\/wp\/v2\/product_tag?post=161710"}],"curies":[{"name":"wp","href":"https:\/\/api.w.org\/{rel}","templated":true}]}}