{"id":161706,"date":"2025-12-19T01:51:51","date_gmt":"2025-12-18T22:51:51","guid":{"rendered":"https:\/\/baldumarket.lt\/product\/front-zmywarki-45-cm-sorento-d45fzw-puccini\/"},"modified":"2026-02-05T13:58:30","modified_gmt":"2026-02-05T10:58:30","slug":"front-zmywarki-45-cm-sorento-d45fzw-puccini","status":"publish","type":"product","link":"https:\/\/baldumarket.lt\/lt\/product\/front-zmywarki-45-cm-sorento-d45fzw-puccini\/","title":{"rendered":"Indaplov\u0117 su priekine dalimi, 45 cm, Sorento D45FZW Puccini"},"content":{"rendered":"<p>Elegancija ir funkcionalumas susitinka \u201ePuccini Sorento D45FZW\u201c indaplov\u0117s priekin\u0117je dalyje, kuri bet kuriai virtuvei suteikia modern\u0173 ir stiling\u0105 vaizd\u0105. Rafinuota \u201ePuccini\u201c spalva suteikia elegancijos, subtiliai pabr\u0117\u017edama interjero charakter\u012f. Tai puikus pasirinkimas tiems, kurie nori derinti estetik\u0105 su prakti\u0161kumu, kurdami erdv\u0119, harmoningai atspindin\u010di\u0105 j\u0173 asmenin\u012f stili\u0173.<\/p>\n<p>Pagaminta i\u0161 auk\u0161tos kokyb\u0117s laminuotos plok\u0161t\u0117s, priekin\u0117 dalis pasi\u017eymi i\u0161skirtiniu atsparumu pa\u017eeidimams ir lengva prie\u017ei\u016bra. Tai patikimas sprendimas, kuris atlaikys kasdienio naudojimo reikalavimus ir daugel\u012f met\u0173 i\u0161laikys gra\u017ei\u0105 i\u0161vaizd\u0105. Nepriklausomai nuo j\u016bs\u0173 virtuv\u0117s dekoro, \u201eSorento D45FZW\u201c indaplov\u0117s priekin\u0117 dalis d\u0117l savo universalios ir eleganti\u0161kos estetikos papildys bet kok\u012f stili\u0173.<\/p>\n<p>Juoda metalin\u0117 rankena ne tik suteikia modernumo, bet ir u\u017etikrina paprast\u0105 naudojim\u0105. Jos d\u0117ka paprastumas ir prakti\u0161kumas tampa nepakei\u010diamomis savyb\u0117mis. Priekin\u0117s dalies montavimas yra labai paprastas \u2013 galite j\u0105 sumontuoti patys vos keliais \u017eingsniais, nereikalaujant profesionalo pagalbos.<\/p>\n<p>\u201ePuccini Sorento D45FZW\u201c indaplov\u0117s priekin\u0117 dalis yra ne tik dekoratyvin\u0117 detal\u0117, bet ir funkcionalus elementas, kuris suteiks j\u016bs\u0173 virtuvei charakterio. D\u0117l gerai apgalvoto dizaino ir puikaus meistri\u0161kumo \u0161is sprendimas puikiai tinka tiems, kurie vertina kokyb\u0119 ir modern\u0173 dizain\u0105. Gro\u017eio ir prakti\u0161kumo derinys pavers j\u016bs\u0173 virtuv\u0119 vieta, kur kasdieniai darbai taps malonumu.<\/p>","protected":false},"excerpt":{"rendered":"<p>Plotis (cm): 45<br \/>\n\u016agis (cm): 71,3<br \/>\nGylis (cm): 18<\/p>","protected":false},"featured_media":161707,"comment_status":"open","ping_status":"open","template":"","meta":[],"product_brand":[],"product_cat":[9436,9251,4106],"product_tag":[],"class_list":{"0":"post-161706","1":"product","2":"type-product","3":"status-publish","4":"has-post-thumbnail","6":"product_cat-kitchen-system-sorento","7":"product_cat-musor","8":"product_cat-gala-meble","10":"first","11":"instock","12":"purchasable","13":"product-type-simple"},"_links":{"self":[{"href":"https:\/\/baldumarket.lt\/lt\/wp-json\/wp\/v2\/product\/161706","targetHints":{"allow":["GET"]}}],"collection":[{"href":"https:\/\/baldumarket.lt\/lt\/wp-json\/wp\/v2\/product"}],"about":[{"href":"https:\/\/baldumarket.lt\/lt\/wp-json\/wp\/v2\/types\/product"}],"replies":[{"embeddable":true,"href":"https:\/\/baldumarket.lt\/lt\/wp-json\/wp\/v2\/comments?post=161706"}],"wp:featuredmedia":[{"embeddable":true,"href":"https:\/\/baldumarket.lt\/lt\/wp-json\/wp\/v2\/media\/161707"}],"wp:attachment":[{"href":"https:\/\/baldumarket.lt\/lt\/wp-json\/wp\/v2\/media?parent=161706"}],"wp:term":[{"taxonomy":"product_brand","embeddable":true,"href":"https:\/\/baldumarket.lt\/lt\/wp-json\/wp\/v2\/product_brand?post=161706"},{"taxonomy":"product_cat","embeddable":true,"href":"https:\/\/baldumarket.lt\/lt\/wp-json\/wp\/v2\/product_cat?post=161706"},{"taxonomy":"product_tag","embeddable":true,"href":"https:\/\/baldumarket.lt\/lt\/wp-json\/wp\/v2\/product_tag?post=161706"}],"curies":[{"name":"wp","href":"https:\/\/api.w.org\/{rel}","templated":true}]}}