{"id":161704,"date":"2025-12-19T01:51:48","date_gmt":"2025-12-18T22:51:48","guid":{"rendered":"https:\/\/baldumarket.lt\/product\/front-zmywarki-45-cm-sorento-d45fzw-zielony\/"},"modified":"2026-02-05T13:58:16","modified_gmt":"2026-02-05T10:58:16","slug":"front-zmywarki-45-cm-sorento-d45fzw-zielony","status":"publish","type":"product","link":"https:\/\/baldumarket.lt\/lt\/product\/front-zmywarki-45-cm-sorento-d45fzw-zielony\/","title":{"rendered":"Indaplov\u0117 su priekine dalimi, 45 cm, Sorento D45FZW, \u017ealia"},"content":{"rendered":"<p>Patraukite kiekvieno virtuv\u0117s lankytojo d\u0117mes\u012f pasirinkdami 45 cm skersmens \u201eSorento D45FZW\u201c indaplov\u0117s priekin\u0119 dal\u012f ry\u0161kiai \u017ealios spalvos i\u0161 \u201eGa\u0142a Meble\u201c. \u0160is elementas yra ne tik prakti\u0161kas priedas, bet ir reik\u0161mingas stiliaus akcentas, pagyvinantis interjer\u0105 ir suteikiantis modernumo. \u017dalia spalva, \u0161vie\u017eumo ir gamtos simbolis, puikiai dera prie \u012fvairi\u0173 interjer\u0173 \u2013 nuo minimalistini\u0173 iki eklekti\u0161kesni\u0173.<\/p>\n<p>\u201eSorento\u201c indaplov\u0117s priekin\u0117s dalies dizain\u0105 \u012fkv\u0117p\u0117 funkcionali elegancija. D\u0117l laminuotos plok\u0161t\u0117s priekin\u0117 dalis yra atspari pa\u017eeidimams ir lengvai valoma, tod\u0117l tai idealus pasirinkimas tiems, kurie vertina komfort\u0105. \u0160i patvari med\u017eiaga taip pat suteikia esteti\u0161k\u0105 i\u0161vaizd\u0105, u\u017etikrindama ilgalaik\u012f malonum\u0105.<\/p>\n<p>Moderni juodo metalo rankena puikiai papildo bendr\u0105 dizain\u0105. Kontrastinga spalva suteikia i\u0161skirtin\u012f akcent\u0105, o tvirta konstrukcija u\u017etikrina ilgalaik\u012f patikimum\u0105. Pati rankena buvo sukurta galvojant apie patogum\u0105, kad kasdienis indaplov\u0117s naudojimas b\u016bt\u0173 lengvesnis.<\/p>\n<p>\u201eSorento D45FZW\u201c indaplov\u0117 su priekine durele sujungia estetik\u0105 ir funkcionalum\u0105, u\u017etikrindama ilgalaik\u012f malonum\u0105 ir skland\u0173 gyvenim\u0105. Papildomas privalumas \u2013 galimyb\u0117 surinkti j\u0105 patiems, tod\u0117l virtuv\u0117s pritaikymas tampa lengvesnis nei bet kada anks\u010diau. I\u0161 naujo atraskite savo interjero gro\u017e\u012f su \u0161iuo unikaliu elementu.<\/p>","protected":false},"excerpt":{"rendered":"<p>Plotis (cm): 45<br \/>\n\u016agis (cm): 71,3<br \/>\nGylis (cm): 18<\/p>","protected":false},"featured_media":161705,"comment_status":"open","ping_status":"open","template":"","meta":[],"product_brand":[],"product_cat":[9436,9251,4106],"product_tag":[],"class_list":{"0":"post-161704","1":"product","2":"type-product","3":"status-publish","4":"has-post-thumbnail","6":"product_cat-kitchen-system-sorento","7":"product_cat-musor","8":"product_cat-gala-meble","10":"first","11":"instock","12":"purchasable","13":"product-type-simple"},"_links":{"self":[{"href":"https:\/\/baldumarket.lt\/lt\/wp-json\/wp\/v2\/product\/161704","targetHints":{"allow":["GET"]}}],"collection":[{"href":"https:\/\/baldumarket.lt\/lt\/wp-json\/wp\/v2\/product"}],"about":[{"href":"https:\/\/baldumarket.lt\/lt\/wp-json\/wp\/v2\/types\/product"}],"replies":[{"embeddable":true,"href":"https:\/\/baldumarket.lt\/lt\/wp-json\/wp\/v2\/comments?post=161704"}],"wp:featuredmedia":[{"embeddable":true,"href":"https:\/\/baldumarket.lt\/lt\/wp-json\/wp\/v2\/media\/161705"}],"wp:attachment":[{"href":"https:\/\/baldumarket.lt\/lt\/wp-json\/wp\/v2\/media?parent=161704"}],"wp:term":[{"taxonomy":"product_brand","embeddable":true,"href":"https:\/\/baldumarket.lt\/lt\/wp-json\/wp\/v2\/product_brand?post=161704"},{"taxonomy":"product_cat","embeddable":true,"href":"https:\/\/baldumarket.lt\/lt\/wp-json\/wp\/v2\/product_cat?post=161704"},{"taxonomy":"product_tag","embeddable":true,"href":"https:\/\/baldumarket.lt\/lt\/wp-json\/wp\/v2\/product_tag?post=161704"}],"curies":[{"name":"wp","href":"https:\/\/api.w.org\/{rel}","templated":true}]}}