{"id":161699,"date":"2025-12-19T01:51:39","date_gmt":"2025-12-18T22:51:39","guid":{"rendered":"https:\/\/baldumarket.lt\/product\/front-zmywarki-45-cm-wysoki-d45fzw-prowansja-sosna-andersen\/"},"modified":"2026-02-08T11:53:56","modified_gmt":"2026-02-08T08:53:56","slug":"front-zmywarki-45-cm-wysoki-d45fzw-prowansja-sosna-andersen","status":"publish","type":"product","link":"https:\/\/baldumarket.lt\/lt\/product\/front-zmywarki-45-cm-wysoki-d45fzw-prowansja-sosna-andersen\/","title":{"rendered":"Indaplov\u0117s priekin\u0117 dalis, 45 cm auk\u0161tis, D45FZW, Provanso pu\u0161is, Andersen"},"content":{"rendered":"<p>\u012ene\u0161kite saul\u0117to Provanso atmosfer\u0105 \u012f savo virtuv\u0119 su unikalia \u201eGa\u0142a Meble\u201c indaplov\u0117s D45FZW priekine dalimi. Pagamintas i\u0161 tvirtos MDF plok\u0161t\u0117s, \u0161is baldas i\u0161siskiria subtiliu \u017eavesiu d\u0117l unikalios Anderseno pu\u0161ies apdailos. Tai puikus sprendimas tiems, kurie nori, kad j\u0173 virtuv\u0117 b\u016bt\u0173 harmonijos ir ramyb\u0117s vieta. Indaplov\u0117s priekis sukuria eleganti\u0161k\u0105, ta\u010diau jauki\u0105 atmosfer\u0105, kuri puikiai apib\u016bdina Provanso stili\u0173. Ry\u0161kios, nat\u016bralios spalvos gra\u017eiai dera su \u012fvairiais interjero dizainais, o kruop\u0161\u010dios detal\u0117s suteikia dizainui unikalumo. Stilingas priekin\u0117s dalies dizainas ne tik d\u017eiugina, bet ir pabr\u0117\u017eia unikal\u0173 j\u016bs\u0173 virtuv\u0117s charakter\u012f. Funkcionalumas yra \u0161io gaminio prigimtis. Indaplov\u0117s priekis buvo sukurtas galvojant apie lengv\u0105 montavim\u0105, taupant laik\u0105 ir energij\u0105. Juoda metalin\u0117 rankena puikiai kontrastuoja su \u0161viesiu pavir\u0161iumi ir u\u017etikrina komfort\u0105 naudojimo metu. Tai paver\u010dia kasdien\u012f indaplov\u0117s naudojim\u0105 tikru malonumu.<\/p>","protected":false},"excerpt":{"rendered":"<p>Plotis (cm): 45<br \/>\n\u016agis (cm): 71,3<br \/>\nKolekcija: Provanso virtuv\u0117<\/p>","protected":false},"featured_media":161700,"comment_status":"open","ping_status":"open","template":"","meta":[],"product_brand":[],"product_cat":[9444,9251,4106],"product_tag":[],"class_list":{"0":"post-161699","1":"product","2":"type-product","3":"status-publish","4":"has-post-thumbnail","6":"product_cat-kitchen-system-prowansja-sosna-andersen","7":"product_cat-musor","8":"product_cat-gala-meble","10":"first","11":"instock","12":"purchasable","13":"product-type-simple"},"_links":{"self":[{"href":"https:\/\/baldumarket.lt\/lt\/wp-json\/wp\/v2\/product\/161699","targetHints":{"allow":["GET"]}}],"collection":[{"href":"https:\/\/baldumarket.lt\/lt\/wp-json\/wp\/v2\/product"}],"about":[{"href":"https:\/\/baldumarket.lt\/lt\/wp-json\/wp\/v2\/types\/product"}],"replies":[{"embeddable":true,"href":"https:\/\/baldumarket.lt\/lt\/wp-json\/wp\/v2\/comments?post=161699"}],"wp:featuredmedia":[{"embeddable":true,"href":"https:\/\/baldumarket.lt\/lt\/wp-json\/wp\/v2\/media\/161700"}],"wp:attachment":[{"href":"https:\/\/baldumarket.lt\/lt\/wp-json\/wp\/v2\/media?parent=161699"}],"wp:term":[{"taxonomy":"product_brand","embeddable":true,"href":"https:\/\/baldumarket.lt\/lt\/wp-json\/wp\/v2\/product_brand?post=161699"},{"taxonomy":"product_cat","embeddable":true,"href":"https:\/\/baldumarket.lt\/lt\/wp-json\/wp\/v2\/product_cat?post=161699"},{"taxonomy":"product_tag","embeddable":true,"href":"https:\/\/baldumarket.lt\/lt\/wp-json\/wp\/v2\/product_tag?post=161699"}],"curies":[{"name":"wp","href":"https:\/\/api.w.org\/{rel}","templated":true}]}}