{"id":161695,"date":"2025-12-19T01:51:31","date_gmt":"2025-12-18T22:51:31","guid":{"rendered":"https:\/\/baldumarket.lt\/product\/front-zmywarki-45-cm-wysoki-d45fzw-sycylia-orzech\/"},"modified":"2026-02-08T11:30:10","modified_gmt":"2026-02-08T08:30:10","slug":"front-zmywarki-45-cm-wysoki-d45fzw-sycylia-orzech","status":"publish","type":"product","link":"https:\/\/baldumarket.lt\/lt\/product\/front-zmywarki-45-cm-wysoki-d45fzw-sycylia-orzech\/","title":{"rendered":"Indaplov\u0117s priekin\u0117 dalis, 45 cm auk\u0161\u010dio, D45FZW, Sicilijos rie\u0161uto spalvos"},"content":{"rendered":"<p>Pristatome Jums eleganti\u0161k\u0105 \u201eGa\u0142a Meble\u201c indaplov\u0117s D45FZW priek\u012f i\u0161 \u201eSicily Walnut\u201c kolekcijos. \u0160i unikali virtuv\u0117s detal\u0117 sukurta tam, kad J\u016bs\u0173 virtuvei suteikt\u0173 \u017eavesio ir rafinuoto stiliaus. \u201eMilano Walnut\u201c spalva \u2013 puikus pasirinkimas tiems, kurie vertina klasikin\u012f ir nesenstant\u012f interjer\u0105, spinduliuojant\u012f \u0161ilum\u0105 ir rafinuot\u0105 elegancij\u0105.<\/p>\n<p>Subtilus MDF plok\u0161t\u0117s, naudojamos priekin\u0117je dalyje, tekst\u016bra daro gamin\u012f ne tik esteti\u0161kai patraukl\u0173, bet ir patvar\u0173. 45 cm plo\u010dio ir 71,3 cm auk\u0161\u010dio priekin\u0117 dalis puikiai der\u0117s prie bet kurios virtuv\u0117s erdv\u0117s, suteikdama jai unikalaus charakterio. Tai puikus b\u016bdas atnaujinti indaplov\u0117s i\u0161vaizd\u0105 ir paversti j\u0105 neatsiejama j\u016bs\u0173 virtuv\u0117s dizaino dalimi.<\/p>\n<p>Rankena, pagaminta i\u0161 \u012fbr\u0117\u017eimams atsparaus sidabro spalvos plastiko, yra ne tik prakti\u0161ka, bet ir stilinga. Dizaino paprastumas ir elegancija leid\u017eia rankenai puikiai dera su visa priekine dalimi, sukurdama rafinuot\u0105 vizualin\u0119 kompozicij\u0105. Tai puiki detal\u0117 tiems, kurie vertina subtili\u0105, bet \u012fsp\u016bding\u0105 apdail\u0105.<\/p>\n<p>Priekin\u0117 dalis yra paprasta ir lengvai montuojama, tod\u0117l galite laisvai susikurti virtuv\u0117s erdv\u0119 pagal savo poreikius ir id\u0117jas. Pakeiskite savo virtuv\u0119 su \u201eGa\u0142a Meble\u201c indaplov\u0117s priekiu ir m\u0117gaukit\u0117s elegancija bei funkcionalumu kiekvien\u0105 dien\u0105. Tai investicija \u012f kokyb\u0119 ir stili\u0173, kuri atlaikys laiko i\u0161bandym\u0105.<\/p>","protected":false},"excerpt":{"rendered":"<p>Plotis (cm): 45<br \/>\n\u016agis (cm): 71,3<br \/>\nKolekcija: Virtuv\u0117 Sicily Walnut<\/p>","protected":false},"featured_media":161696,"comment_status":"open","ping_status":"open","template":"","meta":[],"product_brand":[],"product_cat":[9450,1043,4106],"product_tag":[],"class_list":{"0":"post-161695","1":"product","2":"type-product","3":"status-publish","4":"has-post-thumbnail","6":"product_cat-kitchen-system-sycylia-orzech-milano","7":"product_cat-extras","8":"product_cat-gala-meble","10":"first","11":"instock","12":"purchasable","13":"product-type-simple"},"_links":{"self":[{"href":"https:\/\/baldumarket.lt\/lt\/wp-json\/wp\/v2\/product\/161695","targetHints":{"allow":["GET"]}}],"collection":[{"href":"https:\/\/baldumarket.lt\/lt\/wp-json\/wp\/v2\/product"}],"about":[{"href":"https:\/\/baldumarket.lt\/lt\/wp-json\/wp\/v2\/types\/product"}],"replies":[{"embeddable":true,"href":"https:\/\/baldumarket.lt\/lt\/wp-json\/wp\/v2\/comments?post=161695"}],"wp:featuredmedia":[{"embeddable":true,"href":"https:\/\/baldumarket.lt\/lt\/wp-json\/wp\/v2\/media\/161696"}],"wp:attachment":[{"href":"https:\/\/baldumarket.lt\/lt\/wp-json\/wp\/v2\/media?parent=161695"}],"wp:term":[{"taxonomy":"product_brand","embeddable":true,"href":"https:\/\/baldumarket.lt\/lt\/wp-json\/wp\/v2\/product_brand?post=161695"},{"taxonomy":"product_cat","embeddable":true,"href":"https:\/\/baldumarket.lt\/lt\/wp-json\/wp\/v2\/product_cat?post=161695"},{"taxonomy":"product_tag","embeddable":true,"href":"https:\/\/baldumarket.lt\/lt\/wp-json\/wp\/v2\/product_tag?post=161695"}],"curies":[{"name":"wp","href":"https:\/\/api.w.org\/{rel}","templated":true}]}}