{"id":161690,"date":"2025-12-19T01:51:22","date_gmt":"2025-12-18T22:51:22","guid":{"rendered":"https:\/\/baldumarket.lt\/product\/front-zmywarki-60-cm-d60fzw-langen-grey\/"},"modified":"2026-02-08T10:46:05","modified_gmt":"2026-02-08T07:46:05","slug":"front-zmywarki-60-cm-d60fzw-langen-grey","status":"publish","type":"product","link":"https:\/\/baldumarket.lt\/lt\/product\/front-zmywarki-60-cm-d60fzw-langen-grey\/","title":{"rendered":"Indaplov\u0117 su priekine dalimi, 60 cm, D60FZW, pilka Langen"},"content":{"rendered":"<p>Suteikite savo virtuvei elegancijos ir funkcionalumo su \u201eD60FZW Langen Grey\u201c indaplov\u0117s priekiu. Stilingos matin\u0117s pilkos spalvos apdaila \u0161i priekin\u0117 dalis harmoningai \u012fsilies \u012f modern\u0173 interjer\u0105, suteikdama subtilaus \u017eavesio. MDF plok\u0161t\u0117 yra \u017einoma d\u0117l savo patvarumo ir atsparumo, tod\u0117l idealiai tinka intensyviai naudojamoms patalpoms. J\u016bs\u0173 indaplov\u0117 gali tapti ne tik prakti\u0161ku prietaisu, bet ir skoningu dekoratyviniu elementu. Minimalistinis \u0161ios priekin\u0117s dalies dizainas ir matin\u0117 tekst\u016bra sukuria puik\u0173 fon\u0105 kitiems j\u016bs\u0173 prietaisams ir \u012frangai, traukia ak\u012f ir vilioja savo paprastumu. D\u0117l universalaus 60 cm plo\u010dio ji lengvai telpa \u012f standartines indaploves. \u201eD60FZW Langen Grey\u201c priekin\u0117 dalis turi dvi ranken\u0117li\u0173 parinktis, leid\u017eian\u010dias pritaikyti j\u0105 prie j\u016bs\u0173 stiliaus. Rinkit\u0117s klasikin\u0119 juod\u0105 metalin\u0119 ranken\u0105, kad sukurtum\u0117te papildom\u0105 kontrast\u0105 ir efekt\u0105, arba rinkit\u0117s atidarymo spustel\u0117jus sistem\u0105, kad gautum\u0117te moderni\u0105 apdail\u0105 be ranken\u0117li\u0173. \u0160is virtuv\u0117s elementas tikrai prisitaiko prie j\u016bs\u0173 poreiki\u0173 ir pageidavim\u0173.<\/p>","protected":false},"excerpt":{"rendered":"<p>Plotis (cm): 60<br \/>\n\u016agis (cm): 71,3<br \/>\nKolekcija: Langen Grey Kitchen<\/p>","protected":false},"featured_media":161691,"comment_status":"open","ping_status":"open","template":"","meta":[],"product_brand":[],"product_cat":[9449,1043,4106],"product_tag":[],"class_list":{"0":"post-161690","1":"product","2":"type-product","3":"status-publish","4":"has-post-thumbnail","6":"product_cat-kitchen-system-langen-beige-dab-artisan","7":"product_cat-extras","8":"product_cat-gala-meble","10":"first","11":"instock","12":"purchasable","13":"product-type-simple"},"_links":{"self":[{"href":"https:\/\/baldumarket.lt\/lt\/wp-json\/wp\/v2\/product\/161690","targetHints":{"allow":["GET"]}}],"collection":[{"href":"https:\/\/baldumarket.lt\/lt\/wp-json\/wp\/v2\/product"}],"about":[{"href":"https:\/\/baldumarket.lt\/lt\/wp-json\/wp\/v2\/types\/product"}],"replies":[{"embeddable":true,"href":"https:\/\/baldumarket.lt\/lt\/wp-json\/wp\/v2\/comments?post=161690"}],"wp:featuredmedia":[{"embeddable":true,"href":"https:\/\/baldumarket.lt\/lt\/wp-json\/wp\/v2\/media\/161691"}],"wp:attachment":[{"href":"https:\/\/baldumarket.lt\/lt\/wp-json\/wp\/v2\/media?parent=161690"}],"wp:term":[{"taxonomy":"product_brand","embeddable":true,"href":"https:\/\/baldumarket.lt\/lt\/wp-json\/wp\/v2\/product_brand?post=161690"},{"taxonomy":"product_cat","embeddable":true,"href":"https:\/\/baldumarket.lt\/lt\/wp-json\/wp\/v2\/product_cat?post=161690"},{"taxonomy":"product_tag","embeddable":true,"href":"https:\/\/baldumarket.lt\/lt\/wp-json\/wp\/v2\/product_tag?post=161690"}],"curies":[{"name":"wp","href":"https:\/\/api.w.org\/{rel}","templated":true}]}}