{"id":161686,"date":"2025-12-19T01:51:15","date_gmt":"2025-12-18T22:51:15","guid":{"rendered":"https:\/\/baldumarket.lt\/product\/front-zmywarki-60-cm-d60fzn-aspen-grey-szary-polysk\/"},"modified":"2026-02-06T19:54:21","modified_gmt":"2026-02-06T16:54:21","slug":"front-zmywarki-60-cm-d60fzn-aspen-grey-szary-polysk","status":"publish","type":"product","link":"https:\/\/baldumarket.lt\/lt\/product\/front-zmywarki-60-cm-d60fzn-aspen-grey-szary-polysk\/","title":{"rendered":"Indaplov\u0117s priekin\u0117 dalis 60 cm D60FZN drebul\u0117s pilka blizgi spalva"},"content":{"rendered":"<p>Atraskite elegancij\u0105 ir modern\u0173 dizain\u0105 su D60FZN Aspen Grey indaplov\u0117s priekiu. \u0160i unikali, blizgi pilka spalva puikiai tinka minimalistinio stiliaus m\u0117g\u0117jams, suteikianti subtilaus spindesio bet kokiam interjerui. Ji skland\u017eiai dera su \u012fvairiais virtuv\u0117s dizainais, suteikdama klas\u0117s ir rafinuotumo.<\/p>\n<p>MDF priekin\u0117 dalis garantuoja ne tik patvarum\u0105, bet ir estetin\u012f patrauklum\u0105 ilgus metus. Matin\u0117 tekst\u016bra ne tik pabr\u0117\u017eia modern\u0173 gaminio charakter\u012f, bet ir leid\u017eia j\u012f lengvai valyti. Tai puikus sprendimas tiems, kurie vertina funkcionalum\u0105 kasdieniame naudojime.<\/p>\n<p>Suteikite savo virtuvei unikal\u0173 charakter\u012f su \u0161iuo pilku fasadu, kuris puikiai papildys kitus \u012frenginius. Rafinuotos proporcijos ir blizgi spalva harmoningai papildo aplink\u0105, neu\u017ego\u017eia erdv\u0117s ir suteikia gaivumo.<\/p>\n<p>Savaranki\u0161kas surinkimas yra papildomas privalumas, leid\u017eiantis greitai ir lengvai pertvarkyti virtuv\u0119. D\u0117l intuityvaus dizaino montavimas yra itin paprastas, tod\u0117l galite greitai \u012fgyvendinti savo vizij\u0105 ir unikal\u0173 virtuv\u0117s stili\u0173. Pasiekite tobul\u0105 erdv\u0117s \u012frengim\u0105 su \u201eGa\u0142a Meble\u201c!<\/p>","protected":false},"excerpt":{"rendered":"<p>Plotis (cm): 60<br \/>\n\u016agis (cm): 57<br \/>\nKolekcija: Aspen Grey virtuv\u0117<\/p>","protected":false},"featured_media":161687,"comment_status":"open","ping_status":"open","template":"","meta":[],"product_brand":[],"product_cat":[9451,9251,4106],"product_tag":[],"class_list":{"0":"post-161686","1":"product","2":"type-product","3":"status-publish","4":"has-post-thumbnail","6":"product_cat-kitchen-system-aspen-grey","7":"product_cat-musor","8":"product_cat-gala-meble","10":"first","11":"instock","12":"purchasable","13":"product-type-simple"},"_links":{"self":[{"href":"https:\/\/baldumarket.lt\/lt\/wp-json\/wp\/v2\/product\/161686","targetHints":{"allow":["GET"]}}],"collection":[{"href":"https:\/\/baldumarket.lt\/lt\/wp-json\/wp\/v2\/product"}],"about":[{"href":"https:\/\/baldumarket.lt\/lt\/wp-json\/wp\/v2\/types\/product"}],"replies":[{"embeddable":true,"href":"https:\/\/baldumarket.lt\/lt\/wp-json\/wp\/v2\/comments?post=161686"}],"wp:featuredmedia":[{"embeddable":true,"href":"https:\/\/baldumarket.lt\/lt\/wp-json\/wp\/v2\/media\/161687"}],"wp:attachment":[{"href":"https:\/\/baldumarket.lt\/lt\/wp-json\/wp\/v2\/media?parent=161686"}],"wp:term":[{"taxonomy":"product_brand","embeddable":true,"href":"https:\/\/baldumarket.lt\/lt\/wp-json\/wp\/v2\/product_brand?post=161686"},{"taxonomy":"product_cat","embeddable":true,"href":"https:\/\/baldumarket.lt\/lt\/wp-json\/wp\/v2\/product_cat?post=161686"},{"taxonomy":"product_tag","embeddable":true,"href":"https:\/\/baldumarket.lt\/lt\/wp-json\/wp\/v2\/product_tag?post=161686"}],"curies":[{"name":"wp","href":"https:\/\/api.w.org\/{rel}","templated":true}]}}