{"id":161683,"date":"2025-12-19T01:51:09","date_gmt":"2025-12-18T22:51:09","guid":{"rendered":"https:\/\/baldumarket.lt\/product\/front-zmywarki-60-cm-d60fzn-aspen-white-bialy-polysk\/"},"modified":"2026-02-08T11:24:02","modified_gmt":"2026-02-08T08:24:02","slug":"front-zmywarki-60-cm-d60fzn-aspen-white-bialy-polysk","status":"publish","type":"product","link":"https:\/\/baldumarket.lt\/lt\/product\/front-zmywarki-60-cm-d60fzn-aspen-white-bialy-polysk\/","title":{"rendered":"Indaplov\u0117 su priekine dalimi, 60 cm, D60FZN, drebul\u0117s baltumo, blizgios baltos spalvos"},"content":{"rendered":"<p>Atraskite nesenstant\u012f modernaus interjero \u017eaves\u012f su D60FZN indaplov\u0117s priekiu Aspen White spalvos. \u0160is eleganti\u0161kas \u201eGa\u0142a Meble\u201c baldas ne tik puikiai papildys j\u016bs\u0173 virtuv\u0119, bet ir taps stilingu akcentu, kuris suteiks i\u0161skirtinio spindesio bet kuriam kambariui. Sukurtas harmoningai derinant funkcionalum\u0105 ir estetik\u0105, blizgus baltas priekis pritraukia \u0161vies\u0105, suteikdamas erdvei vizualinio lengvumo ir gaivumo.<\/p>\n<p>Kruop\u0161\u010diai pagaminta i\u0161 auk\u0161tos kokyb\u0117s MDF plok\u0161t\u0117s, ji u\u017etikrina patvarum\u0105 ir atsparum\u0105 kasdieniam naudojimui. Lygus ir blizgus pavir\u0161ius ne tik atrodo nuostabiai, bet ir yra lengvai valomas, tod\u0117l tai puikus pasirinkimas visiems, kurie vertina prakti\u0161kus sprendimus su eleganti\u0161ku prisilietimu. D\u0117l neutralios spalvos priekin\u0117 dalis gra\u017eiai dera su \u012fvairiais interjero stiliais \u2013 nuo \u200b\u200bklasikinio iki itin modernaus.<\/p>\n<p>60 cm plo\u010dio ir 57 cm auk\u0161\u010dio \u201eAspen White\u201c indaplov\u0117s priekin\u0117 dalis sukurta taip, kad puikiai papildyt\u0173 \u0161iuolaikinius virtuv\u0117s standartus. Lengvai montuojama konstrukcija rei\u0161kia, kad galite lengvai atnaujinti savo virtuv\u0117s i\u0161vaizd\u0105 net ir netur\u0117dami specialios patirties. Leiskite savo k\u016brybinei transformacijai perimti vald\u017ei\u0105 ir pagerinti savo nam\u0173 kulinarijos centro estetik\u0105.<\/p>\n<p>Nesvarbu, ar svajojate apie visi\u0161k\u0105 renovacij\u0105, ar tiesiog norite papildyti esam\u0105 stili\u0173, \u201eAspen White\u201c indaplov\u0117s priekin\u0117 dalis yra puikus pasirinkimas, kuriame dera modernios tendencijos ir nesenstanti elegancija. Modernizuokite savo interjer\u0105, m\u0117gaudamiesi auk\u0161\u010diausia kokybe ir unikaliu dizainu, kuris kiekvien\u0105 dien\u0105 pavers unikalia vizualine patirtimi.<\/p>","protected":false},"excerpt":{"rendered":"<p>Plotis (cm): 60<br \/>\n\u016agis (cm): 57<br \/>\nKolekcija: Aspen White virtuv\u0117<\/p>","protected":false},"featured_media":161684,"comment_status":"open","ping_status":"open","template":"","meta":[],"product_brand":[],"product_cat":[9445,9251,4106],"product_tag":[],"class_list":{"0":"post-161683","1":"product","2":"type-product","3":"status-publish","4":"has-post-thumbnail","6":"product_cat-kitchen-system-aspen-white","7":"product_cat-musor","8":"product_cat-gala-meble","10":"first","11":"instock","12":"purchasable","13":"product-type-simple"},"_links":{"self":[{"href":"https:\/\/baldumarket.lt\/lt\/wp-json\/wp\/v2\/product\/161683","targetHints":{"allow":["GET"]}}],"collection":[{"href":"https:\/\/baldumarket.lt\/lt\/wp-json\/wp\/v2\/product"}],"about":[{"href":"https:\/\/baldumarket.lt\/lt\/wp-json\/wp\/v2\/types\/product"}],"replies":[{"embeddable":true,"href":"https:\/\/baldumarket.lt\/lt\/wp-json\/wp\/v2\/comments?post=161683"}],"wp:featuredmedia":[{"embeddable":true,"href":"https:\/\/baldumarket.lt\/lt\/wp-json\/wp\/v2\/media\/161684"}],"wp:attachment":[{"href":"https:\/\/baldumarket.lt\/lt\/wp-json\/wp\/v2\/media?parent=161683"}],"wp:term":[{"taxonomy":"product_brand","embeddable":true,"href":"https:\/\/baldumarket.lt\/lt\/wp-json\/wp\/v2\/product_brand?post=161683"},{"taxonomy":"product_cat","embeddable":true,"href":"https:\/\/baldumarket.lt\/lt\/wp-json\/wp\/v2\/product_cat?post=161683"},{"taxonomy":"product_tag","embeddable":true,"href":"https:\/\/baldumarket.lt\/lt\/wp-json\/wp\/v2\/product_tag?post=161683"}],"curies":[{"name":"wp","href":"https:\/\/api.w.org\/{rel}","templated":true}]}}