{"id":161680,"date":"2025-12-19T01:51:04","date_gmt":"2025-12-18T22:51:04","guid":{"rendered":"https:\/\/baldumarket.lt\/product\/front-zmywarki-60-cm-d60fzn-langen-artisan\/"},"modified":"2026-02-06T12:56:47","modified_gmt":"2026-02-06T09:56:47","slug":"front-zmywarki-60-cm-d60fzn-langen-artisan","status":"publish","type":"product","link":"https:\/\/baldumarket.lt\/lt\/product\/front-zmywarki-60-cm-d60fzn-langen-artisan\/","title":{"rendered":"Indaplov\u0117 su priekine 60 cm D60FZN Langen Artisan"},"content":{"rendered":"<p>Atraskite \u201eLangen Artisan D60FZN\u201c indaplov\u0117s priekin\u0119 dal\u012f, kuri ne tik eleganti\u0161kai papildys j\u016bs\u0173 virtuv\u0119, bet ir suteiks jai modernumo. Pagaminta i\u0161 eleganti\u0161ko \u201eArtisan Oak\u201c atspalvio laminuotos plok\u0161t\u0117s, \u0161i priekin\u0117 dalis pavers j\u016bs\u0173 virtuv\u0119 harmoninga ir stilinga erdve. Tai puikus pasirinkimas tiems, kurie vertina klasikin\u012f gro\u017e\u012f, derint\u0105 su \u0161iuolaikin\u0117s elegancijos prisilietimu.<\/p>\n<p>Unikali \u201eArtisan Oak\u201c spalva traukia ak\u012f ir pabr\u0117\u017eia kiekvien\u0105 j\u016bs\u0173 virtuv\u0117s detal\u0119. \u0160io atspalvio kaimi\u0161kas \u017eavesys puikiai dera tiek su \u0161viesiais, tiek su tamsiais dekoro elementais, sukurdamas \u0161ilumos ir jaukumo kupin\u0105 erdv\u0119. Tai spalva, kuri niekada nei\u0161eis i\u0161 mados ir visada atrodys gaiviai ir stilingai.<\/p>\n<p>\u201eLangen Artisan\u201c priekin\u0117s dalies funkcionalumas yra dar vienas jos privalumas. Indaplov\u0117s priekin\u0117 dalis, kuri\u0105 galima rinktis i\u0161 klasikin\u0117s juodo metalo rankenos arba modernios atidarymo spustel\u0117jus sistemos, puikiai dera prie \u012fvairi\u0173 interjero dizaino koncepcij\u0173. Nesvarbu, ar jums labiau patinka tradiciniai sprendimai, ar novatori\u0161kesnis po\u017ei\u016bris, \u0161i priekin\u0117 dalis pateisins j\u016bs\u0173 l\u016bkes\u010dius.<\/p>\n<p>Vien d\u0117l estetikos ir funkcionalumo \u0161is gaminys yra i\u0161skirtinis. Tvirta konstrukcija garantuoja ilgaam\u017ei\u0161kum\u0105 ir atsparum\u0105 kasdieniam naudojimui, o tai labai svarbu dinami\u0161koje virtuv\u0117s erdv\u0117je. Lengvai montuojamas, patogus be sud\u0117ting\u0173 instrukcij\u0173, o lengvas dizainas suteikia papildomo patogumo.<\/p>\n<p>\u201eLangen Artisan\u201c indaplov\u0117s priekin\u0117 dalis \u2013 puikus pasirinkimas visiems, norintiems viename gaminyje suderinti stili\u0173, funkcionalum\u0105 ir patvarum\u0105. Atraskite \u0161\u012f virtuv\u0117s aksesuar\u0105 ir pamatykite, kaip jis gali papildyti ir pakeisti j\u016bs\u0173 interjer\u0105.<\/p>","protected":false},"excerpt":{"rendered":"<p>Plotis (cm): 60<br \/>\n\u016agis (cm): 57<br \/>\nKolekcijaLangen Artisan Kitchen<\/p>","protected":false},"featured_media":161681,"comment_status":"open","ping_status":"open","template":"","meta":[],"product_brand":[],"product_cat":[9442,9251,4106],"product_tag":[],"class_list":{"0":"post-161680","1":"product","2":"type-product","3":"status-publish","4":"has-post-thumbnail","6":"product_cat-kitchen-system-langen-dab-artisan","7":"product_cat-musor","8":"product_cat-gala-meble","10":"first","11":"instock","12":"purchasable","13":"product-type-simple"},"_links":{"self":[{"href":"https:\/\/baldumarket.lt\/lt\/wp-json\/wp\/v2\/product\/161680","targetHints":{"allow":["GET"]}}],"collection":[{"href":"https:\/\/baldumarket.lt\/lt\/wp-json\/wp\/v2\/product"}],"about":[{"href":"https:\/\/baldumarket.lt\/lt\/wp-json\/wp\/v2\/types\/product"}],"replies":[{"embeddable":true,"href":"https:\/\/baldumarket.lt\/lt\/wp-json\/wp\/v2\/comments?post=161680"}],"wp:featuredmedia":[{"embeddable":true,"href":"https:\/\/baldumarket.lt\/lt\/wp-json\/wp\/v2\/media\/161681"}],"wp:attachment":[{"href":"https:\/\/baldumarket.lt\/lt\/wp-json\/wp\/v2\/media?parent=161680"}],"wp:term":[{"taxonomy":"product_brand","embeddable":true,"href":"https:\/\/baldumarket.lt\/lt\/wp-json\/wp\/v2\/product_brand?post=161680"},{"taxonomy":"product_cat","embeddable":true,"href":"https:\/\/baldumarket.lt\/lt\/wp-json\/wp\/v2\/product_cat?post=161680"},{"taxonomy":"product_tag","embeddable":true,"href":"https:\/\/baldumarket.lt\/lt\/wp-json\/wp\/v2\/product_tag?post=161680"}],"curies":[{"name":"wp","href":"https:\/\/api.w.org\/{rel}","templated":true}]}}