{"id":161676,"date":"2025-12-19T01:50:56","date_gmt":"2025-12-18T22:50:56","guid":{"rendered":"https:\/\/baldumarket.lt\/product\/front-zmywarki-60-cm-d60fzn-langen-beige\/"},"modified":"2026-02-06T13:41:51","modified_gmt":"2026-02-06T10:41:51","slug":"front-zmywarki-60-cm-d60fzn-langen-beige","status":"publish","type":"product","link":"https:\/\/baldumarket.lt\/lt\/product\/front-zmywarki-60-cm-d60fzn-langen-beige\/","title":{"rendered":"Indaplov\u0117s priekis 60 cm D60FZN Langen Beige"},"content":{"rendered":"<p>Pristatome \u201eGa\u0142a Meble\u201c indaplov\u0117s priekin\u0119 dal\u012f \u201eLangen Beige\u201c \u2013 tobul\u0105 b\u016bd\u0105 subtiliai atnaujinti savo virtuv\u0119. \u0160i eleganti\u0161ka priekin\u0117 dalis atrodo ne\u012ftik\u0117tinai stilingai d\u0117l matin\u0117s apdailos ir subtilaus sm\u0117lio spalvos atspalvio, kuris lengvai prisitaiko prie \u012fvairi\u0173 interjero dizain\u0173, suteikdamas erdvei klas\u0117s ir \u0161ilumos.<\/p>\n<p>\u201eLangen Beige\u201c fasado estetin\u0117s savyb\u0117s slypi minimalistiniame dizaine, spinduliuojan\u010diame nesenstant\u012f gro\u017e\u012f. Sm\u0117lio spalvos atspalvis puikiai tinka nat\u016brali\u0173 spalv\u0173 m\u0117g\u0117jams, kurie gali sukurti rami\u0105, harmoning\u0105 atmosfer\u0105. Ak\u012f traukian\u010dios detal\u0117s, tokios kaip juodos metalin\u0117s ranken\u0117l\u0117s, suteikia bendrai i\u0161vaizdai modernumo ir i\u0161rai\u0161kingumo.<\/p>\n<p>\u201eLangen Beige\u201c fasado funkcionalumas yra dar vienas privalumas, d\u0117l kurio verta investuoti \u012f \u0161\u012f gamin\u012f. Tvirta MDF konstrukcija u\u017etikrina patvarum\u0105 ir leid\u017eia lengvai valyti, o tai yra labai svarbu norint i\u0161laikyti nepriekai\u0161ting\u0105 j\u016bs\u0173 virtuv\u0117s i\u0161vaizd\u0105. \u0160is sprendimas kasdienius darbus paver\u010dia malonesniais ir ma\u017eiau varginan\u010diais.<\/p>\n<p>Vertinantiems rafinuotas detales, \u201eLangen Beige\u201c spalvos indaplov\u0117s priekin\u0117 dalis u\u017etikrina lengv\u0105 montavim\u0105. Tai leid\u017eia patiems pertvarkyti virtuv\u0119, nereikalaujant profesionali\u0173 paslaug\u0173. Tai puikus pasirinkimas tiems, kurie nori lengvai pakeisti savo erdv\u0117s i\u0161vaizd\u0105, i\u0161laikydami savo nam\u0173 stili\u0173.<\/p>","protected":false},"excerpt":{"rendered":"<p>Plotis (cm): 60<br \/>\n\u016agis (cm): 57<br \/>\nKolekcija: Langen Beige Kitchen<\/p>","protected":false},"featured_media":161677,"comment_status":"open","ping_status":"open","template":"","meta":[],"product_brand":[],"product_cat":[9449,9251,4106],"product_tag":[],"class_list":{"0":"post-161676","1":"product","2":"type-product","3":"status-publish","4":"has-post-thumbnail","6":"product_cat-kitchen-system-langen-beige-dab-artisan","7":"product_cat-musor","8":"product_cat-gala-meble","10":"first","11":"instock","12":"purchasable","13":"product-type-simple"},"_links":{"self":[{"href":"https:\/\/baldumarket.lt\/lt\/wp-json\/wp\/v2\/product\/161676","targetHints":{"allow":["GET"]}}],"collection":[{"href":"https:\/\/baldumarket.lt\/lt\/wp-json\/wp\/v2\/product"}],"about":[{"href":"https:\/\/baldumarket.lt\/lt\/wp-json\/wp\/v2\/types\/product"}],"replies":[{"embeddable":true,"href":"https:\/\/baldumarket.lt\/lt\/wp-json\/wp\/v2\/comments?post=161676"}],"wp:featuredmedia":[{"embeddable":true,"href":"https:\/\/baldumarket.lt\/lt\/wp-json\/wp\/v2\/media\/161677"}],"wp:attachment":[{"href":"https:\/\/baldumarket.lt\/lt\/wp-json\/wp\/v2\/media?parent=161676"}],"wp:term":[{"taxonomy":"product_brand","embeddable":true,"href":"https:\/\/baldumarket.lt\/lt\/wp-json\/wp\/v2\/product_brand?post=161676"},{"taxonomy":"product_cat","embeddable":true,"href":"https:\/\/baldumarket.lt\/lt\/wp-json\/wp\/v2\/product_cat?post=161676"},{"taxonomy":"product_tag","embeddable":true,"href":"https:\/\/baldumarket.lt\/lt\/wp-json\/wp\/v2\/product_tag?post=161676"}],"curies":[{"name":"wp","href":"https:\/\/api.w.org\/{rel}","templated":true}]}}